{"id":3904,"date":"2022-04-07T08:14:54","date_gmt":"2022-04-07T08:14:54","guid":{"rendered":"https:\/\/www.shop.kremlin.ch\/?post_type=product&#038;p=3904"},"modified":"2023-03-23T07:18:12","modified_gmt":"2023-03-23T07:18:12","slug":"akku-wassertank-fuer-rosetta","status":"publish","type":"product","link":"https:\/\/shop.kremlin.ch\/fr\/shop\/akku-wassertank-fuer-rosetta\/","title":{"rendered":"Akku Wassertank f\u00fcr Rosetta"},"content":{"rendered":"<p>Der\u00a030 Liter Tank mit dazu integrierter Wasserpumpe l\u00e4uft auf Kunststoffr\u00e4dern. Der Tank hat ausserdem den Vorteil, dass kein Wasseranschluss vorhanden sein muss. Sie k\u00f6nnen damit auch Additive beim Sandstrahlen mit dem\u00a0Rosetta Sandstrahlger\u00e4t\u00a0verwenden.\u00a0 So zum Beispiel Rostschutzmittel zumal beim Strahlen von Stahl, oder schliesslich ein Reinigungsmittel wie bspw. ein\u00a0Enzymreiniger\u00a0f\u00fcr Steinoberfl\u00e4chen. So bleiben diese damit immer sauber nach dem Strahlen. Der Verbrauch von Wasser ist sehr gering. Die 30 Liter Wasser im Tank reichen damit f\u00fcr viele Stunden Strahlarbeit.<\/p>\n<p>&nbsp;<\/p>\n<p>Der Wassertank ersetzt damit den Wasseranschluss.<br \/>\nAdditive k\u00f6nnen dann beigemischt werden.<br \/>\nBen\u00f6tigt dazu keinen Stromanschluss. Die integrierte Pumpe l\u00e4uft mi Akku.<br \/>\nWartungsfreier Betrieb.<br \/>\n2 Meter Gartenschlauch dabei f\u00fcr bequemes Einstecken.<\/p>\n","protected":false},"excerpt":{"rendered":"<p>Der\u00a030 Liter Tank mit dazu integrierter Wasserpumpe l\u00e4uft auf Kunststoffr\u00e4dern. Der Tank hat ausserdem den Vorteil, dass kein Wasseranschluss vorhanden\u2026<\/p>\n","protected":false},"featured_media":3915,"comment_status":"closed","ping_status":"closed","template":"","meta":[],"product_brand":[],"product_cat":[349],"product_tag":[],"class_list":{"0":"post-3904","1":"product","2":"type-product","3":"status-publish","4":"has-post-thumbnail","6":"product_cat-strahlzubehoer","8":"first","9":"instock","10":"taxable","11":"shipping-taxable","12":"purchasable","13":"product-type-simple"},"acf":[],"yoast_head":"<!-- This site is optimized with the Yoast SEO plugin v22.4 - https:\/\/yoast.com\/wordpress\/plugins\/seo\/ -->\n<title>Akku Wassertank f\u00fcr Rosetta - Shop Kremlin<\/title>\n<meta name=\"robots\" content=\"index, follow, max-snippet:-1, max-image-preview:large, max-video-preview:-1\" \/>\n<link rel=\"canonical\" href=\"https:\/\/shop.kremlin.ch\/fr\/shop\/akku-wassertank-fuer-rosetta\/\" \/>\n<meta property=\"og:locale\" content=\"fr_FR\" \/>\n<meta property=\"og:type\" content=\"article\" \/>\n<meta property=\"og:title\" content=\"Akku Wassertank f\u00fcr Rosetta - Shop Kremlin\" \/>\n<meta property=\"og:description\" content=\"Der\u00a030 Liter Tank mit dazu integrierter Wasserpumpe l\u00e4uft auf Kunststoffr\u00e4dern. Der Tank hat ausserdem den Vorteil, dass kein Wasseranschluss vorhanden\u2026\" \/>\n<meta property=\"og:url\" content=\"https:\/\/shop.kremlin.ch\/fr\/shop\/akku-wassertank-fuer-rosetta\/\" \/>\n<meta property=\"og:site_name\" content=\"Shop Kremlin\" \/>\n<meta property=\"article:publisher\" content=\"https:\/\/www.facebook.com\/klipsag\" \/>\n<meta property=\"article:modified_time\" content=\"2023-03-23T07:18:12+00:00\" \/>\n<meta property=\"og:image\" content=\"https:\/\/shop.kremlin.ch\/wp-content\/uploads\/2022\/04\/Wassertank-30-Liter-mit-Akku-klein.jpg\" \/>\n\t<meta property=\"og:image:width\" content=\"996\" \/>\n\t<meta property=\"og:image:height\" content=\"890\" \/>\n\t<meta property=\"og:image:type\" content=\"image\/jpeg\" \/>\n<meta name=\"twitter:card\" content=\"summary_large_image\" \/>\n<meta name=\"twitter:label1\" content=\"Dur\u00e9e de lecture estim\u00e9e\" \/>\n\t<meta name=\"twitter:data1\" content=\"1 minute\" \/>\n<script type=\"application\/ld+json\" class=\"yoast-schema-graph\">{\"@context\":\"https:\/\/schema.org\",\"@graph\":[{\"@type\":\"WebPage\",\"@id\":\"https:\/\/shop.kremlin.ch\/fr\/shop\/akku-wassertank-fuer-rosetta\/\",\"url\":\"https:\/\/shop.kremlin.ch\/fr\/shop\/akku-wassertank-fuer-rosetta\/\",\"name\":\"Akku Wassertank f\u00fcr Rosetta - Shop Kremlin\",\"isPartOf\":{\"@id\":\"https:\/\/shop.kremlin.ch\/fr\/#website\"},\"primaryImageOfPage\":{\"@id\":\"https:\/\/shop.kremlin.ch\/fr\/shop\/akku-wassertank-fuer-rosetta\/#primaryimage\"},\"image\":{\"@id\":\"https:\/\/shop.kremlin.ch\/fr\/shop\/akku-wassertank-fuer-rosetta\/#primaryimage\"},\"thumbnailUrl\":\"https:\/\/shop.kremlin.ch\/wp-content\/uploads\/2022\/04\/Wassertank-30-Liter-mit-Akku-klein.jpg\",\"datePublished\":\"2022-04-07T08:14:54+00:00\",\"dateModified\":\"2023-03-23T07:18:12+00:00\",\"breadcrumb\":{\"@id\":\"https:\/\/shop.kremlin.ch\/fr\/shop\/akku-wassertank-fuer-rosetta\/#breadcrumb\"},\"inLanguage\":\"fr-FR\",\"potentialAction\":[{\"@type\":\"ReadAction\",\"target\":[\"https:\/\/shop.kremlin.ch\/fr\/shop\/akku-wassertank-fuer-rosetta\/\"]}]},{\"@type\":\"ImageObject\",\"inLanguage\":\"fr-FR\",\"@id\":\"https:\/\/shop.kremlin.ch\/fr\/shop\/akku-wassertank-fuer-rosetta\/#primaryimage\",\"url\":\"https:\/\/shop.kremlin.ch\/wp-content\/uploads\/2022\/04\/Wassertank-30-Liter-mit-Akku-klein.jpg\",\"contentUrl\":\"https:\/\/shop.kremlin.ch\/wp-content\/uploads\/2022\/04\/Wassertank-30-Liter-mit-Akku-klein.jpg\",\"width\":996,\"height\":890},{\"@type\":\"BreadcrumbList\",\"@id\":\"https:\/\/shop.kremlin.ch\/fr\/shop\/akku-wassertank-fuer-rosetta\/#breadcrumb\",\"itemListElement\":[{\"@type\":\"ListItem\",\"position\":1,\"name\":\"Startseite\",\"item\":\"https:\/\/shop.kremlin.ch\/fr\/boutique\/\"},{\"@type\":\"ListItem\",\"position\":2,\"name\":\"Boutique\",\"item\":\"https:\/\/shop.kremlin.ch\/fr\/boutique\/\"},{\"@type\":\"ListItem\",\"position\":3,\"name\":\"Akku Wassertank f\u00fcr Rosetta\"}]},{\"@type\":\"WebSite\",\"@id\":\"https:\/\/shop.kremlin.ch\/fr\/#website\",\"url\":\"https:\/\/shop.kremlin.ch\/fr\/\",\"name\":\"Shop Kremlin\",\"description\":\"Spritzger\u00e4te und Strahlger\u00e4te mit Zubeh\u00f6r\",\"publisher\":{\"@id\":\"https:\/\/shop.kremlin.ch\/fr\/#organization\"},\"potentialAction\":[{\"@type\":\"SearchAction\",\"target\":{\"@type\":\"EntryPoint\",\"urlTemplate\":\"https:\/\/shop.kremlin.ch\/fr\/?s={search_term_string}\"},\"query-input\":\"required name=search_term_string\"}],\"inLanguage\":\"fr-FR\"},{\"@type\":\"Organization\",\"@id\":\"https:\/\/shop.kremlin.ch\/fr\/#organization\",\"name\":\"Shop Kremlin\",\"url\":\"https:\/\/shop.kremlin.ch\/fr\/\",\"logo\":{\"@type\":\"ImageObject\",\"inLanguage\":\"fr-FR\",\"@id\":\"https:\/\/shop.kremlin.ch\/fr\/#\/schema\/logo\/image\/\",\"url\":\"https:\/\/www.shop.kremlin.ch\/wp-content\/uploads\/2022\/04\/logo.png\",\"contentUrl\":\"https:\/\/www.shop.kremlin.ch\/wp-content\/uploads\/2022\/04\/logo.png\",\"width\":506,\"height\":506,\"caption\":\"Shop Kremlin\"},\"image\":{\"@id\":\"https:\/\/shop.kremlin.ch\/fr\/#\/schema\/logo\/image\/\"},\"sameAs\":[\"https:\/\/www.facebook.com\/klipsag\",\"https:\/\/www.instagram.com\/k.lipsag\/\",\"https:\/\/www.youtube.com\/c\/KLipsAG\",\"https:\/\/www.tiktok.com\/@klipsag\",\"https:\/\/www.linkedin.com\/company\/k-lips-ag\/\"]}]}<\/script>\n<!-- \/ Yoast SEO plugin. -->","yoast_head_json":{"title":"Akku Wassertank f\u00fcr Rosetta - Shop Kremlin","robots":{"index":"index","follow":"follow","max-snippet":"max-snippet:-1","max-image-preview":"max-image-preview:large","max-video-preview":"max-video-preview:-1"},"canonical":"https:\/\/shop.kremlin.ch\/fr\/shop\/akku-wassertank-fuer-rosetta\/","og_locale":"fr_FR","og_type":"article","og_title":"Akku Wassertank f\u00fcr Rosetta - Shop Kremlin","og_description":"Der\u00a030 Liter Tank mit dazu integrierter Wasserpumpe l\u00e4uft auf Kunststoffr\u00e4dern. Der Tank hat ausserdem den Vorteil, dass kein Wasseranschluss vorhanden\u2026","og_url":"https:\/\/shop.kremlin.ch\/fr\/shop\/akku-wassertank-fuer-rosetta\/","og_site_name":"Shop Kremlin","article_publisher":"https:\/\/www.facebook.com\/klipsag","article_modified_time":"2023-03-23T07:18:12+00:00","og_image":[{"width":996,"height":890,"url":"https:\/\/shop.kremlin.ch\/wp-content\/uploads\/2022\/04\/Wassertank-30-Liter-mit-Akku-klein.jpg","type":"image\/jpeg"}],"twitter_card":"summary_large_image","twitter_misc":{"Dur\u00e9e de lecture estim\u00e9e":"1 minute"},"schema":{"@context":"https:\/\/schema.org","@graph":[{"@type":"WebPage","@id":"https:\/\/shop.kremlin.ch\/fr\/shop\/akku-wassertank-fuer-rosetta\/","url":"https:\/\/shop.kremlin.ch\/fr\/shop\/akku-wassertank-fuer-rosetta\/","name":"Akku Wassertank f\u00fcr Rosetta - Shop Kremlin","isPartOf":{"@id":"https:\/\/shop.kremlin.ch\/fr\/#website"},"primaryImageOfPage":{"@id":"https:\/\/shop.kremlin.ch\/fr\/shop\/akku-wassertank-fuer-rosetta\/#primaryimage"},"image":{"@id":"https:\/\/shop.kremlin.ch\/fr\/shop\/akku-wassertank-fuer-rosetta\/#primaryimage"},"thumbnailUrl":"https:\/\/shop.kremlin.ch\/wp-content\/uploads\/2022\/04\/Wassertank-30-Liter-mit-Akku-klein.jpg","datePublished":"2022-04-07T08:14:54+00:00","dateModified":"2023-03-23T07:18:12+00:00","breadcrumb":{"@id":"https:\/\/shop.kremlin.ch\/fr\/shop\/akku-wassertank-fuer-rosetta\/#breadcrumb"},"inLanguage":"fr-FR","potentialAction":[{"@type":"ReadAction","target":["https:\/\/shop.kremlin.ch\/fr\/shop\/akku-wassertank-fuer-rosetta\/"]}]},{"@type":"ImageObject","inLanguage":"fr-FR","@id":"https:\/\/shop.kremlin.ch\/fr\/shop\/akku-wassertank-fuer-rosetta\/#primaryimage","url":"https:\/\/shop.kremlin.ch\/wp-content\/uploads\/2022\/04\/Wassertank-30-Liter-mit-Akku-klein.jpg","contentUrl":"https:\/\/shop.kremlin.ch\/wp-content\/uploads\/2022\/04\/Wassertank-30-Liter-mit-Akku-klein.jpg","width":996,"height":890},{"@type":"BreadcrumbList","@id":"https:\/\/shop.kremlin.ch\/fr\/shop\/akku-wassertank-fuer-rosetta\/#breadcrumb","itemListElement":[{"@type":"ListItem","position":1,"name":"Startseite","item":"https:\/\/shop.kremlin.ch\/fr\/boutique\/"},{"@type":"ListItem","position":2,"name":"Boutique","item":"https:\/\/shop.kremlin.ch\/fr\/boutique\/"},{"@type":"ListItem","position":3,"name":"Akku Wassertank f\u00fcr Rosetta"}]},{"@type":"WebSite","@id":"https:\/\/shop.kremlin.ch\/fr\/#website","url":"https:\/\/shop.kremlin.ch\/fr\/","name":"Shop Kremlin","description":"Spritzger\u00e4te und Strahlger\u00e4te mit Zubeh\u00f6r","publisher":{"@id":"https:\/\/shop.kremlin.ch\/fr\/#organization"},"potentialAction":[{"@type":"SearchAction","target":{"@type":"EntryPoint","urlTemplate":"https:\/\/shop.kremlin.ch\/fr\/?s={search_term_string}"},"query-input":"required name=search_term_string"}],"inLanguage":"fr-FR"},{"@type":"Organization","@id":"https:\/\/shop.kremlin.ch\/fr\/#organization","name":"Shop Kremlin","url":"https:\/\/shop.kremlin.ch\/fr\/","logo":{"@type":"ImageObject","inLanguage":"fr-FR","@id":"https:\/\/shop.kremlin.ch\/fr\/#\/schema\/logo\/image\/","url":"https:\/\/www.shop.kremlin.ch\/wp-content\/uploads\/2022\/04\/logo.png","contentUrl":"https:\/\/www.shop.kremlin.ch\/wp-content\/uploads\/2022\/04\/logo.png","width":506,"height":506,"caption":"Shop Kremlin"},"image":{"@id":"https:\/\/shop.kremlin.ch\/fr\/#\/schema\/logo\/image\/"},"sameAs":["https:\/\/www.facebook.com\/klipsag","https:\/\/www.instagram.com\/k.lipsag\/","https:\/\/www.youtube.com\/c\/KLipsAG","https:\/\/www.tiktok.com\/@klipsag","https:\/\/www.linkedin.com\/company\/k-lips-ag\/"]}]}},"_links":{"self":[{"href":"https:\/\/shop.kremlin.ch\/fr\/wp-json\/wp\/v2\/product\/3904","targetHints":{"allow":["GET"]}}],"collection":[{"href":"https:\/\/shop.kremlin.ch\/fr\/wp-json\/wp\/v2\/product"}],"about":[{"href":"https:\/\/shop.kremlin.ch\/fr\/wp-json\/wp\/v2\/types\/product"}],"replies":[{"embeddable":true,"href":"https:\/\/shop.kremlin.ch\/fr\/wp-json\/wp\/v2\/comments?post=3904"}],"wp:featuredmedia":[{"embeddable":true,"href":"https:\/\/shop.kremlin.ch\/fr\/wp-json\/wp\/v2\/media\/3915"}],"wp:attachment":[{"href":"https:\/\/shop.kremlin.ch\/fr\/wp-json\/wp\/v2\/media?parent=3904"}],"wp:term":[{"taxonomy":"product_brand","embeddable":true,"href":"https:\/\/shop.kremlin.ch\/fr\/wp-json\/wp\/v2\/product_brand?post=3904"},{"taxonomy":"product_cat","embeddable":true,"href":"https:\/\/shop.kremlin.ch\/fr\/wp-json\/wp\/v2\/product_cat?post=3904"},{"taxonomy":"product_tag","embeddable":true,"href":"https:\/\/shop.kremlin.ch\/fr\/wp-json\/wp\/v2\/product_tag?post=3904"}],"curies":[{"name":"wp","href":"https:\/\/api.w.org\/{rel}","templated":true}]}}