{"id":3938,"date":"2022-05-18T12:11:36","date_gmt":"2022-05-18T12:11:36","guid":{"rendered":"https:\/\/www.shop.kremlin.ch\/?post_type=product&#038;p=3938"},"modified":"2022-11-24T16:00:39","modified_gmt":"2022-11-24T16:00:39","slug":"kremlin-airmix-35c50-wandmontage-komplett","status":"publish","type":"product","link":"https:\/\/shop.kremlin.ch\/fr\/shop\/kremlin-airmix-35c50-wandmontage-komplett\/","title":{"rendered":"Kremlin Airmix 35C50 Wandmontage komplett"},"content":{"rendered":"<p>Sames Kremlin Airmixanlage 35C25 komplett mit Spritzausr\u00fcstung als Wandmontage.<\/p>\n<p>B\u00e4renstarke Airmixanlage mit einer Druck\u00fcbersetzung von 35:1. Ideal f\u00fcr gr\u00f6ssere Lackierarbeiten auf L\u00f6semittelbasis und Wasserbasis. Besonders geeignet f\u00fcr High Solids.<\/p>\n<p>Es k\u00f6nnen bis zu zwei Airmixpistolen angeschlossen werden. Extra grosse Kugelventile f\u00fcr schwierigere Materialien mit hohem Festk\u00f6rpergehalt.<\/p>\n<p>Plug and Play Hydraulikteil, f\u00fcr ein sehr schnelles Wechseln der Farbstufe.<\/p>\n<p>Kann problemlos auch als Airlessanlage betrieben werden.<\/p>\n","protected":false},"excerpt":{"rendered":"<p>Sames Kremlin Airmixanlage 35C25 komplett mit Spritzausr\u00fcstung als Wandmontage. B\u00e4renstarke Airmixanlage mit einer Druck\u00fcbersetzung von 35:1. Ideal f\u00fcr gr\u00f6ssere Lackierarbeiten\u2026<\/p>\n","protected":false},"featured_media":3940,"comment_status":"open","ping_status":"closed","template":"","meta":[],"product_brand":[],"product_cat":[821],"product_tag":[],"class_list":{"0":"post-3938","1":"product","2":"type-product","3":"status-publish","4":"has-post-thumbnail","6":"product_cat-pumpen-airmix","8":"first","9":"instock","10":"taxable","11":"shipping-taxable","12":"purchasable","13":"product-type-simple"},"acf":[],"yoast_head":"<!-- This site is optimized with the Yoast SEO plugin v22.4 - https:\/\/yoast.com\/wordpress\/plugins\/seo\/ -->\n<title>Kremlin Airmix 35C50 Wandmontage komplett - Shop Kremlin<\/title>\n<meta name=\"robots\" content=\"index, follow, max-snippet:-1, max-image-preview:large, max-video-preview:-1\" \/>\n<link rel=\"canonical\" href=\"https:\/\/shop.kremlin.ch\/fr\/shop\/kremlin-airmix-35c50-wandmontage-komplett\/\" \/>\n<meta property=\"og:locale\" content=\"fr_FR\" \/>\n<meta property=\"og:type\" content=\"article\" \/>\n<meta property=\"og:title\" content=\"Kremlin Airmix 35C50 Wandmontage komplett - Shop Kremlin\" \/>\n<meta property=\"og:description\" content=\"Sames Kremlin Airmixanlage 35C25 komplett mit Spritzausr\u00fcstung als Wandmontage. B\u00e4renstarke Airmixanlage mit einer Druck\u00fcbersetzung von 35:1. Ideal f\u00fcr gr\u00f6ssere Lackierarbeiten\u2026\" \/>\n<meta property=\"og:url\" content=\"https:\/\/shop.kremlin.ch\/fr\/shop\/kremlin-airmix-35c50-wandmontage-komplett\/\" \/>\n<meta property=\"og:site_name\" content=\"Shop Kremlin\" \/>\n<meta property=\"article:publisher\" content=\"https:\/\/www.facebook.com\/klipsag\" \/>\n<meta property=\"article:modified_time\" content=\"2022-11-24T16:00:39+00:00\" \/>\n<meta property=\"og:image\" content=\"https:\/\/shop.kremlin.ch\/wp-content\/uploads\/2022\/05\/Kremlin-Airmix-35C50-Wandmontage-komplett.jpeg\" \/>\n\t<meta property=\"og:image:width\" content=\"1000\" \/>\n\t<meta property=\"og:image:height\" content=\"1000\" \/>\n\t<meta property=\"og:image:type\" content=\"image\/jpeg\" \/>\n<meta name=\"twitter:card\" content=\"summary_large_image\" \/>\n<meta name=\"twitter:label1\" content=\"Dur\u00e9e de lecture estim\u00e9e\" \/>\n\t<meta name=\"twitter:data1\" content=\"1 minute\" \/>\n<script type=\"application\/ld+json\" class=\"yoast-schema-graph\">{\"@context\":\"https:\/\/schema.org\",\"@graph\":[{\"@type\":\"WebPage\",\"@id\":\"https:\/\/shop.kremlin.ch\/fr\/shop\/kremlin-airmix-35c50-wandmontage-komplett\/\",\"url\":\"https:\/\/shop.kremlin.ch\/fr\/shop\/kremlin-airmix-35c50-wandmontage-komplett\/\",\"name\":\"Kremlin Airmix 35C50 Wandmontage komplett - Shop Kremlin\",\"isPartOf\":{\"@id\":\"https:\/\/shop.kremlin.ch\/fr\/#website\"},\"primaryImageOfPage\":{\"@id\":\"https:\/\/shop.kremlin.ch\/fr\/shop\/kremlin-airmix-35c50-wandmontage-komplett\/#primaryimage\"},\"image\":{\"@id\":\"https:\/\/shop.kremlin.ch\/fr\/shop\/kremlin-airmix-35c50-wandmontage-komplett\/#primaryimage\"},\"thumbnailUrl\":\"https:\/\/shop.kremlin.ch\/wp-content\/uploads\/2022\/05\/Kremlin-Airmix-35C50-Wandmontage-komplett.jpeg\",\"datePublished\":\"2022-05-18T12:11:36+00:00\",\"dateModified\":\"2022-11-24T16:00:39+00:00\",\"breadcrumb\":{\"@id\":\"https:\/\/shop.kremlin.ch\/fr\/shop\/kremlin-airmix-35c50-wandmontage-komplett\/#breadcrumb\"},\"inLanguage\":\"fr-FR\",\"potentialAction\":[{\"@type\":\"ReadAction\",\"target\":[\"https:\/\/shop.kremlin.ch\/fr\/shop\/kremlin-airmix-35c50-wandmontage-komplett\/\"]}]},{\"@type\":\"ImageObject\",\"inLanguage\":\"fr-FR\",\"@id\":\"https:\/\/shop.kremlin.ch\/fr\/shop\/kremlin-airmix-35c50-wandmontage-komplett\/#primaryimage\",\"url\":\"https:\/\/shop.kremlin.ch\/wp-content\/uploads\/2022\/05\/Kremlin-Airmix-35C50-Wandmontage-komplett.jpeg\",\"contentUrl\":\"https:\/\/shop.kremlin.ch\/wp-content\/uploads\/2022\/05\/Kremlin-Airmix-35C50-Wandmontage-komplett.jpeg\",\"width\":1000,\"height\":1000},{\"@type\":\"BreadcrumbList\",\"@id\":\"https:\/\/shop.kremlin.ch\/fr\/shop\/kremlin-airmix-35c50-wandmontage-komplett\/#breadcrumb\",\"itemListElement\":[{\"@type\":\"ListItem\",\"position\":1,\"name\":\"Startseite\",\"item\":\"https:\/\/shop.kremlin.ch\/fr\/boutique\/\"},{\"@type\":\"ListItem\",\"position\":2,\"name\":\"Boutique\",\"item\":\"https:\/\/shop.kremlin.ch\/fr\/boutique\/\"},{\"@type\":\"ListItem\",\"position\":3,\"name\":\"Kremlin Airmix 35C50 Wandmontage komplett\"}]},{\"@type\":\"WebSite\",\"@id\":\"https:\/\/shop.kremlin.ch\/fr\/#website\",\"url\":\"https:\/\/shop.kremlin.ch\/fr\/\",\"name\":\"Shop Kremlin\",\"description\":\"Spritzger\u00e4te und Strahlger\u00e4te mit Zubeh\u00f6r\",\"publisher\":{\"@id\":\"https:\/\/shop.kremlin.ch\/fr\/#organization\"},\"potentialAction\":[{\"@type\":\"SearchAction\",\"target\":{\"@type\":\"EntryPoint\",\"urlTemplate\":\"https:\/\/shop.kremlin.ch\/fr\/?s={search_term_string}\"},\"query-input\":\"required name=search_term_string\"}],\"inLanguage\":\"fr-FR\"},{\"@type\":\"Organization\",\"@id\":\"https:\/\/shop.kremlin.ch\/fr\/#organization\",\"name\":\"Shop Kremlin\",\"url\":\"https:\/\/shop.kremlin.ch\/fr\/\",\"logo\":{\"@type\":\"ImageObject\",\"inLanguage\":\"fr-FR\",\"@id\":\"https:\/\/shop.kremlin.ch\/fr\/#\/schema\/logo\/image\/\",\"url\":\"https:\/\/www.shop.kremlin.ch\/wp-content\/uploads\/2022\/04\/logo.png\",\"contentUrl\":\"https:\/\/www.shop.kremlin.ch\/wp-content\/uploads\/2022\/04\/logo.png\",\"width\":506,\"height\":506,\"caption\":\"Shop Kremlin\"},\"image\":{\"@id\":\"https:\/\/shop.kremlin.ch\/fr\/#\/schema\/logo\/image\/\"},\"sameAs\":[\"https:\/\/www.facebook.com\/klipsag\",\"https:\/\/www.instagram.com\/k.lipsag\/\",\"https:\/\/www.youtube.com\/c\/KLipsAG\",\"https:\/\/www.tiktok.com\/@klipsag\",\"https:\/\/www.linkedin.com\/company\/k-lips-ag\/\"]}]}<\/script>\n<!-- \/ Yoast SEO plugin. -->","yoast_head_json":{"title":"Kremlin Airmix 35C50 Wandmontage komplett - Shop Kremlin","robots":{"index":"index","follow":"follow","max-snippet":"max-snippet:-1","max-image-preview":"max-image-preview:large","max-video-preview":"max-video-preview:-1"},"canonical":"https:\/\/shop.kremlin.ch\/fr\/shop\/kremlin-airmix-35c50-wandmontage-komplett\/","og_locale":"fr_FR","og_type":"article","og_title":"Kremlin Airmix 35C50 Wandmontage komplett - Shop Kremlin","og_description":"Sames Kremlin Airmixanlage 35C25 komplett mit Spritzausr\u00fcstung als Wandmontage. B\u00e4renstarke Airmixanlage mit einer Druck\u00fcbersetzung von 35:1. Ideal f\u00fcr gr\u00f6ssere Lackierarbeiten\u2026","og_url":"https:\/\/shop.kremlin.ch\/fr\/shop\/kremlin-airmix-35c50-wandmontage-komplett\/","og_site_name":"Shop Kremlin","article_publisher":"https:\/\/www.facebook.com\/klipsag","article_modified_time":"2022-11-24T16:00:39+00:00","og_image":[{"width":1000,"height":1000,"url":"https:\/\/shop.kremlin.ch\/wp-content\/uploads\/2022\/05\/Kremlin-Airmix-35C50-Wandmontage-komplett.jpeg","type":"image\/jpeg"}],"twitter_card":"summary_large_image","twitter_misc":{"Dur\u00e9e de lecture estim\u00e9e":"1 minute"},"schema":{"@context":"https:\/\/schema.org","@graph":[{"@type":"WebPage","@id":"https:\/\/shop.kremlin.ch\/fr\/shop\/kremlin-airmix-35c50-wandmontage-komplett\/","url":"https:\/\/shop.kremlin.ch\/fr\/shop\/kremlin-airmix-35c50-wandmontage-komplett\/","name":"Kremlin Airmix 35C50 Wandmontage komplett - Shop Kremlin","isPartOf":{"@id":"https:\/\/shop.kremlin.ch\/fr\/#website"},"primaryImageOfPage":{"@id":"https:\/\/shop.kremlin.ch\/fr\/shop\/kremlin-airmix-35c50-wandmontage-komplett\/#primaryimage"},"image":{"@id":"https:\/\/shop.kremlin.ch\/fr\/shop\/kremlin-airmix-35c50-wandmontage-komplett\/#primaryimage"},"thumbnailUrl":"https:\/\/shop.kremlin.ch\/wp-content\/uploads\/2022\/05\/Kremlin-Airmix-35C50-Wandmontage-komplett.jpeg","datePublished":"2022-05-18T12:11:36+00:00","dateModified":"2022-11-24T16:00:39+00:00","breadcrumb":{"@id":"https:\/\/shop.kremlin.ch\/fr\/shop\/kremlin-airmix-35c50-wandmontage-komplett\/#breadcrumb"},"inLanguage":"fr-FR","potentialAction":[{"@type":"ReadAction","target":["https:\/\/shop.kremlin.ch\/fr\/shop\/kremlin-airmix-35c50-wandmontage-komplett\/"]}]},{"@type":"ImageObject","inLanguage":"fr-FR","@id":"https:\/\/shop.kremlin.ch\/fr\/shop\/kremlin-airmix-35c50-wandmontage-komplett\/#primaryimage","url":"https:\/\/shop.kremlin.ch\/wp-content\/uploads\/2022\/05\/Kremlin-Airmix-35C50-Wandmontage-komplett.jpeg","contentUrl":"https:\/\/shop.kremlin.ch\/wp-content\/uploads\/2022\/05\/Kremlin-Airmix-35C50-Wandmontage-komplett.jpeg","width":1000,"height":1000},{"@type":"BreadcrumbList","@id":"https:\/\/shop.kremlin.ch\/fr\/shop\/kremlin-airmix-35c50-wandmontage-komplett\/#breadcrumb","itemListElement":[{"@type":"ListItem","position":1,"name":"Startseite","item":"https:\/\/shop.kremlin.ch\/fr\/boutique\/"},{"@type":"ListItem","position":2,"name":"Boutique","item":"https:\/\/shop.kremlin.ch\/fr\/boutique\/"},{"@type":"ListItem","position":3,"name":"Kremlin Airmix 35C50 Wandmontage komplett"}]},{"@type":"WebSite","@id":"https:\/\/shop.kremlin.ch\/fr\/#website","url":"https:\/\/shop.kremlin.ch\/fr\/","name":"Shop Kremlin","description":"Spritzger\u00e4te und Strahlger\u00e4te mit Zubeh\u00f6r","publisher":{"@id":"https:\/\/shop.kremlin.ch\/fr\/#organization"},"potentialAction":[{"@type":"SearchAction","target":{"@type":"EntryPoint","urlTemplate":"https:\/\/shop.kremlin.ch\/fr\/?s={search_term_string}"},"query-input":"required name=search_term_string"}],"inLanguage":"fr-FR"},{"@type":"Organization","@id":"https:\/\/shop.kremlin.ch\/fr\/#organization","name":"Shop Kremlin","url":"https:\/\/shop.kremlin.ch\/fr\/","logo":{"@type":"ImageObject","inLanguage":"fr-FR","@id":"https:\/\/shop.kremlin.ch\/fr\/#\/schema\/logo\/image\/","url":"https:\/\/www.shop.kremlin.ch\/wp-content\/uploads\/2022\/04\/logo.png","contentUrl":"https:\/\/www.shop.kremlin.ch\/wp-content\/uploads\/2022\/04\/logo.png","width":506,"height":506,"caption":"Shop Kremlin"},"image":{"@id":"https:\/\/shop.kremlin.ch\/fr\/#\/schema\/logo\/image\/"},"sameAs":["https:\/\/www.facebook.com\/klipsag","https:\/\/www.instagram.com\/k.lipsag\/","https:\/\/www.youtube.com\/c\/KLipsAG","https:\/\/www.tiktok.com\/@klipsag","https:\/\/www.linkedin.com\/company\/k-lips-ag\/"]}]}},"_links":{"self":[{"href":"https:\/\/shop.kremlin.ch\/fr\/wp-json\/wp\/v2\/product\/3938","targetHints":{"allow":["GET"]}}],"collection":[{"href":"https:\/\/shop.kremlin.ch\/fr\/wp-json\/wp\/v2\/product"}],"about":[{"href":"https:\/\/shop.kremlin.ch\/fr\/wp-json\/wp\/v2\/types\/product"}],"replies":[{"embeddable":true,"href":"https:\/\/shop.kremlin.ch\/fr\/wp-json\/wp\/v2\/comments?post=3938"}],"wp:featuredmedia":[{"embeddable":true,"href":"https:\/\/shop.kremlin.ch\/fr\/wp-json\/wp\/v2\/media\/3940"}],"wp:attachment":[{"href":"https:\/\/shop.kremlin.ch\/fr\/wp-json\/wp\/v2\/media?parent=3938"}],"wp:term":[{"taxonomy":"product_brand","embeddable":true,"href":"https:\/\/shop.kremlin.ch\/fr\/wp-json\/wp\/v2\/product_brand?post=3938"},{"taxonomy":"product_cat","embeddable":true,"href":"https:\/\/shop.kremlin.ch\/fr\/wp-json\/wp\/v2\/product_cat?post=3938"},{"taxonomy":"product_tag","embeddable":true,"href":"https:\/\/shop.kremlin.ch\/fr\/wp-json\/wp\/v2\/product_tag?post=3938"}],"curies":[{"name":"wp","href":"https:\/\/api.w.org\/{rel}","templated":true}]}}