{"id":4225,"date":"2022-06-13T06:42:42","date_gmt":"2022-06-13T06:42:42","guid":{"rendered":"https:\/\/www.shop.kremlin.ch\/?post_type=product&#038;p=4225"},"modified":"2023-01-24T07:40:35","modified_gmt":"2023-01-24T07:40:35","slug":"wartungssatz-fuer-fstart-g-pistolenserie","status":"publish","type":"product","link":"https:\/\/shop.kremlin.ch\/fr\/shop\/wartungssatz-fuer-fstart-g-pistolenserie\/","title":{"rendered":"Wartungssatz f\u00fcr FStart G Pistolenserie"},"content":{"rendered":"<p><strong>Wartungssatz f\u00fcr FStart G Pistolenserie<\/strong><\/p>\n<p><strong>Bestehend aus:<\/strong><\/p>\n<ul>\n<li>Nadelpackung<\/li>\n<\/ul>\n<p>8 &#8211; Patronendichtung (x1)<br \/>\n9 &#8211; Dichtungspackung (x2)<br \/>\n10 &#8211; Schraube der Nadelpackung (x1)<\/p>\n<ul>\n<li>Abzug-Luftnadel-Baugruppe<\/li>\n<\/ul>\n<p>5 &#8211; Rundclip (x1)<br \/>\n6 &#8211; Abzugsachse (x1)<br \/>\n7 &#8211; Abzug (x1)<br \/>\n11 &#8211; Luftregulierungsnadel (x1)<br \/>\n26 &#8211; Luftverteilungsnadel (x1)<\/p>\n<ul>\n<li>Reparatursatz Materialmengenregulierung<\/li>\n<\/ul>\n<p>14 &#8211; Feder (x1)<br \/>\n15 &#8211; Nadelanschlag (x1)<br \/>\n17 &#8211; Dichtung (x1)<br \/>\n18 &#8211; Federaufnahme (x1)<br \/>\n19 &#8211; Feder (x1)<br \/>\n20 &#8211; Luftventilbaugruppe (x1)<br \/>\n21 &#8211; Luftventillager (x1)<br \/>\n22 &#8211; Ventilring (x1)<br \/>\n23 &#8211; Spanner (x1)<br \/>\n24 &#8211; Dichtungsring (x1)<br \/>\n25 &#8211; Dichtung (x1)<br \/>\n29 &#8211; O-Ring-Dichtung (x1)<\/p>\n<p>&nbsp;<\/p>\n","protected":false},"excerpt":{"rendered":"<p>Wartungssatz f\u00fcr FStart G Pistolenserie Bestehend aus: Nadelpackung 8 &#8211; Patronendichtung (x1) 9 &#8211; Dichtungspackung (x2) 10 &#8211; Schraube der\u2026<\/p>\n","protected":false},"featured_media":5316,"comment_status":"open","ping_status":"closed","template":"","meta":[],"product_brand":[],"product_cat":[627],"product_tag":[],"class_list":{"0":"post-4225","1":"product","2":"type-product","3":"status-publish","4":"has-post-thumbnail","6":"product_cat-hauptersatzteile-niederdruck","8":"first","9":"instock","10":"taxable","11":"shipping-taxable","12":"purchasable","13":"product-type-simple"},"acf":[],"yoast_head":"<!-- This site is optimized with the Yoast SEO plugin v22.4 - https:\/\/yoast.com\/wordpress\/plugins\/seo\/ -->\n<title>Wartungssatz f\u00fcr FStart G Pistolenserie - Shop Kremlin<\/title>\n<meta name=\"robots\" content=\"index, follow, max-snippet:-1, max-image-preview:large, max-video-preview:-1\" \/>\n<link rel=\"canonical\" href=\"https:\/\/shop.kremlin.ch\/fr\/shop\/wartungssatz-fuer-fstart-g-pistolenserie\/\" \/>\n<meta property=\"og:locale\" content=\"fr_FR\" \/>\n<meta property=\"og:type\" content=\"article\" \/>\n<meta property=\"og:title\" content=\"Wartungssatz f\u00fcr FStart G Pistolenserie - Shop Kremlin\" \/>\n<meta property=\"og:description\" content=\"Wartungssatz f\u00fcr FStart G Pistolenserie Bestehend aus: Nadelpackung 8 &#8211; Patronendichtung (x1) 9 &#8211; Dichtungspackung (x2) 10 &#8211; Schraube der\u2026\" \/>\n<meta property=\"og:url\" content=\"https:\/\/shop.kremlin.ch\/fr\/shop\/wartungssatz-fuer-fstart-g-pistolenserie\/\" \/>\n<meta property=\"og:site_name\" content=\"Shop Kremlin\" \/>\n<meta property=\"article:publisher\" content=\"https:\/\/www.facebook.com\/klipsag\" \/>\n<meta property=\"article:modified_time\" content=\"2023-01-24T07:40:35+00:00\" \/>\n<meta property=\"og:image\" content=\"https:\/\/shop.kremlin.ch\/wp-content\/uploads\/2022\/06\/Wartungssatz-fuer-FStart-G-Pistolenserie-1-2.jpg\" \/>\n\t<meta property=\"og:image:width\" content=\"745\" \/>\n\t<meta property=\"og:image:height\" content=\"466\" \/>\n\t<meta property=\"og:image:type\" content=\"image\/jpeg\" \/>\n<meta name=\"twitter:card\" content=\"summary_large_image\" \/>\n<meta name=\"twitter:label1\" content=\"Dur\u00e9e de lecture estim\u00e9e\" \/>\n\t<meta name=\"twitter:data1\" content=\"1 minute\" \/>\n<script type=\"application\/ld+json\" class=\"yoast-schema-graph\">{\"@context\":\"https:\/\/schema.org\",\"@graph\":[{\"@type\":\"WebPage\",\"@id\":\"https:\/\/shop.kremlin.ch\/fr\/shop\/wartungssatz-fuer-fstart-g-pistolenserie\/\",\"url\":\"https:\/\/shop.kremlin.ch\/fr\/shop\/wartungssatz-fuer-fstart-g-pistolenserie\/\",\"name\":\"Wartungssatz f\u00fcr FStart G Pistolenserie - Shop Kremlin\",\"isPartOf\":{\"@id\":\"https:\/\/shop.kremlin.ch\/fr\/#website\"},\"primaryImageOfPage\":{\"@id\":\"https:\/\/shop.kremlin.ch\/fr\/shop\/wartungssatz-fuer-fstart-g-pistolenserie\/#primaryimage\"},\"image\":{\"@id\":\"https:\/\/shop.kremlin.ch\/fr\/shop\/wartungssatz-fuer-fstart-g-pistolenserie\/#primaryimage\"},\"thumbnailUrl\":\"https:\/\/shop.kremlin.ch\/wp-content\/uploads\/2022\/06\/Wartungssatz-fuer-FStart-G-Pistolenserie-1-2.jpg\",\"datePublished\":\"2022-06-13T06:42:42+00:00\",\"dateModified\":\"2023-01-24T07:40:35+00:00\",\"breadcrumb\":{\"@id\":\"https:\/\/shop.kremlin.ch\/fr\/shop\/wartungssatz-fuer-fstart-g-pistolenserie\/#breadcrumb\"},\"inLanguage\":\"fr-FR\",\"potentialAction\":[{\"@type\":\"ReadAction\",\"target\":[\"https:\/\/shop.kremlin.ch\/fr\/shop\/wartungssatz-fuer-fstart-g-pistolenserie\/\"]}]},{\"@type\":\"ImageObject\",\"inLanguage\":\"fr-FR\",\"@id\":\"https:\/\/shop.kremlin.ch\/fr\/shop\/wartungssatz-fuer-fstart-g-pistolenserie\/#primaryimage\",\"url\":\"https:\/\/shop.kremlin.ch\/wp-content\/uploads\/2022\/06\/Wartungssatz-fuer-FStart-G-Pistolenserie-1-2.jpg\",\"contentUrl\":\"https:\/\/shop.kremlin.ch\/wp-content\/uploads\/2022\/06\/Wartungssatz-fuer-FStart-G-Pistolenserie-1-2.jpg\",\"width\":745,\"height\":466},{\"@type\":\"BreadcrumbList\",\"@id\":\"https:\/\/shop.kremlin.ch\/fr\/shop\/wartungssatz-fuer-fstart-g-pistolenserie\/#breadcrumb\",\"itemListElement\":[{\"@type\":\"ListItem\",\"position\":1,\"name\":\"Startseite\",\"item\":\"https:\/\/shop.kremlin.ch\/fr\/boutique\/\"},{\"@type\":\"ListItem\",\"position\":2,\"name\":\"Boutique\",\"item\":\"https:\/\/shop.kremlin.ch\/fr\/boutique\/\"},{\"@type\":\"ListItem\",\"position\":3,\"name\":\"Wartungssatz f\u00fcr FStart G Pistolenserie\"}]},{\"@type\":\"WebSite\",\"@id\":\"https:\/\/shop.kremlin.ch\/fr\/#website\",\"url\":\"https:\/\/shop.kremlin.ch\/fr\/\",\"name\":\"Shop Kremlin\",\"description\":\"Spritzger\u00e4te und Strahlger\u00e4te mit Zubeh\u00f6r\",\"publisher\":{\"@id\":\"https:\/\/shop.kremlin.ch\/fr\/#organization\"},\"potentialAction\":[{\"@type\":\"SearchAction\",\"target\":{\"@type\":\"EntryPoint\",\"urlTemplate\":\"https:\/\/shop.kremlin.ch\/fr\/?s={search_term_string}\"},\"query-input\":\"required name=search_term_string\"}],\"inLanguage\":\"fr-FR\"},{\"@type\":\"Organization\",\"@id\":\"https:\/\/shop.kremlin.ch\/fr\/#organization\",\"name\":\"Shop Kremlin\",\"url\":\"https:\/\/shop.kremlin.ch\/fr\/\",\"logo\":{\"@type\":\"ImageObject\",\"inLanguage\":\"fr-FR\",\"@id\":\"https:\/\/shop.kremlin.ch\/fr\/#\/schema\/logo\/image\/\",\"url\":\"https:\/\/www.shop.kremlin.ch\/wp-content\/uploads\/2022\/04\/logo.png\",\"contentUrl\":\"https:\/\/www.shop.kremlin.ch\/wp-content\/uploads\/2022\/04\/logo.png\",\"width\":506,\"height\":506,\"caption\":\"Shop Kremlin\"},\"image\":{\"@id\":\"https:\/\/shop.kremlin.ch\/fr\/#\/schema\/logo\/image\/\"},\"sameAs\":[\"https:\/\/www.facebook.com\/klipsag\",\"https:\/\/www.instagram.com\/k.lipsag\/\",\"https:\/\/www.youtube.com\/c\/KLipsAG\",\"https:\/\/www.tiktok.com\/@klipsag\",\"https:\/\/www.linkedin.com\/company\/k-lips-ag\/\"]}]}<\/script>\n<!-- \/ Yoast SEO plugin. -->","yoast_head_json":{"title":"Wartungssatz f\u00fcr FStart G Pistolenserie - Shop Kremlin","robots":{"index":"index","follow":"follow","max-snippet":"max-snippet:-1","max-image-preview":"max-image-preview:large","max-video-preview":"max-video-preview:-1"},"canonical":"https:\/\/shop.kremlin.ch\/fr\/shop\/wartungssatz-fuer-fstart-g-pistolenserie\/","og_locale":"fr_FR","og_type":"article","og_title":"Wartungssatz f\u00fcr FStart G Pistolenserie - Shop Kremlin","og_description":"Wartungssatz f\u00fcr FStart G Pistolenserie Bestehend aus: Nadelpackung 8 &#8211; Patronendichtung (x1) 9 &#8211; Dichtungspackung (x2) 10 &#8211; Schraube der\u2026","og_url":"https:\/\/shop.kremlin.ch\/fr\/shop\/wartungssatz-fuer-fstart-g-pistolenserie\/","og_site_name":"Shop Kremlin","article_publisher":"https:\/\/www.facebook.com\/klipsag","article_modified_time":"2023-01-24T07:40:35+00:00","og_image":[{"width":745,"height":466,"url":"https:\/\/shop.kremlin.ch\/wp-content\/uploads\/2022\/06\/Wartungssatz-fuer-FStart-G-Pistolenserie-1-2.jpg","type":"image\/jpeg"}],"twitter_card":"summary_large_image","twitter_misc":{"Dur\u00e9e de lecture estim\u00e9e":"1 minute"},"schema":{"@context":"https:\/\/schema.org","@graph":[{"@type":"WebPage","@id":"https:\/\/shop.kremlin.ch\/fr\/shop\/wartungssatz-fuer-fstart-g-pistolenserie\/","url":"https:\/\/shop.kremlin.ch\/fr\/shop\/wartungssatz-fuer-fstart-g-pistolenserie\/","name":"Wartungssatz f\u00fcr FStart G Pistolenserie - Shop Kremlin","isPartOf":{"@id":"https:\/\/shop.kremlin.ch\/fr\/#website"},"primaryImageOfPage":{"@id":"https:\/\/shop.kremlin.ch\/fr\/shop\/wartungssatz-fuer-fstart-g-pistolenserie\/#primaryimage"},"image":{"@id":"https:\/\/shop.kremlin.ch\/fr\/shop\/wartungssatz-fuer-fstart-g-pistolenserie\/#primaryimage"},"thumbnailUrl":"https:\/\/shop.kremlin.ch\/wp-content\/uploads\/2022\/06\/Wartungssatz-fuer-FStart-G-Pistolenserie-1-2.jpg","datePublished":"2022-06-13T06:42:42+00:00","dateModified":"2023-01-24T07:40:35+00:00","breadcrumb":{"@id":"https:\/\/shop.kremlin.ch\/fr\/shop\/wartungssatz-fuer-fstart-g-pistolenserie\/#breadcrumb"},"inLanguage":"fr-FR","potentialAction":[{"@type":"ReadAction","target":["https:\/\/shop.kremlin.ch\/fr\/shop\/wartungssatz-fuer-fstart-g-pistolenserie\/"]}]},{"@type":"ImageObject","inLanguage":"fr-FR","@id":"https:\/\/shop.kremlin.ch\/fr\/shop\/wartungssatz-fuer-fstart-g-pistolenserie\/#primaryimage","url":"https:\/\/shop.kremlin.ch\/wp-content\/uploads\/2022\/06\/Wartungssatz-fuer-FStart-G-Pistolenserie-1-2.jpg","contentUrl":"https:\/\/shop.kremlin.ch\/wp-content\/uploads\/2022\/06\/Wartungssatz-fuer-FStart-G-Pistolenserie-1-2.jpg","width":745,"height":466},{"@type":"BreadcrumbList","@id":"https:\/\/shop.kremlin.ch\/fr\/shop\/wartungssatz-fuer-fstart-g-pistolenserie\/#breadcrumb","itemListElement":[{"@type":"ListItem","position":1,"name":"Startseite","item":"https:\/\/shop.kremlin.ch\/fr\/boutique\/"},{"@type":"ListItem","position":2,"name":"Boutique","item":"https:\/\/shop.kremlin.ch\/fr\/boutique\/"},{"@type":"ListItem","position":3,"name":"Wartungssatz f\u00fcr FStart G Pistolenserie"}]},{"@type":"WebSite","@id":"https:\/\/shop.kremlin.ch\/fr\/#website","url":"https:\/\/shop.kremlin.ch\/fr\/","name":"Shop Kremlin","description":"Spritzger\u00e4te und Strahlger\u00e4te mit Zubeh\u00f6r","publisher":{"@id":"https:\/\/shop.kremlin.ch\/fr\/#organization"},"potentialAction":[{"@type":"SearchAction","target":{"@type":"EntryPoint","urlTemplate":"https:\/\/shop.kremlin.ch\/fr\/?s={search_term_string}"},"query-input":"required name=search_term_string"}],"inLanguage":"fr-FR"},{"@type":"Organization","@id":"https:\/\/shop.kremlin.ch\/fr\/#organization","name":"Shop Kremlin","url":"https:\/\/shop.kremlin.ch\/fr\/","logo":{"@type":"ImageObject","inLanguage":"fr-FR","@id":"https:\/\/shop.kremlin.ch\/fr\/#\/schema\/logo\/image\/","url":"https:\/\/www.shop.kremlin.ch\/wp-content\/uploads\/2022\/04\/logo.png","contentUrl":"https:\/\/www.shop.kremlin.ch\/wp-content\/uploads\/2022\/04\/logo.png","width":506,"height":506,"caption":"Shop Kremlin"},"image":{"@id":"https:\/\/shop.kremlin.ch\/fr\/#\/schema\/logo\/image\/"},"sameAs":["https:\/\/www.facebook.com\/klipsag","https:\/\/www.instagram.com\/k.lipsag\/","https:\/\/www.youtube.com\/c\/KLipsAG","https:\/\/www.tiktok.com\/@klipsag","https:\/\/www.linkedin.com\/company\/k-lips-ag\/"]}]}},"_links":{"self":[{"href":"https:\/\/shop.kremlin.ch\/fr\/wp-json\/wp\/v2\/product\/4225","targetHints":{"allow":["GET"]}}],"collection":[{"href":"https:\/\/shop.kremlin.ch\/fr\/wp-json\/wp\/v2\/product"}],"about":[{"href":"https:\/\/shop.kremlin.ch\/fr\/wp-json\/wp\/v2\/types\/product"}],"replies":[{"embeddable":true,"href":"https:\/\/shop.kremlin.ch\/fr\/wp-json\/wp\/v2\/comments?post=4225"}],"wp:featuredmedia":[{"embeddable":true,"href":"https:\/\/shop.kremlin.ch\/fr\/wp-json\/wp\/v2\/media\/5316"}],"wp:attachment":[{"href":"https:\/\/shop.kremlin.ch\/fr\/wp-json\/wp\/v2\/media?parent=4225"}],"wp:term":[{"taxonomy":"product_brand","embeddable":true,"href":"https:\/\/shop.kremlin.ch\/fr\/wp-json\/wp\/v2\/product_brand?post=4225"},{"taxonomy":"product_cat","embeddable":true,"href":"https:\/\/shop.kremlin.ch\/fr\/wp-json\/wp\/v2\/product_cat?post=4225"},{"taxonomy":"product_tag","embeddable":true,"href":"https:\/\/shop.kremlin.ch\/fr\/wp-json\/wp\/v2\/product_tag?post=4225"}],"curies":[{"name":"wp","href":"https:\/\/api.w.org\/{rel}","templated":true}]}}