{"id":4581,"date":"2022-06-20T08:20:25","date_gmt":"2022-06-20T08:20:25","guid":{"rendered":"https:\/\/www.shop.kremlin.ch\/?post_type=product&#038;p=4581"},"modified":"2023-01-24T08:54:01","modified_gmt":"2023-01-24T08:54:01","slug":"nadel-fuer-a35-automatische-pistolenserie","status":"publish","type":"product","link":"https:\/\/shop.kremlin.ch\/fr\/shop\/nadel-fuer-a35-automatische-pistolenserie\/","title":{"rendered":"Nadel f\u00fcr A35 Automatische Pistolenserie"},"content":{"rendered":"<p>Nadel f\u00fcr:<\/p>\n<ul>\n<li><a href=\"https:\/\/www.shop.kremlin.ch\/shop-2\/sames-kremlin-a35-hti-spritzpistole-e3-k-hvlp\/\">A35 HTI Spritzpistole E3 K HVLP<\/a><\/li>\n<li class=\"product_title entry-title\"><a href=\"https:\/\/www.shop.kremlin.ch\/shop-2\/sames-kremlin-a35-hpa-spritzpistole-en-3l\/\">A35 HPA Spritzpistole EN 3L\u00a0<\/a><\/li>\n<\/ul>\n","protected":false},"excerpt":{"rendered":"<p>Nadel f\u00fcr: A35 HTI Spritzpistole E3 K HVLP A35 HPA Spritzpistole EN 3L\u00a0<\/p>\n","protected":false},"featured_media":5302,"comment_status":"open","ping_status":"closed","template":"","meta":[],"product_brand":[],"product_cat":[631],"product_tag":[],"class_list":{"0":"post-4581","1":"product","2":"type-product","3":"status-publish","4":"has-post-thumbnail","6":"product_cat-nadeln","8":"first","9":"instock","10":"taxable","11":"shipping-taxable","12":"purchasable","13":"product-type-variable"},"acf":[],"yoast_head":"<!-- This site is optimized with the Yoast SEO plugin v22.4 - https:\/\/yoast.com\/wordpress\/plugins\/seo\/ -->\n<title>Nadel f\u00fcr A35 Automatische Pistolenserie - Shop Kremlin<\/title>\n<meta name=\"robots\" content=\"index, follow, max-snippet:-1, max-image-preview:large, max-video-preview:-1\" \/>\n<link rel=\"canonical\" href=\"https:\/\/shop.kremlin.ch\/fr\/shop\/nadel-fuer-a35-automatische-pistolenserie\/\" \/>\n<meta property=\"og:locale\" content=\"fr_FR\" \/>\n<meta property=\"og:type\" content=\"article\" \/>\n<meta property=\"og:title\" content=\"Nadel f\u00fcr A35 Automatische Pistolenserie - Shop Kremlin\" \/>\n<meta property=\"og:description\" content=\"Nadel f\u00fcr: A35 HTI Spritzpistole E3 K HVLP A35 HPA Spritzpistole EN 3L\u00a0\" \/>\n<meta property=\"og:url\" content=\"https:\/\/shop.kremlin.ch\/fr\/shop\/nadel-fuer-a35-automatische-pistolenserie\/\" \/>\n<meta property=\"og:site_name\" content=\"Shop Kremlin\" \/>\n<meta property=\"article:publisher\" content=\"https:\/\/www.facebook.com\/klipsag\" \/>\n<meta property=\"article:modified_time\" content=\"2023-01-24T08:54:01+00:00\" \/>\n<meta property=\"og:image\" content=\"https:\/\/shop.kremlin.ch\/wp-content\/uploads\/2022\/06\/Nadel-fuer-A35-Automatische-Pistolenserie.jpg\" \/>\n\t<meta property=\"og:image:width\" content=\"819\" \/>\n\t<meta property=\"og:image:height\" content=\"750\" \/>\n\t<meta property=\"og:image:type\" content=\"image\/jpeg\" \/>\n<meta name=\"twitter:card\" content=\"summary_large_image\" \/>\n<meta name=\"twitter:label1\" content=\"Dur\u00e9e de lecture estim\u00e9e\" \/>\n\t<meta name=\"twitter:data1\" content=\"1 minute\" \/>\n<script type=\"application\/ld+json\" class=\"yoast-schema-graph\">{\"@context\":\"https:\/\/schema.org\",\"@graph\":[{\"@type\":\"WebPage\",\"@id\":\"https:\/\/shop.kremlin.ch\/fr\/shop\/nadel-fuer-a35-automatische-pistolenserie\/\",\"url\":\"https:\/\/shop.kremlin.ch\/fr\/shop\/nadel-fuer-a35-automatische-pistolenserie\/\",\"name\":\"Nadel f\u00fcr A35 Automatische Pistolenserie - Shop Kremlin\",\"isPartOf\":{\"@id\":\"https:\/\/shop.kremlin.ch\/fr\/#website\"},\"primaryImageOfPage\":{\"@id\":\"https:\/\/shop.kremlin.ch\/fr\/shop\/nadel-fuer-a35-automatische-pistolenserie\/#primaryimage\"},\"image\":{\"@id\":\"https:\/\/shop.kremlin.ch\/fr\/shop\/nadel-fuer-a35-automatische-pistolenserie\/#primaryimage\"},\"thumbnailUrl\":\"https:\/\/shop.kremlin.ch\/wp-content\/uploads\/2022\/06\/Nadel-fuer-A35-Automatische-Pistolenserie.jpg\",\"datePublished\":\"2022-06-20T08:20:25+00:00\",\"dateModified\":\"2023-01-24T08:54:01+00:00\",\"breadcrumb\":{\"@id\":\"https:\/\/shop.kremlin.ch\/fr\/shop\/nadel-fuer-a35-automatische-pistolenserie\/#breadcrumb\"},\"inLanguage\":\"fr-FR\",\"potentialAction\":[{\"@type\":\"ReadAction\",\"target\":[\"https:\/\/shop.kremlin.ch\/fr\/shop\/nadel-fuer-a35-automatische-pistolenserie\/\"]}]},{\"@type\":\"ImageObject\",\"inLanguage\":\"fr-FR\",\"@id\":\"https:\/\/shop.kremlin.ch\/fr\/shop\/nadel-fuer-a35-automatische-pistolenserie\/#primaryimage\",\"url\":\"https:\/\/shop.kremlin.ch\/wp-content\/uploads\/2022\/06\/Nadel-fuer-A35-Automatische-Pistolenserie.jpg\",\"contentUrl\":\"https:\/\/shop.kremlin.ch\/wp-content\/uploads\/2022\/06\/Nadel-fuer-A35-Automatische-Pistolenserie.jpg\",\"width\":819,\"height\":750,\"caption\":\"Nadel f\u00fcr A35 Automatische Pistolenserie\"},{\"@type\":\"BreadcrumbList\",\"@id\":\"https:\/\/shop.kremlin.ch\/fr\/shop\/nadel-fuer-a35-automatische-pistolenserie\/#breadcrumb\",\"itemListElement\":[{\"@type\":\"ListItem\",\"position\":1,\"name\":\"Startseite\",\"item\":\"https:\/\/shop.kremlin.ch\/fr\/boutique\/\"},{\"@type\":\"ListItem\",\"position\":2,\"name\":\"Boutique\",\"item\":\"https:\/\/shop.kremlin.ch\/fr\/boutique\/\"},{\"@type\":\"ListItem\",\"position\":3,\"name\":\"Nadel f\u00fcr A35 Automatische Pistolenserie\"}]},{\"@type\":\"WebSite\",\"@id\":\"https:\/\/shop.kremlin.ch\/fr\/#website\",\"url\":\"https:\/\/shop.kremlin.ch\/fr\/\",\"name\":\"Shop Kremlin\",\"description\":\"Spritzger\u00e4te und Strahlger\u00e4te mit Zubeh\u00f6r\",\"publisher\":{\"@id\":\"https:\/\/shop.kremlin.ch\/fr\/#organization\"},\"potentialAction\":[{\"@type\":\"SearchAction\",\"target\":{\"@type\":\"EntryPoint\",\"urlTemplate\":\"https:\/\/shop.kremlin.ch\/fr\/?s={search_term_string}\"},\"query-input\":\"required name=search_term_string\"}],\"inLanguage\":\"fr-FR\"},{\"@type\":\"Organization\",\"@id\":\"https:\/\/shop.kremlin.ch\/fr\/#organization\",\"name\":\"Shop Kremlin\",\"url\":\"https:\/\/shop.kremlin.ch\/fr\/\",\"logo\":{\"@type\":\"ImageObject\",\"inLanguage\":\"fr-FR\",\"@id\":\"https:\/\/shop.kremlin.ch\/fr\/#\/schema\/logo\/image\/\",\"url\":\"https:\/\/www.shop.kremlin.ch\/wp-content\/uploads\/2022\/04\/logo.png\",\"contentUrl\":\"https:\/\/www.shop.kremlin.ch\/wp-content\/uploads\/2022\/04\/logo.png\",\"width\":506,\"height\":506,\"caption\":\"Shop Kremlin\"},\"image\":{\"@id\":\"https:\/\/shop.kremlin.ch\/fr\/#\/schema\/logo\/image\/\"},\"sameAs\":[\"https:\/\/www.facebook.com\/klipsag\",\"https:\/\/www.instagram.com\/k.lipsag\/\",\"https:\/\/www.youtube.com\/c\/KLipsAG\",\"https:\/\/www.tiktok.com\/@klipsag\",\"https:\/\/www.linkedin.com\/company\/k-lips-ag\/\"]}]}<\/script>\n<!-- \/ Yoast SEO plugin. -->","yoast_head_json":{"title":"Nadel f\u00fcr A35 Automatische Pistolenserie - Shop Kremlin","robots":{"index":"index","follow":"follow","max-snippet":"max-snippet:-1","max-image-preview":"max-image-preview:large","max-video-preview":"max-video-preview:-1"},"canonical":"https:\/\/shop.kremlin.ch\/fr\/shop\/nadel-fuer-a35-automatische-pistolenserie\/","og_locale":"fr_FR","og_type":"article","og_title":"Nadel f\u00fcr A35 Automatische Pistolenserie - Shop Kremlin","og_description":"Nadel f\u00fcr: A35 HTI Spritzpistole E3 K HVLP A35 HPA Spritzpistole EN 3L\u00a0","og_url":"https:\/\/shop.kremlin.ch\/fr\/shop\/nadel-fuer-a35-automatische-pistolenserie\/","og_site_name":"Shop Kremlin","article_publisher":"https:\/\/www.facebook.com\/klipsag","article_modified_time":"2023-01-24T08:54:01+00:00","og_image":[{"width":819,"height":750,"url":"https:\/\/shop.kremlin.ch\/wp-content\/uploads\/2022\/06\/Nadel-fuer-A35-Automatische-Pistolenserie.jpg","type":"image\/jpeg"}],"twitter_card":"summary_large_image","twitter_misc":{"Dur\u00e9e de lecture estim\u00e9e":"1 minute"},"schema":{"@context":"https:\/\/schema.org","@graph":[{"@type":"WebPage","@id":"https:\/\/shop.kremlin.ch\/fr\/shop\/nadel-fuer-a35-automatische-pistolenserie\/","url":"https:\/\/shop.kremlin.ch\/fr\/shop\/nadel-fuer-a35-automatische-pistolenserie\/","name":"Nadel f\u00fcr A35 Automatische Pistolenserie - Shop Kremlin","isPartOf":{"@id":"https:\/\/shop.kremlin.ch\/fr\/#website"},"primaryImageOfPage":{"@id":"https:\/\/shop.kremlin.ch\/fr\/shop\/nadel-fuer-a35-automatische-pistolenserie\/#primaryimage"},"image":{"@id":"https:\/\/shop.kremlin.ch\/fr\/shop\/nadel-fuer-a35-automatische-pistolenserie\/#primaryimage"},"thumbnailUrl":"https:\/\/shop.kremlin.ch\/wp-content\/uploads\/2022\/06\/Nadel-fuer-A35-Automatische-Pistolenserie.jpg","datePublished":"2022-06-20T08:20:25+00:00","dateModified":"2023-01-24T08:54:01+00:00","breadcrumb":{"@id":"https:\/\/shop.kremlin.ch\/fr\/shop\/nadel-fuer-a35-automatische-pistolenserie\/#breadcrumb"},"inLanguage":"fr-FR","potentialAction":[{"@type":"ReadAction","target":["https:\/\/shop.kremlin.ch\/fr\/shop\/nadel-fuer-a35-automatische-pistolenserie\/"]}]},{"@type":"ImageObject","inLanguage":"fr-FR","@id":"https:\/\/shop.kremlin.ch\/fr\/shop\/nadel-fuer-a35-automatische-pistolenserie\/#primaryimage","url":"https:\/\/shop.kremlin.ch\/wp-content\/uploads\/2022\/06\/Nadel-fuer-A35-Automatische-Pistolenserie.jpg","contentUrl":"https:\/\/shop.kremlin.ch\/wp-content\/uploads\/2022\/06\/Nadel-fuer-A35-Automatische-Pistolenserie.jpg","width":819,"height":750,"caption":"Nadel f\u00fcr A35 Automatische Pistolenserie"},{"@type":"BreadcrumbList","@id":"https:\/\/shop.kremlin.ch\/fr\/shop\/nadel-fuer-a35-automatische-pistolenserie\/#breadcrumb","itemListElement":[{"@type":"ListItem","position":1,"name":"Startseite","item":"https:\/\/shop.kremlin.ch\/fr\/boutique\/"},{"@type":"ListItem","position":2,"name":"Boutique","item":"https:\/\/shop.kremlin.ch\/fr\/boutique\/"},{"@type":"ListItem","position":3,"name":"Nadel f\u00fcr A35 Automatische Pistolenserie"}]},{"@type":"WebSite","@id":"https:\/\/shop.kremlin.ch\/fr\/#website","url":"https:\/\/shop.kremlin.ch\/fr\/","name":"Shop Kremlin","description":"Spritzger\u00e4te und Strahlger\u00e4te mit Zubeh\u00f6r","publisher":{"@id":"https:\/\/shop.kremlin.ch\/fr\/#organization"},"potentialAction":[{"@type":"SearchAction","target":{"@type":"EntryPoint","urlTemplate":"https:\/\/shop.kremlin.ch\/fr\/?s={search_term_string}"},"query-input":"required name=search_term_string"}],"inLanguage":"fr-FR"},{"@type":"Organization","@id":"https:\/\/shop.kremlin.ch\/fr\/#organization","name":"Shop Kremlin","url":"https:\/\/shop.kremlin.ch\/fr\/","logo":{"@type":"ImageObject","inLanguage":"fr-FR","@id":"https:\/\/shop.kremlin.ch\/fr\/#\/schema\/logo\/image\/","url":"https:\/\/www.shop.kremlin.ch\/wp-content\/uploads\/2022\/04\/logo.png","contentUrl":"https:\/\/www.shop.kremlin.ch\/wp-content\/uploads\/2022\/04\/logo.png","width":506,"height":506,"caption":"Shop Kremlin"},"image":{"@id":"https:\/\/shop.kremlin.ch\/fr\/#\/schema\/logo\/image\/"},"sameAs":["https:\/\/www.facebook.com\/klipsag","https:\/\/www.instagram.com\/k.lipsag\/","https:\/\/www.youtube.com\/c\/KLipsAG","https:\/\/www.tiktok.com\/@klipsag","https:\/\/www.linkedin.com\/company\/k-lips-ag\/"]}]}},"_links":{"self":[{"href":"https:\/\/shop.kremlin.ch\/fr\/wp-json\/wp\/v2\/product\/4581","targetHints":{"allow":["GET"]}}],"collection":[{"href":"https:\/\/shop.kremlin.ch\/fr\/wp-json\/wp\/v2\/product"}],"about":[{"href":"https:\/\/shop.kremlin.ch\/fr\/wp-json\/wp\/v2\/types\/product"}],"replies":[{"embeddable":true,"href":"https:\/\/shop.kremlin.ch\/fr\/wp-json\/wp\/v2\/comments?post=4581"}],"wp:featuredmedia":[{"embeddable":true,"href":"https:\/\/shop.kremlin.ch\/fr\/wp-json\/wp\/v2\/media\/5302"}],"wp:attachment":[{"href":"https:\/\/shop.kremlin.ch\/fr\/wp-json\/wp\/v2\/media?parent=4581"}],"wp:term":[{"taxonomy":"product_brand","embeddable":true,"href":"https:\/\/shop.kremlin.ch\/fr\/wp-json\/wp\/v2\/product_brand?post=4581"},{"taxonomy":"product_cat","embeddable":true,"href":"https:\/\/shop.kremlin.ch\/fr\/wp-json\/wp\/v2\/product_cat?post=4581"},{"taxonomy":"product_tag","embeddable":true,"href":"https:\/\/shop.kremlin.ch\/fr\/wp-json\/wp\/v2\/product_tag?post=4581"}],"curies":[{"name":"wp","href":"https:\/\/api.w.org\/{rel}","templated":true}]}}