{"id":4839,"date":"2022-06-24T15:07:05","date_gmt":"2022-06-24T15:07:05","guid":{"rendered":"https:\/\/www.shop.kremlin.ch\/?post_type=product&#038;p=4839"},"modified":"2023-05-02T08:43:50","modified_gmt":"2023-05-02T08:43:50","slug":"35c50-airless-kolbenpumpe","status":"publish","type":"product","link":"https:\/\/shop.kremlin.ch\/fr\/shop\/35c50-airless-kolbenpumpe\/","title":{"rendered":"35C50 Airless\u00ae Kolbenpumpe"},"content":{"rendered":"<p><strong>Sames Kremelin 35C50 Airless\u00ae Kolbenpumpe<\/strong><\/p>\n<p>Die 35C50 Airless\u00ae-Kolbenpumpe gew\u00e4hrleistet eine konstante und pulsationsfreie Materialversorgung f\u00fcr hochwertige, industrielle Beschichtungen.<\/p>\n<ul>\n<li>F\u00fcr einen langlebigen Einsatz konzipiert<\/li>\n<li>Schnelle Farbwechsel bei minimalem L\u00f6semittelverbrauch\u200b<\/li>\n<li>Einfaches Design zur Reduzierung von Wartungs- und Betriebsaufwand<\/li>\n<\/ul>\n<p>&nbsp;<\/p>\n<p>Die\u00a0<strong>35C50 Airless\u00ae Kolbenpumpe<\/strong>\u00a0bietet hervorragende Leistungen und einzigartige Vorteile dank unserer bew\u00e4hrten Pumpentechnik. Dank des leistungsstarken Druckluftmotors kann die 35C50 bis zu 2 SFlow\u2122 Airless\u00ae\u00a0Spritzpistolen versorgen und dabei Materialien von 20 bis zu 5000 cps bei sehr geringem Luftverbrauch applizieren. Dar\u00fcber hinaus verf\u00fcgt sie \u00fcber eine optimierte Hydraulik f\u00fcr schnelle Farbwechsel und minimalen Materialverlust.<\/p>\n<p>Die\u00a0<strong>Packs<\/strong>\u00a0inklusive der\u00a0<strong>Airless\u00ae Kolbenpumpe 35C50<\/strong>\u00a0sind wandmontiert und optional mit Wagen erh\u00e4ltlich. Die Pakete beinhalten eine SFlow\u2122 Airless\u00ae manuelle Spritzpistole mit einer 12.13\u00a0D\u00fcse (515) und 7,5 m (25ft) langen Materialschl\u00e4uchen. Um den unterschiedlichen Kundenbed\u00fcrfnissen gerecht zu werden bieten wir eine gro\u00dfe Auswahl an Zubeh\u00f6r an.<\/p>\n<p>Eine\u00a0<strong>Airmix\u00ae<\/strong>\u00a0Version mit der Spritzpistole\u00a0<strong>Xcite\u2122<\/strong> ist ebenfalls erh\u00e4ltlich.<\/p>\n","protected":false},"excerpt":{"rendered":"<p>Sames Kremelin 35C50 Airless\u00ae Kolbenpumpe Die 35C50 Airless\u00ae-Kolbenpumpe gew\u00e4hrleistet eine konstante und pulsationsfreie Materialversorgung f\u00fcr hochwertige, industrielle Beschichtungen. F\u00fcr einen\u2026<\/p>\n","protected":false},"featured_media":4841,"comment_status":"open","ping_status":"closed","template":"","meta":[],"product_brand":[],"product_cat":[815],"product_tag":[],"class_list":{"0":"post-4839","1":"product","2":"type-product","3":"status-publish","4":"has-post-thumbnail","6":"product_cat-pumpen-airless","8":"first","9":"instock","10":"taxable","11":"shipping-taxable","12":"purchasable","13":"product-type-simple"},"acf":[],"yoast_head":"<!-- This site is optimized with the Yoast SEO plugin v22.4 - https:\/\/yoast.com\/wordpress\/plugins\/seo\/ -->\n<title>35C50 Airless\u00ae Kolbenpumpe - Shop Kremlin<\/title>\n<meta name=\"robots\" content=\"index, follow, max-snippet:-1, max-image-preview:large, max-video-preview:-1\" \/>\n<link rel=\"canonical\" href=\"https:\/\/shop.kremlin.ch\/fr\/shop\/35c50-airless-kolbenpumpe\/\" \/>\n<meta property=\"og:locale\" content=\"fr_FR\" \/>\n<meta property=\"og:type\" content=\"article\" \/>\n<meta property=\"og:title\" content=\"35C50 Airless\u00ae Kolbenpumpe - Shop Kremlin\" \/>\n<meta property=\"og:description\" content=\"Sames Kremelin 35C50 Airless\u00ae Kolbenpumpe Die 35C50 Airless\u00ae-Kolbenpumpe gew\u00e4hrleistet eine konstante und pulsationsfreie Materialversorgung f\u00fcr hochwertige, industrielle Beschichtungen. F\u00fcr einen\u2026\" \/>\n<meta property=\"og:url\" content=\"https:\/\/shop.kremlin.ch\/fr\/shop\/35c50-airless-kolbenpumpe\/\" \/>\n<meta property=\"og:site_name\" content=\"Shop Kremlin\" \/>\n<meta property=\"article:publisher\" content=\"https:\/\/www.facebook.com\/klipsag\" \/>\n<meta property=\"article:modified_time\" content=\"2023-05-02T08:43:50+00:00\" \/>\n<meta property=\"og:image\" content=\"https:\/\/shop.kremlin.ch\/wp-content\/uploads\/2022\/06\/Sames-Kremlin-35C50.png\" \/>\n\t<meta property=\"og:image:width\" content=\"838\" \/>\n\t<meta property=\"og:image:height\" content=\"944\" \/>\n\t<meta property=\"og:image:type\" content=\"image\/png\" \/>\n<meta name=\"twitter:card\" content=\"summary_large_image\" \/>\n<meta name=\"twitter:label1\" content=\"Dur\u00e9e de lecture estim\u00e9e\" \/>\n\t<meta name=\"twitter:data1\" content=\"1 minute\" \/>\n<script type=\"application\/ld+json\" class=\"yoast-schema-graph\">{\"@context\":\"https:\/\/schema.org\",\"@graph\":[{\"@type\":\"WebPage\",\"@id\":\"https:\/\/shop.kremlin.ch\/fr\/shop\/35c50-airless-kolbenpumpe\/\",\"url\":\"https:\/\/shop.kremlin.ch\/fr\/shop\/35c50-airless-kolbenpumpe\/\",\"name\":\"35C50 Airless\u00ae Kolbenpumpe - Shop Kremlin\",\"isPartOf\":{\"@id\":\"https:\/\/shop.kremlin.ch\/fr\/#website\"},\"primaryImageOfPage\":{\"@id\":\"https:\/\/shop.kremlin.ch\/fr\/shop\/35c50-airless-kolbenpumpe\/#primaryimage\"},\"image\":{\"@id\":\"https:\/\/shop.kremlin.ch\/fr\/shop\/35c50-airless-kolbenpumpe\/#primaryimage\"},\"thumbnailUrl\":\"https:\/\/shop.kremlin.ch\/wp-content\/uploads\/2022\/06\/Sames-Kremlin-35C50.png\",\"datePublished\":\"2022-06-24T15:07:05+00:00\",\"dateModified\":\"2023-05-02T08:43:50+00:00\",\"breadcrumb\":{\"@id\":\"https:\/\/shop.kremlin.ch\/fr\/shop\/35c50-airless-kolbenpumpe\/#breadcrumb\"},\"inLanguage\":\"fr-FR\",\"potentialAction\":[{\"@type\":\"ReadAction\",\"target\":[\"https:\/\/shop.kremlin.ch\/fr\/shop\/35c50-airless-kolbenpumpe\/\"]}]},{\"@type\":\"ImageObject\",\"inLanguage\":\"fr-FR\",\"@id\":\"https:\/\/shop.kremlin.ch\/fr\/shop\/35c50-airless-kolbenpumpe\/#primaryimage\",\"url\":\"https:\/\/shop.kremlin.ch\/wp-content\/uploads\/2022\/06\/Sames-Kremlin-35C50.png\",\"contentUrl\":\"https:\/\/shop.kremlin.ch\/wp-content\/uploads\/2022\/06\/Sames-Kremlin-35C50.png\",\"width\":838,\"height\":944,\"caption\":\"Sames-Kremlin-35C50 Airless\u00ae Kolbenpumpe\"},{\"@type\":\"BreadcrumbList\",\"@id\":\"https:\/\/shop.kremlin.ch\/fr\/shop\/35c50-airless-kolbenpumpe\/#breadcrumb\",\"itemListElement\":[{\"@type\":\"ListItem\",\"position\":1,\"name\":\"Startseite\",\"item\":\"https:\/\/shop.kremlin.ch\/fr\/boutique\/\"},{\"@type\":\"ListItem\",\"position\":2,\"name\":\"Boutique\",\"item\":\"https:\/\/shop.kremlin.ch\/fr\/boutique\/\"},{\"@type\":\"ListItem\",\"position\":3,\"name\":\"35C50 Airless\u00ae Kolbenpumpe\"}]},{\"@type\":\"WebSite\",\"@id\":\"https:\/\/shop.kremlin.ch\/fr\/#website\",\"url\":\"https:\/\/shop.kremlin.ch\/fr\/\",\"name\":\"Shop Kremlin\",\"description\":\"Spritzger\u00e4te und Strahlger\u00e4te mit Zubeh\u00f6r\",\"publisher\":{\"@id\":\"https:\/\/shop.kremlin.ch\/fr\/#organization\"},\"potentialAction\":[{\"@type\":\"SearchAction\",\"target\":{\"@type\":\"EntryPoint\",\"urlTemplate\":\"https:\/\/shop.kremlin.ch\/fr\/?s={search_term_string}\"},\"query-input\":\"required name=search_term_string\"}],\"inLanguage\":\"fr-FR\"},{\"@type\":\"Organization\",\"@id\":\"https:\/\/shop.kremlin.ch\/fr\/#organization\",\"name\":\"Shop Kremlin\",\"url\":\"https:\/\/shop.kremlin.ch\/fr\/\",\"logo\":{\"@type\":\"ImageObject\",\"inLanguage\":\"fr-FR\",\"@id\":\"https:\/\/shop.kremlin.ch\/fr\/#\/schema\/logo\/image\/\",\"url\":\"https:\/\/www.shop.kremlin.ch\/wp-content\/uploads\/2022\/04\/logo.png\",\"contentUrl\":\"https:\/\/www.shop.kremlin.ch\/wp-content\/uploads\/2022\/04\/logo.png\",\"width\":506,\"height\":506,\"caption\":\"Shop Kremlin\"},\"image\":{\"@id\":\"https:\/\/shop.kremlin.ch\/fr\/#\/schema\/logo\/image\/\"},\"sameAs\":[\"https:\/\/www.facebook.com\/klipsag\",\"https:\/\/www.instagram.com\/k.lipsag\/\",\"https:\/\/www.youtube.com\/c\/KLipsAG\",\"https:\/\/www.tiktok.com\/@klipsag\",\"https:\/\/www.linkedin.com\/company\/k-lips-ag\/\"]}]}<\/script>\n<!-- \/ Yoast SEO plugin. -->","yoast_head_json":{"title":"35C50 Airless\u00ae Kolbenpumpe - Shop Kremlin","robots":{"index":"index","follow":"follow","max-snippet":"max-snippet:-1","max-image-preview":"max-image-preview:large","max-video-preview":"max-video-preview:-1"},"canonical":"https:\/\/shop.kremlin.ch\/fr\/shop\/35c50-airless-kolbenpumpe\/","og_locale":"fr_FR","og_type":"article","og_title":"35C50 Airless\u00ae Kolbenpumpe - Shop Kremlin","og_description":"Sames Kremelin 35C50 Airless\u00ae Kolbenpumpe Die 35C50 Airless\u00ae-Kolbenpumpe gew\u00e4hrleistet eine konstante und pulsationsfreie Materialversorgung f\u00fcr hochwertige, industrielle Beschichtungen. F\u00fcr einen\u2026","og_url":"https:\/\/shop.kremlin.ch\/fr\/shop\/35c50-airless-kolbenpumpe\/","og_site_name":"Shop Kremlin","article_publisher":"https:\/\/www.facebook.com\/klipsag","article_modified_time":"2023-05-02T08:43:50+00:00","og_image":[{"width":838,"height":944,"url":"https:\/\/shop.kremlin.ch\/wp-content\/uploads\/2022\/06\/Sames-Kremlin-35C50.png","type":"image\/png"}],"twitter_card":"summary_large_image","twitter_misc":{"Dur\u00e9e de lecture estim\u00e9e":"1 minute"},"schema":{"@context":"https:\/\/schema.org","@graph":[{"@type":"WebPage","@id":"https:\/\/shop.kremlin.ch\/fr\/shop\/35c50-airless-kolbenpumpe\/","url":"https:\/\/shop.kremlin.ch\/fr\/shop\/35c50-airless-kolbenpumpe\/","name":"35C50 Airless\u00ae Kolbenpumpe - Shop Kremlin","isPartOf":{"@id":"https:\/\/shop.kremlin.ch\/fr\/#website"},"primaryImageOfPage":{"@id":"https:\/\/shop.kremlin.ch\/fr\/shop\/35c50-airless-kolbenpumpe\/#primaryimage"},"image":{"@id":"https:\/\/shop.kremlin.ch\/fr\/shop\/35c50-airless-kolbenpumpe\/#primaryimage"},"thumbnailUrl":"https:\/\/shop.kremlin.ch\/wp-content\/uploads\/2022\/06\/Sames-Kremlin-35C50.png","datePublished":"2022-06-24T15:07:05+00:00","dateModified":"2023-05-02T08:43:50+00:00","breadcrumb":{"@id":"https:\/\/shop.kremlin.ch\/fr\/shop\/35c50-airless-kolbenpumpe\/#breadcrumb"},"inLanguage":"fr-FR","potentialAction":[{"@type":"ReadAction","target":["https:\/\/shop.kremlin.ch\/fr\/shop\/35c50-airless-kolbenpumpe\/"]}]},{"@type":"ImageObject","inLanguage":"fr-FR","@id":"https:\/\/shop.kremlin.ch\/fr\/shop\/35c50-airless-kolbenpumpe\/#primaryimage","url":"https:\/\/shop.kremlin.ch\/wp-content\/uploads\/2022\/06\/Sames-Kremlin-35C50.png","contentUrl":"https:\/\/shop.kremlin.ch\/wp-content\/uploads\/2022\/06\/Sames-Kremlin-35C50.png","width":838,"height":944,"caption":"Sames-Kremlin-35C50 Airless\u00ae Kolbenpumpe"},{"@type":"BreadcrumbList","@id":"https:\/\/shop.kremlin.ch\/fr\/shop\/35c50-airless-kolbenpumpe\/#breadcrumb","itemListElement":[{"@type":"ListItem","position":1,"name":"Startseite","item":"https:\/\/shop.kremlin.ch\/fr\/boutique\/"},{"@type":"ListItem","position":2,"name":"Boutique","item":"https:\/\/shop.kremlin.ch\/fr\/boutique\/"},{"@type":"ListItem","position":3,"name":"35C50 Airless\u00ae Kolbenpumpe"}]},{"@type":"WebSite","@id":"https:\/\/shop.kremlin.ch\/fr\/#website","url":"https:\/\/shop.kremlin.ch\/fr\/","name":"Shop Kremlin","description":"Spritzger\u00e4te und Strahlger\u00e4te mit Zubeh\u00f6r","publisher":{"@id":"https:\/\/shop.kremlin.ch\/fr\/#organization"},"potentialAction":[{"@type":"SearchAction","target":{"@type":"EntryPoint","urlTemplate":"https:\/\/shop.kremlin.ch\/fr\/?s={search_term_string}"},"query-input":"required name=search_term_string"}],"inLanguage":"fr-FR"},{"@type":"Organization","@id":"https:\/\/shop.kremlin.ch\/fr\/#organization","name":"Shop Kremlin","url":"https:\/\/shop.kremlin.ch\/fr\/","logo":{"@type":"ImageObject","inLanguage":"fr-FR","@id":"https:\/\/shop.kremlin.ch\/fr\/#\/schema\/logo\/image\/","url":"https:\/\/www.shop.kremlin.ch\/wp-content\/uploads\/2022\/04\/logo.png","contentUrl":"https:\/\/www.shop.kremlin.ch\/wp-content\/uploads\/2022\/04\/logo.png","width":506,"height":506,"caption":"Shop Kremlin"},"image":{"@id":"https:\/\/shop.kremlin.ch\/fr\/#\/schema\/logo\/image\/"},"sameAs":["https:\/\/www.facebook.com\/klipsag","https:\/\/www.instagram.com\/k.lipsag\/","https:\/\/www.youtube.com\/c\/KLipsAG","https:\/\/www.tiktok.com\/@klipsag","https:\/\/www.linkedin.com\/company\/k-lips-ag\/"]}]}},"_links":{"self":[{"href":"https:\/\/shop.kremlin.ch\/fr\/wp-json\/wp\/v2\/product\/4839","targetHints":{"allow":["GET"]}}],"collection":[{"href":"https:\/\/shop.kremlin.ch\/fr\/wp-json\/wp\/v2\/product"}],"about":[{"href":"https:\/\/shop.kremlin.ch\/fr\/wp-json\/wp\/v2\/types\/product"}],"replies":[{"embeddable":true,"href":"https:\/\/shop.kremlin.ch\/fr\/wp-json\/wp\/v2\/comments?post=4839"}],"wp:featuredmedia":[{"embeddable":true,"href":"https:\/\/shop.kremlin.ch\/fr\/wp-json\/wp\/v2\/media\/4841"}],"wp:attachment":[{"href":"https:\/\/shop.kremlin.ch\/fr\/wp-json\/wp\/v2\/media?parent=4839"}],"wp:term":[{"taxonomy":"product_brand","embeddable":true,"href":"https:\/\/shop.kremlin.ch\/fr\/wp-json\/wp\/v2\/product_brand?post=4839"},{"taxonomy":"product_cat","embeddable":true,"href":"https:\/\/shop.kremlin.ch\/fr\/wp-json\/wp\/v2\/product_cat?post=4839"},{"taxonomy":"product_tag","embeddable":true,"href":"https:\/\/shop.kremlin.ch\/fr\/wp-json\/wp\/v2\/product_tag?post=4839"}],"curies":[{"name":"wp","href":"https:\/\/api.w.org\/{rel}","templated":true}]}}