{"id":4869,"date":"2022-06-28T07:17:03","date_gmt":"2022-06-28T07:17:03","guid":{"rendered":"https:\/\/www.shop.kremlin.ch\/?post_type=product&#038;p=4869"},"modified":"2022-11-30T09:16:46","modified_gmt":"2022-11-30T09:16:46","slug":"azur-72c160-airless-foerderpumpe","status":"publish","type":"product","link":"https:\/\/shop.kremlin.ch\/fr\/shop\/azur-72c160-airless-foerderpumpe\/","title":{"rendered":"Azur\u2122 72C160 Airless\u00ae F\u00f6rderpumpe"},"content":{"rendered":"<p><strong>Sames Kremlin Azur\u2122 72C160 Airless\u00ae F\u00f6rderpumpe<\/strong><\/p>\n<p>Die Azur\u2122-Reihe eignet sich besonders f\u00fcr Korrosionsschutzbeschichtungen. Sie f\u00f6rdert den Lack zuverl\u00e4ssig und sorgt f\u00fcr eine hochwertige Oberfl\u00e4chenqualit\u00e4t bei s\u00e4mtlichen Lacksystemen (1K-, 2K-, zinkreiche Materialien, usw.).<\/p>\n<ul>\n<li>Qualitativ hochwertige Schutzbeschichtungen<\/li>\n<li>F\u00fcr den Betrieb in rauer und anspruchsvoller Umgebung konzipiert<\/li>\n<li>Einfache Wartung &amp; komfortable Bedienung<\/li>\n<\/ul>\n<p>&nbsp;<\/p>\n<p>Die Azur\u2122-F\u00f6rderpumpe ist die ideale Wahl f\u00fcr die Applikation von\u00a0Schutzbeschichtungen. Sie bietet einen stabilen Druck, eine hohe Saugleistung, erzeugt keine Ausfallzeiten und l\u00e4uft ger\u00e4uscharm. Alle vier integrierten, patentierten Technologien garantieren eine maximale Leistung: keine Lecks, kein Vereisen und kein Stillstand.<\/p>\n<p>Diese Pumpe ist in der Lage, stundenlang zu arbeiten, sodass Sie sich besonders bei erschwerten Bedingungen voll und ganz auf die Applikation konzentrieren k\u00f6nnen.\u00a0Das Pumpendesign erm\u00f6glicht eine schnelle und einfache Wartung vor Ort. Die Gr\u00f6\u00dfe des Hydraulikabschnitts erm\u00f6glicht es Ihnen, je nach D\u00fcsengr\u00f6\u00dfe mit mehreren Pistolen zu arbeiten.<\/p>\n<p>In Kombination mit unserer Spitzpistole SFlow\u2122 gew\u00e4hrleistet diese L\u00f6sung eine optimale Beschichtungsqualit\u00e4t bei gleichzeitig erheblicher Reduzierung Ihres Lackverbrauchs und des Oversprays. Das Azur\u2122 Pumpensortiment wird mit (3) verschiedenen Packungen angeboten, die f\u00fcr die meisten Anwendungen geeignet sind: PE\/PTFE, PE\/Leder und PE\/PTFE G.<\/p>\n","protected":false},"excerpt":{"rendered":"<p>Sames Kremlin Azur\u2122 72C160 Airless\u00ae F\u00f6rderpumpe Die Azur\u2122-Reihe eignet sich besonders f\u00fcr Korrosionsschutzbeschichtungen. Sie f\u00f6rdert den Lack zuverl\u00e4ssig und sorgt\u2026<\/p>\n","protected":false},"featured_media":4855,"comment_status":"open","ping_status":"closed","template":"","meta":[],"product_brand":[],"product_cat":[815],"product_tag":[],"class_list":{"0":"post-4869","1":"product","2":"type-product","3":"status-publish","4":"has-post-thumbnail","6":"product_cat-pumpen-airless","8":"first","9":"instock","10":"taxable","11":"shipping-taxable","12":"purchasable","13":"product-type-variable"},"acf":[],"yoast_head":"<!-- This site is optimized with the Yoast SEO plugin v22.4 - https:\/\/yoast.com\/wordpress\/plugins\/seo\/ -->\n<title>Azur\u2122 72C160 Airless\u00ae F\u00f6rderpumpe - Shop Kremlin<\/title>\n<meta name=\"robots\" content=\"index, follow, max-snippet:-1, max-image-preview:large, max-video-preview:-1\" \/>\n<link rel=\"canonical\" href=\"https:\/\/shop.kremlin.ch\/fr\/shop\/azur-72c160-airless-foerderpumpe\/\" \/>\n<meta property=\"og:locale\" content=\"fr_FR\" \/>\n<meta property=\"og:type\" content=\"article\" \/>\n<meta property=\"og:title\" content=\"Azur\u2122 72C160 Airless\u00ae F\u00f6rderpumpe - Shop Kremlin\" \/>\n<meta property=\"og:description\" content=\"Sames Kremlin Azur\u2122 72C160 Airless\u00ae F\u00f6rderpumpe Die Azur\u2122-Reihe eignet sich besonders f\u00fcr Korrosionsschutzbeschichtungen. Sie f\u00f6rdert den Lack zuverl\u00e4ssig und sorgt\u2026\" \/>\n<meta property=\"og:url\" content=\"https:\/\/shop.kremlin.ch\/fr\/shop\/azur-72c160-airless-foerderpumpe\/\" \/>\n<meta property=\"og:site_name\" content=\"Shop Kremlin\" \/>\n<meta property=\"article:publisher\" content=\"https:\/\/www.facebook.com\/klipsag\" \/>\n<meta property=\"article:modified_time\" content=\"2022-11-30T09:16:46+00:00\" \/>\n<meta property=\"og:image\" content=\"https:\/\/shop.kremlin.ch\/wp-content\/uploads\/2022\/06\/AZUR\u2122-52C225-AIRLESS\u00ae-FOeRDERPUMPE--scaled.jpeg\" \/>\n\t<meta property=\"og:image:width\" content=\"2560\" \/>\n\t<meta property=\"og:image:height\" content=\"2560\" \/>\n\t<meta property=\"og:image:type\" content=\"image\/jpeg\" \/>\n<meta name=\"twitter:card\" content=\"summary_large_image\" \/>\n<meta name=\"twitter:label1\" content=\"Dur\u00e9e de lecture estim\u00e9e\" \/>\n\t<meta name=\"twitter:data1\" content=\"2 minutes\" \/>\n<script type=\"application\/ld+json\" class=\"yoast-schema-graph\">{\"@context\":\"https:\/\/schema.org\",\"@graph\":[{\"@type\":\"WebPage\",\"@id\":\"https:\/\/shop.kremlin.ch\/fr\/shop\/azur-72c160-airless-foerderpumpe\/\",\"url\":\"https:\/\/shop.kremlin.ch\/fr\/shop\/azur-72c160-airless-foerderpumpe\/\",\"name\":\"Azur\u2122 72C160 Airless\u00ae F\u00f6rderpumpe - Shop Kremlin\",\"isPartOf\":{\"@id\":\"https:\/\/shop.kremlin.ch\/fr\/#website\"},\"primaryImageOfPage\":{\"@id\":\"https:\/\/shop.kremlin.ch\/fr\/shop\/azur-72c160-airless-foerderpumpe\/#primaryimage\"},\"image\":{\"@id\":\"https:\/\/shop.kremlin.ch\/fr\/shop\/azur-72c160-airless-foerderpumpe\/#primaryimage\"},\"thumbnailUrl\":\"https:\/\/shop.kremlin.ch\/wp-content\/uploads\/2022\/06\/AZUR\u2122-52C225-AIRLESS\u00ae-FOeRDERPUMPE--scaled.jpeg\",\"datePublished\":\"2022-06-28T07:17:03+00:00\",\"dateModified\":\"2022-11-30T09:16:46+00:00\",\"breadcrumb\":{\"@id\":\"https:\/\/shop.kremlin.ch\/fr\/shop\/azur-72c160-airless-foerderpumpe\/#breadcrumb\"},\"inLanguage\":\"fr-FR\",\"potentialAction\":[{\"@type\":\"ReadAction\",\"target\":[\"https:\/\/shop.kremlin.ch\/fr\/shop\/azur-72c160-airless-foerderpumpe\/\"]}]},{\"@type\":\"ImageObject\",\"inLanguage\":\"fr-FR\",\"@id\":\"https:\/\/shop.kremlin.ch\/fr\/shop\/azur-72c160-airless-foerderpumpe\/#primaryimage\",\"url\":\"https:\/\/shop.kremlin.ch\/wp-content\/uploads\/2022\/06\/AZUR\u2122-52C225-AIRLESS\u00ae-FOeRDERPUMPE--scaled.jpeg\",\"contentUrl\":\"https:\/\/shop.kremlin.ch\/wp-content\/uploads\/2022\/06\/AZUR\u2122-52C225-AIRLESS\u00ae-FOeRDERPUMPE--scaled.jpeg\",\"width\":2560,\"height\":2560,\"caption\":\"AZUR\u2122 52C225 AIRLESS\u00ae F\u00d6RDERPUMPE\"},{\"@type\":\"BreadcrumbList\",\"@id\":\"https:\/\/shop.kremlin.ch\/fr\/shop\/azur-72c160-airless-foerderpumpe\/#breadcrumb\",\"itemListElement\":[{\"@type\":\"ListItem\",\"position\":1,\"name\":\"Startseite\",\"item\":\"https:\/\/shop.kremlin.ch\/fr\/boutique\/\"},{\"@type\":\"ListItem\",\"position\":2,\"name\":\"Boutique\",\"item\":\"https:\/\/shop.kremlin.ch\/fr\/boutique\/\"},{\"@type\":\"ListItem\",\"position\":3,\"name\":\"Azur\u2122 72C160 Airless\u00ae F\u00f6rderpumpe\"}]},{\"@type\":\"WebSite\",\"@id\":\"https:\/\/shop.kremlin.ch\/fr\/#website\",\"url\":\"https:\/\/shop.kremlin.ch\/fr\/\",\"name\":\"Shop Kremlin\",\"description\":\"Spritzger\u00e4te und Strahlger\u00e4te mit Zubeh\u00f6r\",\"publisher\":{\"@id\":\"https:\/\/shop.kremlin.ch\/fr\/#organization\"},\"potentialAction\":[{\"@type\":\"SearchAction\",\"target\":{\"@type\":\"EntryPoint\",\"urlTemplate\":\"https:\/\/shop.kremlin.ch\/fr\/?s={search_term_string}\"},\"query-input\":\"required name=search_term_string\"}],\"inLanguage\":\"fr-FR\"},{\"@type\":\"Organization\",\"@id\":\"https:\/\/shop.kremlin.ch\/fr\/#organization\",\"name\":\"Shop Kremlin\",\"url\":\"https:\/\/shop.kremlin.ch\/fr\/\",\"logo\":{\"@type\":\"ImageObject\",\"inLanguage\":\"fr-FR\",\"@id\":\"https:\/\/shop.kremlin.ch\/fr\/#\/schema\/logo\/image\/\",\"url\":\"https:\/\/www.shop.kremlin.ch\/wp-content\/uploads\/2022\/04\/logo.png\",\"contentUrl\":\"https:\/\/www.shop.kremlin.ch\/wp-content\/uploads\/2022\/04\/logo.png\",\"width\":506,\"height\":506,\"caption\":\"Shop Kremlin\"},\"image\":{\"@id\":\"https:\/\/shop.kremlin.ch\/fr\/#\/schema\/logo\/image\/\"},\"sameAs\":[\"https:\/\/www.facebook.com\/klipsag\",\"https:\/\/www.instagram.com\/k.lipsag\/\",\"https:\/\/www.youtube.com\/c\/KLipsAG\",\"https:\/\/www.tiktok.com\/@klipsag\",\"https:\/\/www.linkedin.com\/company\/k-lips-ag\/\"]}]}<\/script>\n<!-- \/ Yoast SEO plugin. -->","yoast_head_json":{"title":"Azur\u2122 72C160 Airless\u00ae F\u00f6rderpumpe - Shop Kremlin","robots":{"index":"index","follow":"follow","max-snippet":"max-snippet:-1","max-image-preview":"max-image-preview:large","max-video-preview":"max-video-preview:-1"},"canonical":"https:\/\/shop.kremlin.ch\/fr\/shop\/azur-72c160-airless-foerderpumpe\/","og_locale":"fr_FR","og_type":"article","og_title":"Azur\u2122 72C160 Airless\u00ae F\u00f6rderpumpe - Shop Kremlin","og_description":"Sames Kremlin Azur\u2122 72C160 Airless\u00ae F\u00f6rderpumpe Die Azur\u2122-Reihe eignet sich besonders f\u00fcr Korrosionsschutzbeschichtungen. Sie f\u00f6rdert den Lack zuverl\u00e4ssig und sorgt\u2026","og_url":"https:\/\/shop.kremlin.ch\/fr\/shop\/azur-72c160-airless-foerderpumpe\/","og_site_name":"Shop Kremlin","article_publisher":"https:\/\/www.facebook.com\/klipsag","article_modified_time":"2022-11-30T09:16:46+00:00","og_image":[{"width":2560,"height":2560,"url":"https:\/\/shop.kremlin.ch\/wp-content\/uploads\/2022\/06\/AZUR\u2122-52C225-AIRLESS\u00ae-FOeRDERPUMPE--scaled.jpeg","type":"image\/jpeg"}],"twitter_card":"summary_large_image","twitter_misc":{"Dur\u00e9e de lecture estim\u00e9e":"2 minutes"},"schema":{"@context":"https:\/\/schema.org","@graph":[{"@type":"WebPage","@id":"https:\/\/shop.kremlin.ch\/fr\/shop\/azur-72c160-airless-foerderpumpe\/","url":"https:\/\/shop.kremlin.ch\/fr\/shop\/azur-72c160-airless-foerderpumpe\/","name":"Azur\u2122 72C160 Airless\u00ae F\u00f6rderpumpe - Shop Kremlin","isPartOf":{"@id":"https:\/\/shop.kremlin.ch\/fr\/#website"},"primaryImageOfPage":{"@id":"https:\/\/shop.kremlin.ch\/fr\/shop\/azur-72c160-airless-foerderpumpe\/#primaryimage"},"image":{"@id":"https:\/\/shop.kremlin.ch\/fr\/shop\/azur-72c160-airless-foerderpumpe\/#primaryimage"},"thumbnailUrl":"https:\/\/shop.kremlin.ch\/wp-content\/uploads\/2022\/06\/AZUR\u2122-52C225-AIRLESS\u00ae-FOeRDERPUMPE--scaled.jpeg","datePublished":"2022-06-28T07:17:03+00:00","dateModified":"2022-11-30T09:16:46+00:00","breadcrumb":{"@id":"https:\/\/shop.kremlin.ch\/fr\/shop\/azur-72c160-airless-foerderpumpe\/#breadcrumb"},"inLanguage":"fr-FR","potentialAction":[{"@type":"ReadAction","target":["https:\/\/shop.kremlin.ch\/fr\/shop\/azur-72c160-airless-foerderpumpe\/"]}]},{"@type":"ImageObject","inLanguage":"fr-FR","@id":"https:\/\/shop.kremlin.ch\/fr\/shop\/azur-72c160-airless-foerderpumpe\/#primaryimage","url":"https:\/\/shop.kremlin.ch\/wp-content\/uploads\/2022\/06\/AZUR\u2122-52C225-AIRLESS\u00ae-FOeRDERPUMPE--scaled.jpeg","contentUrl":"https:\/\/shop.kremlin.ch\/wp-content\/uploads\/2022\/06\/AZUR\u2122-52C225-AIRLESS\u00ae-FOeRDERPUMPE--scaled.jpeg","width":2560,"height":2560,"caption":"AZUR\u2122 52C225 AIRLESS\u00ae F\u00d6RDERPUMPE"},{"@type":"BreadcrumbList","@id":"https:\/\/shop.kremlin.ch\/fr\/shop\/azur-72c160-airless-foerderpumpe\/#breadcrumb","itemListElement":[{"@type":"ListItem","position":1,"name":"Startseite","item":"https:\/\/shop.kremlin.ch\/fr\/boutique\/"},{"@type":"ListItem","position":2,"name":"Boutique","item":"https:\/\/shop.kremlin.ch\/fr\/boutique\/"},{"@type":"ListItem","position":3,"name":"Azur\u2122 72C160 Airless\u00ae F\u00f6rderpumpe"}]},{"@type":"WebSite","@id":"https:\/\/shop.kremlin.ch\/fr\/#website","url":"https:\/\/shop.kremlin.ch\/fr\/","name":"Shop Kremlin","description":"Spritzger\u00e4te und Strahlger\u00e4te mit Zubeh\u00f6r","publisher":{"@id":"https:\/\/shop.kremlin.ch\/fr\/#organization"},"potentialAction":[{"@type":"SearchAction","target":{"@type":"EntryPoint","urlTemplate":"https:\/\/shop.kremlin.ch\/fr\/?s={search_term_string}"},"query-input":"required name=search_term_string"}],"inLanguage":"fr-FR"},{"@type":"Organization","@id":"https:\/\/shop.kremlin.ch\/fr\/#organization","name":"Shop Kremlin","url":"https:\/\/shop.kremlin.ch\/fr\/","logo":{"@type":"ImageObject","inLanguage":"fr-FR","@id":"https:\/\/shop.kremlin.ch\/fr\/#\/schema\/logo\/image\/","url":"https:\/\/www.shop.kremlin.ch\/wp-content\/uploads\/2022\/04\/logo.png","contentUrl":"https:\/\/www.shop.kremlin.ch\/wp-content\/uploads\/2022\/04\/logo.png","width":506,"height":506,"caption":"Shop Kremlin"},"image":{"@id":"https:\/\/shop.kremlin.ch\/fr\/#\/schema\/logo\/image\/"},"sameAs":["https:\/\/www.facebook.com\/klipsag","https:\/\/www.instagram.com\/k.lipsag\/","https:\/\/www.youtube.com\/c\/KLipsAG","https:\/\/www.tiktok.com\/@klipsag","https:\/\/www.linkedin.com\/company\/k-lips-ag\/"]}]}},"_links":{"self":[{"href":"https:\/\/shop.kremlin.ch\/fr\/wp-json\/wp\/v2\/product\/4869","targetHints":{"allow":["GET"]}}],"collection":[{"href":"https:\/\/shop.kremlin.ch\/fr\/wp-json\/wp\/v2\/product"}],"about":[{"href":"https:\/\/shop.kremlin.ch\/fr\/wp-json\/wp\/v2\/types\/product"}],"replies":[{"embeddable":true,"href":"https:\/\/shop.kremlin.ch\/fr\/wp-json\/wp\/v2\/comments?post=4869"}],"wp:featuredmedia":[{"embeddable":true,"href":"https:\/\/shop.kremlin.ch\/fr\/wp-json\/wp\/v2\/media\/4855"}],"wp:attachment":[{"href":"https:\/\/shop.kremlin.ch\/fr\/wp-json\/wp\/v2\/media?parent=4869"}],"wp:term":[{"taxonomy":"product_brand","embeddable":true,"href":"https:\/\/shop.kremlin.ch\/fr\/wp-json\/wp\/v2\/product_brand?post=4869"},{"taxonomy":"product_cat","embeddable":true,"href":"https:\/\/shop.kremlin.ch\/fr\/wp-json\/wp\/v2\/product_cat?post=4869"},{"taxonomy":"product_tag","embeddable":true,"href":"https:\/\/shop.kremlin.ch\/fr\/wp-json\/wp\/v2\/product_tag?post=4869"}],"curies":[{"name":"wp","href":"https:\/\/api.w.org\/{rel}","templated":true}]}}