{"id":5094,"date":"2022-06-30T13:52:59","date_gmt":"2022-06-30T13:52:59","guid":{"rendered":"https:\/\/www.shop.kremlin.ch\/?post_type=product&#038;p=5094"},"modified":"2022-11-24T16:07:58","modified_gmt":"2022-11-24T16:07:58","slug":"strahlgeraet-gritco-minipro-mit-ruecksaugung","status":"publish","type":"product","link":"https:\/\/shop.kremlin.ch\/fr\/shop\/strahlgeraet-gritco-minipro-mit-ruecksaugung\/","title":{"rendered":"Strahlger\u00e4t Gritco Minipro mit R\u00fccksaugung"},"content":{"rendered":"<p><strong>Strahlger\u00e4t Gritco Minipro mit R\u00fccksaugung<\/strong><\/p>\n<p>Mit dem Strahlger\u00e4t Gritco Minipro mit R\u00fccksaugung kannst Du staubfrei Sandstrahlen. Saugkopfstrahlen ist dabei f\u00fcr das regelm\u00e4ssige und professionelle staubfreie strahlen kleinerer Fl\u00e4chen gedacht. Geeignet f\u00fcr Schweissn\u00e4hte, ebenso f\u00fcr Profile und Fl\u00e4chen. Mit einer Strahld\u00fcsengr\u00f6sse von maximal 4.8 mm bei diesem Ger\u00e4t ist es also nicht auf hohe Fl\u00e4chenleistung ausgelegt. Gut geeignet f\u00fcr,\u00a0 Fahrzeugkonstruktionen, Maschinenteile, Stahlprofile, usw. Auch die Anforderungen an die Luftversorgung sind zumal gering.<\/p>\n<p>&nbsp;<\/p>\n<p><strong>R\u00fccksaugung<\/strong><\/p>\n<p><a href=\"https:\/\/kremlin.ch\/wp-content\/uploads\/minipro.jpg\" data-featherlight=\"image\"><img fetchpriority=\"high\" decoding=\"async\" class=\" wp-image-4248 alignright\" src=\"https:\/\/kremlin.ch\/wp-content\/uploads\/minipro.jpg\" alt=\"Gritco Minipro Label\" width=\"272\" height=\"270\" \/><\/a><br \/>\nDu saugst das Strahlmittels w\u00e4hrend des F\u00fchrens des Saugkopfs nach dem Strahlen automatisch zur\u00fcck. Das funktioniert auf ebenen Fl\u00e4chen zu 100 %.\u00a0 Bei Profilen bekommt du schliesslich etwas Schwierigkeiten den Strahl ganz abzudecken mit dem Saugkopf. Aber wenngleich Du auch nur einen Teil des Strahlmittels absaugen kannst, entsteht trotzdem fast kein Staub. Das Strahlmittel fliegt n\u00e4mlich abgebremst, zudem vom Staub gereinigt direkt, sowie langsam auf den Boden. No Problemo. Deinen Strahlstaub bef\u00f6rderst Du zur\u00fcck in das Ger\u00e4t und in den Abfallbeutel. Der Profi-Sauger wird \u00fcbrigens von Nedermann hergestellt. Du kannst einen elektrisch als auch einen pneumatischen Sauger w\u00e4hlen. Die pneumatische Variante des Saugers ben\u00f6tigt allerdings viel, ca. 1000 Liter Pressluft pro Minute. Du reinigst den Filter des Saugers soviel wie n\u00f6tig im laufenden Strahlbetrieb ohne das Ger\u00e4t zu \u00f6ffnen, und ausserdem ohne dass Du deine Strahlarbeit unterbrichst.<\/p>\n<p>F\u00fcr das Strahlen Deiner unebener Fl\u00e4chen jedoch, wie Winkelprofile, oder auch f\u00fcr die Aussenfl\u00e4chen von Rundungen und Rohren nimmst Du Profilaufs\u00e4tze. (Siehe Bilder)<br \/>\nDiese montierst Du schnell und ohne spezielle Kenntnisse durch aufstecken.<\/p>\n<p>&nbsp;<\/p>\n<p><strong>Leistung Strahlger\u00e4t Gritco Minipro mit R\u00fccksaugung<\/strong><\/p>\n<p>Das Strahlmittel kannst Du leider trotzdem nur mit begrenztem Druck strahlen. Denn. Ist der Druck zu hoch eingestellt, funktioniert Deine Absaugung sp\u00e4ter nicht mehr zu 100%\u00a0 Die Leistung Deines Saugers entscheidet damit auch mit \u00fcber die Leistung Deiner ganzen Anlage. Das Strahlen in Werkst\u00e4tten ist trotzdem oft nur in einer staubfreien Variante m\u00f6glich. Die Leistung betr\u00e4gt ca. 1\/4 eines Freistrahlger\u00e4tes. Das ist noch immer schneller, bequemer, leiser und sauberer als die Nagelpistole. Weil Du erst siehst, was Du gestrahlt hast nachdem du den Saugkopf weiter bewegt hast, wird diese Technik schliesslich vor allem auf weniger empfindlichen Oberfl\u00e4chen wie Metall eingesetzt. Holz? Es geht einigermassen f\u00fcr Harth\u00f6lzer. Aber dazu geben wir eher keine Kaufempfehlung.<\/p>\n","protected":false},"excerpt":{"rendered":"<p><strong>*Preis auf Anfrage<\/strong><\/p>\n","protected":false},"featured_media":5095,"comment_status":"open","ping_status":"closed","template":"","meta":[],"product_brand":[],"product_cat":[330,332],"product_tag":[],"class_list":{"0":"post-5094","1":"product","2":"type-product","3":"status-publish","4":"has-post-thumbnail","6":"product_cat-strahltechnik","7":"product_cat-saugkopfstrahlgeraete","9":"first","10":"instock","11":"taxable","12":"shipping-taxable","13":"product-type-simple"},"acf":[],"yoast_head":"<!-- This site is optimized with the Yoast SEO plugin v22.4 - https:\/\/yoast.com\/wordpress\/plugins\/seo\/ -->\n<title>Strahlger\u00e4t Gritco Minipro mit R\u00fccksaugung - Shop Kremlin<\/title>\n<meta name=\"robots\" content=\"index, follow, max-snippet:-1, max-image-preview:large, max-video-preview:-1\" \/>\n<link rel=\"canonical\" href=\"https:\/\/shop.kremlin.ch\/fr\/shop\/strahlgeraet-gritco-minipro-mit-ruecksaugung\/\" \/>\n<meta property=\"og:locale\" content=\"fr_FR\" \/>\n<meta property=\"og:type\" content=\"article\" \/>\n<meta property=\"og:title\" content=\"Strahlger\u00e4t Gritco Minipro mit R\u00fccksaugung - Shop Kremlin\" \/>\n<meta property=\"og:description\" content=\"*Preis auf Anfrage\" \/>\n<meta property=\"og:url\" content=\"https:\/\/shop.kremlin.ch\/fr\/shop\/strahlgeraet-gritco-minipro-mit-ruecksaugung\/\" \/>\n<meta property=\"og:site_name\" content=\"Shop Kremlin\" \/>\n<meta property=\"article:publisher\" content=\"https:\/\/www.facebook.com\/klipsag\" \/>\n<meta property=\"article:modified_time\" content=\"2022-11-24T16:07:58+00:00\" \/>\n<meta property=\"og:image\" content=\"https:\/\/shop.kremlin.ch\/wp-content\/uploads\/2022\/06\/Strahlgeraet-Gritco-Minipro-mit-Ruecksaugung-.jpg\" \/>\n\t<meta property=\"og:image:width\" content=\"1724\" \/>\n\t<meta property=\"og:image:height\" content=\"1584\" \/>\n\t<meta property=\"og:image:type\" content=\"image\/jpeg\" \/>\n<meta name=\"twitter:card\" content=\"summary_large_image\" \/>\n<meta name=\"twitter:label1\" content=\"Dur\u00e9e de lecture estim\u00e9e\" \/>\n\t<meta name=\"twitter:data1\" content=\"3 minutes\" \/>\n<script type=\"application\/ld+json\" class=\"yoast-schema-graph\">{\"@context\":\"https:\/\/schema.org\",\"@graph\":[{\"@type\":\"WebPage\",\"@id\":\"https:\/\/shop.kremlin.ch\/fr\/shop\/strahlgeraet-gritco-minipro-mit-ruecksaugung\/\",\"url\":\"https:\/\/shop.kremlin.ch\/fr\/shop\/strahlgeraet-gritco-minipro-mit-ruecksaugung\/\",\"name\":\"Strahlger\u00e4t Gritco Minipro mit R\u00fccksaugung - Shop Kremlin\",\"isPartOf\":{\"@id\":\"https:\/\/shop.kremlin.ch\/fr\/#website\"},\"primaryImageOfPage\":{\"@id\":\"https:\/\/shop.kremlin.ch\/fr\/shop\/strahlgeraet-gritco-minipro-mit-ruecksaugung\/#primaryimage\"},\"image\":{\"@id\":\"https:\/\/shop.kremlin.ch\/fr\/shop\/strahlgeraet-gritco-minipro-mit-ruecksaugung\/#primaryimage\"},\"thumbnailUrl\":\"https:\/\/shop.kremlin.ch\/wp-content\/uploads\/2022\/06\/Strahlgeraet-Gritco-Minipro-mit-Ruecksaugung-.jpg\",\"datePublished\":\"2022-06-30T13:52:59+00:00\",\"dateModified\":\"2022-11-24T16:07:58+00:00\",\"breadcrumb\":{\"@id\":\"https:\/\/shop.kremlin.ch\/fr\/shop\/strahlgeraet-gritco-minipro-mit-ruecksaugung\/#breadcrumb\"},\"inLanguage\":\"fr-FR\",\"potentialAction\":[{\"@type\":\"ReadAction\",\"target\":[\"https:\/\/shop.kremlin.ch\/fr\/shop\/strahlgeraet-gritco-minipro-mit-ruecksaugung\/\"]}]},{\"@type\":\"ImageObject\",\"inLanguage\":\"fr-FR\",\"@id\":\"https:\/\/shop.kremlin.ch\/fr\/shop\/strahlgeraet-gritco-minipro-mit-ruecksaugung\/#primaryimage\",\"url\":\"https:\/\/shop.kremlin.ch\/wp-content\/uploads\/2022\/06\/Strahlgeraet-Gritco-Minipro-mit-Ruecksaugung-.jpg\",\"contentUrl\":\"https:\/\/shop.kremlin.ch\/wp-content\/uploads\/2022\/06\/Strahlgeraet-Gritco-Minipro-mit-Ruecksaugung-.jpg\",\"width\":1724,\"height\":1584,\"caption\":\"Strahlger\u00e4t Gritco Minipro mit R\u00fccksaugung\"},{\"@type\":\"BreadcrumbList\",\"@id\":\"https:\/\/shop.kremlin.ch\/fr\/shop\/strahlgeraet-gritco-minipro-mit-ruecksaugung\/#breadcrumb\",\"itemListElement\":[{\"@type\":\"ListItem\",\"position\":1,\"name\":\"Startseite\",\"item\":\"https:\/\/shop.kremlin.ch\/fr\/boutique\/\"},{\"@type\":\"ListItem\",\"position\":2,\"name\":\"Boutique\",\"item\":\"https:\/\/shop.kremlin.ch\/fr\/boutique\/\"},{\"@type\":\"ListItem\",\"position\":3,\"name\":\"Strahlger\u00e4t Gritco Minipro mit R\u00fccksaugung\"}]},{\"@type\":\"WebSite\",\"@id\":\"https:\/\/shop.kremlin.ch\/fr\/#website\",\"url\":\"https:\/\/shop.kremlin.ch\/fr\/\",\"name\":\"Shop Kremlin\",\"description\":\"Spritzger\u00e4te und Strahlger\u00e4te mit Zubeh\u00f6r\",\"publisher\":{\"@id\":\"https:\/\/shop.kremlin.ch\/fr\/#organization\"},\"potentialAction\":[{\"@type\":\"SearchAction\",\"target\":{\"@type\":\"EntryPoint\",\"urlTemplate\":\"https:\/\/shop.kremlin.ch\/fr\/?s={search_term_string}\"},\"query-input\":\"required name=search_term_string\"}],\"inLanguage\":\"fr-FR\"},{\"@type\":\"Organization\",\"@id\":\"https:\/\/shop.kremlin.ch\/fr\/#organization\",\"name\":\"Shop Kremlin\",\"url\":\"https:\/\/shop.kremlin.ch\/fr\/\",\"logo\":{\"@type\":\"ImageObject\",\"inLanguage\":\"fr-FR\",\"@id\":\"https:\/\/shop.kremlin.ch\/fr\/#\/schema\/logo\/image\/\",\"url\":\"https:\/\/www.shop.kremlin.ch\/wp-content\/uploads\/2022\/04\/logo.png\",\"contentUrl\":\"https:\/\/www.shop.kremlin.ch\/wp-content\/uploads\/2022\/04\/logo.png\",\"width\":506,\"height\":506,\"caption\":\"Shop Kremlin\"},\"image\":{\"@id\":\"https:\/\/shop.kremlin.ch\/fr\/#\/schema\/logo\/image\/\"},\"sameAs\":[\"https:\/\/www.facebook.com\/klipsag\",\"https:\/\/www.instagram.com\/k.lipsag\/\",\"https:\/\/www.youtube.com\/c\/KLipsAG\",\"https:\/\/www.tiktok.com\/@klipsag\",\"https:\/\/www.linkedin.com\/company\/k-lips-ag\/\"]}]}<\/script>\n<!-- \/ Yoast SEO plugin. -->","yoast_head_json":{"title":"Strahlger\u00e4t Gritco Minipro mit R\u00fccksaugung - Shop Kremlin","robots":{"index":"index","follow":"follow","max-snippet":"max-snippet:-1","max-image-preview":"max-image-preview:large","max-video-preview":"max-video-preview:-1"},"canonical":"https:\/\/shop.kremlin.ch\/fr\/shop\/strahlgeraet-gritco-minipro-mit-ruecksaugung\/","og_locale":"fr_FR","og_type":"article","og_title":"Strahlger\u00e4t Gritco Minipro mit R\u00fccksaugung - Shop Kremlin","og_description":"*Preis auf Anfrage","og_url":"https:\/\/shop.kremlin.ch\/fr\/shop\/strahlgeraet-gritco-minipro-mit-ruecksaugung\/","og_site_name":"Shop Kremlin","article_publisher":"https:\/\/www.facebook.com\/klipsag","article_modified_time":"2022-11-24T16:07:58+00:00","og_image":[{"width":1724,"height":1584,"url":"https:\/\/shop.kremlin.ch\/wp-content\/uploads\/2022\/06\/Strahlgeraet-Gritco-Minipro-mit-Ruecksaugung-.jpg","type":"image\/jpeg"}],"twitter_card":"summary_large_image","twitter_misc":{"Dur\u00e9e de lecture estim\u00e9e":"3 minutes"},"schema":{"@context":"https:\/\/schema.org","@graph":[{"@type":"WebPage","@id":"https:\/\/shop.kremlin.ch\/fr\/shop\/strahlgeraet-gritco-minipro-mit-ruecksaugung\/","url":"https:\/\/shop.kremlin.ch\/fr\/shop\/strahlgeraet-gritco-minipro-mit-ruecksaugung\/","name":"Strahlger\u00e4t Gritco Minipro mit R\u00fccksaugung - Shop Kremlin","isPartOf":{"@id":"https:\/\/shop.kremlin.ch\/fr\/#website"},"primaryImageOfPage":{"@id":"https:\/\/shop.kremlin.ch\/fr\/shop\/strahlgeraet-gritco-minipro-mit-ruecksaugung\/#primaryimage"},"image":{"@id":"https:\/\/shop.kremlin.ch\/fr\/shop\/strahlgeraet-gritco-minipro-mit-ruecksaugung\/#primaryimage"},"thumbnailUrl":"https:\/\/shop.kremlin.ch\/wp-content\/uploads\/2022\/06\/Strahlgeraet-Gritco-Minipro-mit-Ruecksaugung-.jpg","datePublished":"2022-06-30T13:52:59+00:00","dateModified":"2022-11-24T16:07:58+00:00","breadcrumb":{"@id":"https:\/\/shop.kremlin.ch\/fr\/shop\/strahlgeraet-gritco-minipro-mit-ruecksaugung\/#breadcrumb"},"inLanguage":"fr-FR","potentialAction":[{"@type":"ReadAction","target":["https:\/\/shop.kremlin.ch\/fr\/shop\/strahlgeraet-gritco-minipro-mit-ruecksaugung\/"]}]},{"@type":"ImageObject","inLanguage":"fr-FR","@id":"https:\/\/shop.kremlin.ch\/fr\/shop\/strahlgeraet-gritco-minipro-mit-ruecksaugung\/#primaryimage","url":"https:\/\/shop.kremlin.ch\/wp-content\/uploads\/2022\/06\/Strahlgeraet-Gritco-Minipro-mit-Ruecksaugung-.jpg","contentUrl":"https:\/\/shop.kremlin.ch\/wp-content\/uploads\/2022\/06\/Strahlgeraet-Gritco-Minipro-mit-Ruecksaugung-.jpg","width":1724,"height":1584,"caption":"Strahlger\u00e4t Gritco Minipro mit R\u00fccksaugung"},{"@type":"BreadcrumbList","@id":"https:\/\/shop.kremlin.ch\/fr\/shop\/strahlgeraet-gritco-minipro-mit-ruecksaugung\/#breadcrumb","itemListElement":[{"@type":"ListItem","position":1,"name":"Startseite","item":"https:\/\/shop.kremlin.ch\/fr\/boutique\/"},{"@type":"ListItem","position":2,"name":"Boutique","item":"https:\/\/shop.kremlin.ch\/fr\/boutique\/"},{"@type":"ListItem","position":3,"name":"Strahlger\u00e4t Gritco Minipro mit R\u00fccksaugung"}]},{"@type":"WebSite","@id":"https:\/\/shop.kremlin.ch\/fr\/#website","url":"https:\/\/shop.kremlin.ch\/fr\/","name":"Shop Kremlin","description":"Spritzger\u00e4te und Strahlger\u00e4te mit Zubeh\u00f6r","publisher":{"@id":"https:\/\/shop.kremlin.ch\/fr\/#organization"},"potentialAction":[{"@type":"SearchAction","target":{"@type":"EntryPoint","urlTemplate":"https:\/\/shop.kremlin.ch\/fr\/?s={search_term_string}"},"query-input":"required name=search_term_string"}],"inLanguage":"fr-FR"},{"@type":"Organization","@id":"https:\/\/shop.kremlin.ch\/fr\/#organization","name":"Shop Kremlin","url":"https:\/\/shop.kremlin.ch\/fr\/","logo":{"@type":"ImageObject","inLanguage":"fr-FR","@id":"https:\/\/shop.kremlin.ch\/fr\/#\/schema\/logo\/image\/","url":"https:\/\/www.shop.kremlin.ch\/wp-content\/uploads\/2022\/04\/logo.png","contentUrl":"https:\/\/www.shop.kremlin.ch\/wp-content\/uploads\/2022\/04\/logo.png","width":506,"height":506,"caption":"Shop Kremlin"},"image":{"@id":"https:\/\/shop.kremlin.ch\/fr\/#\/schema\/logo\/image\/"},"sameAs":["https:\/\/www.facebook.com\/klipsag","https:\/\/www.instagram.com\/k.lipsag\/","https:\/\/www.youtube.com\/c\/KLipsAG","https:\/\/www.tiktok.com\/@klipsag","https:\/\/www.linkedin.com\/company\/k-lips-ag\/"]}]}},"_links":{"self":[{"href":"https:\/\/shop.kremlin.ch\/fr\/wp-json\/wp\/v2\/product\/5094","targetHints":{"allow":["GET"]}}],"collection":[{"href":"https:\/\/shop.kremlin.ch\/fr\/wp-json\/wp\/v2\/product"}],"about":[{"href":"https:\/\/shop.kremlin.ch\/fr\/wp-json\/wp\/v2\/types\/product"}],"replies":[{"embeddable":true,"href":"https:\/\/shop.kremlin.ch\/fr\/wp-json\/wp\/v2\/comments?post=5094"}],"wp:featuredmedia":[{"embeddable":true,"href":"https:\/\/shop.kremlin.ch\/fr\/wp-json\/wp\/v2\/media\/5095"}],"wp:attachment":[{"href":"https:\/\/shop.kremlin.ch\/fr\/wp-json\/wp\/v2\/media?parent=5094"}],"wp:term":[{"taxonomy":"product_brand","embeddable":true,"href":"https:\/\/shop.kremlin.ch\/fr\/wp-json\/wp\/v2\/product_brand?post=5094"},{"taxonomy":"product_cat","embeddable":true,"href":"https:\/\/shop.kremlin.ch\/fr\/wp-json\/wp\/v2\/product_cat?post=5094"},{"taxonomy":"product_tag","embeddable":true,"href":"https:\/\/shop.kremlin.ch\/fr\/wp-json\/wp\/v2\/product_tag?post=5094"}],"curies":[{"name":"wp","href":"https:\/\/api.w.org\/{rel}","templated":true}]}}