{"id":5122,"date":"2022-07-01T12:21:10","date_gmt":"2022-07-01T12:21:10","guid":{"rendered":"https:\/\/www.shop.kremlin.ch\/?post_type=product&#038;p=5122"},"modified":"2025-04-10T13:37:09","modified_gmt":"2025-04-10T13:37:09","slug":"strahlanlage-mieten","status":"publish","type":"product","link":"https:\/\/shop.kremlin.ch\/fr\/shop\/strahlanlage-mieten\/","title":{"rendered":"Strahlanlage mieten"},"content":{"rendered":"<p class=\"banner-title single-title\"><strong>Strahlanlage mieten<\/strong><\/p>\n<p>Wenn Sie Fl\u00e4chen bis 300 m2 strahlen wollen, und unsere Sandstrahlanlage mieten, dann ist der in diesem Mietpacket enthaltene Kompressor WINAIR SC 2200 richtig. Wenn Sie gr\u00f6ssere Fl\u00e4chen strahlen wollen, mieten Sie von uns das Sandstrahlger\u00e4t und den Luftnachtrockner. Bei einem Baugesch\u00e4ft mieten Sie bitte einen Baukompressor mit einer Leistung von 3 bis 5000 Liter pro Minute. Die gesamten Mietkosten werden dadurch nicht h\u00f6her<\/p>\n<p><strong>Berechnung des Preises<\/strong><\/p>\n<p>8,0 Stunden auf dem Stundenz\u00e4hler = 1 Tag 12 Stunden auf dem Stundenz\u00e4hler = 1.5 Tage usw. Versp\u00e4tete R\u00fcckgaben werden pro Tag mit 8 Stunden Nutzungsdauer gleichgestellt. R\u00fcckgaben innert 24 Stunden nach Abschluss der Arbeit an Arbeitstagen. Nat\u00fcrlich sehen wir auch wenn es regnet oder schneit und sind entsprechend kulant.<\/p>\n<p>&nbsp;<\/p>\n<p><strong>Unser Tipp zu Baukompressoren wenn Sie eine Sandstrahlanlage mieten.<\/strong><\/p>\n<p>Baukompressoren haben meist eine Vorrichtung integriert, um pneumatische Werkzeuge, wie beispielsweise einen Meissel oder Presslufthammer zu schmieren. Diese Schmiervorrichtung muss f\u00fcr Strahlarbeiten zwingend ausgeschaltet sein. So kommt kein\u00a0\u00d6l\u00a0auf Ihre gestrahlten Oberfl\u00e4chen und das Strahlger\u00e4t wird nicht verunreinigt. Verlassen Sie sich nicht auf die Aussagen Ihres Vermieters. Informieren Sie sich \u00fcber das Internet oder beim Hersteller des Kompressors. Pr\u00fcfen Sie immer, ob Ihre Strahlluft \u00f6lfrei ist. Der \u00d6ler muss komplett abgeschaltet, oder falls dies nicht m\u00f6glich ist, entleert sein. Ansonsten besch\u00e4digen Sie Ihre Oberfl\u00e4chen und die Strahlanlage. Daf\u00fcr haften Sie. Sie k\u00f6nnen den \u00d6lgehalt Ihrer Pressluft pr\u00fcfen indem Sie die Luft 20 Sekunden auf ein weisses\u00a0 Blatt Papier blasen. Bleibt das Papier fettfrei und sauber ist die Luft okay.<\/p>\n<p><strong>Strahlhelm wenn Sie eine Strahlanlage mieten.<\/strong><\/p>\n<p>Wir vermieten den Strahlhelm mit Akku-Pack f\u00fcr 100 CHF pro Tag. Bedenken Sie bei diesem Preis, dass der Helm nach jeder Vermietung gewaschen und desinfiziert werden muss. Dies nicht nur in Corona Zeiten sondern bei jeder Vermietung aus hygienischen Gr\u00fcnden. Ziemlich viel Arbeit und daher gerechtfertigt. Sie k\u00f6nnen die Sandstrahlanlage mieten ohne den Strahlhelm.<\/p>\n","protected":false},"excerpt":{"rendered":"<p><strong>*Preis auf Anfrage<\/strong><\/p>\n","protected":false},"featured_media":5123,"comment_status":"open","ping_status":"closed","template":"","meta":[],"product_brand":[],"product_cat":[330],"product_tag":[],"class_list":{"0":"post-5122","1":"product","2":"type-product","3":"status-publish","4":"has-post-thumbnail","6":"product_cat-strahltechnik","8":"first","9":"instock","10":"taxable","11":"shipping-taxable","12":"purchasable","13":"product-type-simple"},"acf":[],"yoast_head":"<!-- This site is optimized with the Yoast SEO plugin v22.4 - https:\/\/yoast.com\/wordpress\/plugins\/seo\/ -->\n<title>Strahlanlage mieten - Shop Kremlin<\/title>\n<meta name=\"robots\" content=\"index, follow, max-snippet:-1, max-image-preview:large, max-video-preview:-1\" \/>\n<link rel=\"canonical\" href=\"https:\/\/shop.kremlin.ch\/fr\/shop\/strahlanlage-mieten\/\" \/>\n<meta property=\"og:locale\" content=\"fr_FR\" \/>\n<meta property=\"og:type\" content=\"article\" \/>\n<meta property=\"og:title\" content=\"Strahlanlage mieten - Shop Kremlin\" \/>\n<meta property=\"og:description\" content=\"*Preis auf Anfrage\" \/>\n<meta property=\"og:url\" content=\"https:\/\/shop.kremlin.ch\/fr\/shop\/strahlanlage-mieten\/\" \/>\n<meta property=\"og:site_name\" content=\"Shop Kremlin\" \/>\n<meta property=\"article:publisher\" content=\"https:\/\/www.facebook.com\/klipsag\" \/>\n<meta property=\"article:modified_time\" content=\"2025-04-10T13:37:09+00:00\" \/>\n<meta property=\"og:image\" content=\"https:\/\/shop.kremlin.ch\/wp-content\/uploads\/2022\/07\/Strahlanlage-mieten_neu.png\" \/>\n\t<meta property=\"og:image:width\" content=\"699\" \/>\n\t<meta property=\"og:image:height\" content=\"689\" \/>\n\t<meta property=\"og:image:type\" content=\"image\/png\" \/>\n<meta name=\"twitter:card\" content=\"summary_large_image\" \/>\n<meta name=\"twitter:label1\" content=\"Dur\u00e9e de lecture estim\u00e9e\" \/>\n\t<meta name=\"twitter:data1\" content=\"2 minutes\" \/>\n<script type=\"application\/ld+json\" class=\"yoast-schema-graph\">{\"@context\":\"https:\/\/schema.org\",\"@graph\":[{\"@type\":\"WebPage\",\"@id\":\"https:\/\/shop.kremlin.ch\/fr\/shop\/strahlanlage-mieten\/\",\"url\":\"https:\/\/shop.kremlin.ch\/fr\/shop\/strahlanlage-mieten\/\",\"name\":\"Strahlanlage mieten - Shop Kremlin\",\"isPartOf\":{\"@id\":\"https:\/\/shop.kremlin.ch\/fr\/#website\"},\"primaryImageOfPage\":{\"@id\":\"https:\/\/shop.kremlin.ch\/fr\/shop\/strahlanlage-mieten\/#primaryimage\"},\"image\":{\"@id\":\"https:\/\/shop.kremlin.ch\/fr\/shop\/strahlanlage-mieten\/#primaryimage\"},\"thumbnailUrl\":\"https:\/\/shop.kremlin.ch\/wp-content\/uploads\/2022\/07\/Strahlanlage-mieten_neu.png\",\"datePublished\":\"2022-07-01T12:21:10+00:00\",\"dateModified\":\"2025-04-10T13:37:09+00:00\",\"breadcrumb\":{\"@id\":\"https:\/\/shop.kremlin.ch\/fr\/shop\/strahlanlage-mieten\/#breadcrumb\"},\"inLanguage\":\"fr-FR\",\"potentialAction\":[{\"@type\":\"ReadAction\",\"target\":[\"https:\/\/shop.kremlin.ch\/fr\/shop\/strahlanlage-mieten\/\"]}]},{\"@type\":\"ImageObject\",\"inLanguage\":\"fr-FR\",\"@id\":\"https:\/\/shop.kremlin.ch\/fr\/shop\/strahlanlage-mieten\/#primaryimage\",\"url\":\"https:\/\/shop.kremlin.ch\/wp-content\/uploads\/2022\/07\/Strahlanlage-mieten_neu.png\",\"contentUrl\":\"https:\/\/shop.kremlin.ch\/wp-content\/uploads\/2022\/07\/Strahlanlage-mieten_neu.png\",\"width\":699,\"height\":689,\"caption\":\"Strahlanlage-mieten_neu\"},{\"@type\":\"BreadcrumbList\",\"@id\":\"https:\/\/shop.kremlin.ch\/fr\/shop\/strahlanlage-mieten\/#breadcrumb\",\"itemListElement\":[{\"@type\":\"ListItem\",\"position\":1,\"name\":\"Startseite\",\"item\":\"https:\/\/shop.kremlin.ch\/fr\/boutique\/\"},{\"@type\":\"ListItem\",\"position\":2,\"name\":\"Boutique\",\"item\":\"https:\/\/shop.kremlin.ch\/fr\/boutique\/\"},{\"@type\":\"ListItem\",\"position\":3,\"name\":\"Strahlanlage mieten\"}]},{\"@type\":\"WebSite\",\"@id\":\"https:\/\/shop.kremlin.ch\/fr\/#website\",\"url\":\"https:\/\/shop.kremlin.ch\/fr\/\",\"name\":\"Shop Kremlin\",\"description\":\"Spritzger\u00e4te und Strahlger\u00e4te mit Zubeh\u00f6r\",\"publisher\":{\"@id\":\"https:\/\/shop.kremlin.ch\/fr\/#organization\"},\"potentialAction\":[{\"@type\":\"SearchAction\",\"target\":{\"@type\":\"EntryPoint\",\"urlTemplate\":\"https:\/\/shop.kremlin.ch\/fr\/?s={search_term_string}\"},\"query-input\":\"required name=search_term_string\"}],\"inLanguage\":\"fr-FR\"},{\"@type\":\"Organization\",\"@id\":\"https:\/\/shop.kremlin.ch\/fr\/#organization\",\"name\":\"Shop Kremlin\",\"url\":\"https:\/\/shop.kremlin.ch\/fr\/\",\"logo\":{\"@type\":\"ImageObject\",\"inLanguage\":\"fr-FR\",\"@id\":\"https:\/\/shop.kremlin.ch\/fr\/#\/schema\/logo\/image\/\",\"url\":\"https:\/\/www.shop.kremlin.ch\/wp-content\/uploads\/2022\/04\/logo.png\",\"contentUrl\":\"https:\/\/www.shop.kremlin.ch\/wp-content\/uploads\/2022\/04\/logo.png\",\"width\":506,\"height\":506,\"caption\":\"Shop Kremlin\"},\"image\":{\"@id\":\"https:\/\/shop.kremlin.ch\/fr\/#\/schema\/logo\/image\/\"},\"sameAs\":[\"https:\/\/www.facebook.com\/klipsag\",\"https:\/\/www.instagram.com\/k.lipsag\/\",\"https:\/\/www.youtube.com\/c\/KLipsAG\",\"https:\/\/www.tiktok.com\/@klipsag\",\"https:\/\/www.linkedin.com\/company\/k-lips-ag\/\"]}]}<\/script>\n<!-- \/ Yoast SEO plugin. -->","yoast_head_json":{"title":"Strahlanlage mieten - Shop Kremlin","robots":{"index":"index","follow":"follow","max-snippet":"max-snippet:-1","max-image-preview":"max-image-preview:large","max-video-preview":"max-video-preview:-1"},"canonical":"https:\/\/shop.kremlin.ch\/fr\/shop\/strahlanlage-mieten\/","og_locale":"fr_FR","og_type":"article","og_title":"Strahlanlage mieten - Shop Kremlin","og_description":"*Preis auf Anfrage","og_url":"https:\/\/shop.kremlin.ch\/fr\/shop\/strahlanlage-mieten\/","og_site_name":"Shop Kremlin","article_publisher":"https:\/\/www.facebook.com\/klipsag","article_modified_time":"2025-04-10T13:37:09+00:00","og_image":[{"width":699,"height":689,"url":"https:\/\/shop.kremlin.ch\/wp-content\/uploads\/2022\/07\/Strahlanlage-mieten_neu.png","type":"image\/png"}],"twitter_card":"summary_large_image","twitter_misc":{"Dur\u00e9e de lecture estim\u00e9e":"2 minutes"},"schema":{"@context":"https:\/\/schema.org","@graph":[{"@type":"WebPage","@id":"https:\/\/shop.kremlin.ch\/fr\/shop\/strahlanlage-mieten\/","url":"https:\/\/shop.kremlin.ch\/fr\/shop\/strahlanlage-mieten\/","name":"Strahlanlage mieten - Shop Kremlin","isPartOf":{"@id":"https:\/\/shop.kremlin.ch\/fr\/#website"},"primaryImageOfPage":{"@id":"https:\/\/shop.kremlin.ch\/fr\/shop\/strahlanlage-mieten\/#primaryimage"},"image":{"@id":"https:\/\/shop.kremlin.ch\/fr\/shop\/strahlanlage-mieten\/#primaryimage"},"thumbnailUrl":"https:\/\/shop.kremlin.ch\/wp-content\/uploads\/2022\/07\/Strahlanlage-mieten_neu.png","datePublished":"2022-07-01T12:21:10+00:00","dateModified":"2025-04-10T13:37:09+00:00","breadcrumb":{"@id":"https:\/\/shop.kremlin.ch\/fr\/shop\/strahlanlage-mieten\/#breadcrumb"},"inLanguage":"fr-FR","potentialAction":[{"@type":"ReadAction","target":["https:\/\/shop.kremlin.ch\/fr\/shop\/strahlanlage-mieten\/"]}]},{"@type":"ImageObject","inLanguage":"fr-FR","@id":"https:\/\/shop.kremlin.ch\/fr\/shop\/strahlanlage-mieten\/#primaryimage","url":"https:\/\/shop.kremlin.ch\/wp-content\/uploads\/2022\/07\/Strahlanlage-mieten_neu.png","contentUrl":"https:\/\/shop.kremlin.ch\/wp-content\/uploads\/2022\/07\/Strahlanlage-mieten_neu.png","width":699,"height":689,"caption":"Strahlanlage-mieten_neu"},{"@type":"BreadcrumbList","@id":"https:\/\/shop.kremlin.ch\/fr\/shop\/strahlanlage-mieten\/#breadcrumb","itemListElement":[{"@type":"ListItem","position":1,"name":"Startseite","item":"https:\/\/shop.kremlin.ch\/fr\/boutique\/"},{"@type":"ListItem","position":2,"name":"Boutique","item":"https:\/\/shop.kremlin.ch\/fr\/boutique\/"},{"@type":"ListItem","position":3,"name":"Strahlanlage mieten"}]},{"@type":"WebSite","@id":"https:\/\/shop.kremlin.ch\/fr\/#website","url":"https:\/\/shop.kremlin.ch\/fr\/","name":"Shop Kremlin","description":"Spritzger\u00e4te und Strahlger\u00e4te mit Zubeh\u00f6r","publisher":{"@id":"https:\/\/shop.kremlin.ch\/fr\/#organization"},"potentialAction":[{"@type":"SearchAction","target":{"@type":"EntryPoint","urlTemplate":"https:\/\/shop.kremlin.ch\/fr\/?s={search_term_string}"},"query-input":"required name=search_term_string"}],"inLanguage":"fr-FR"},{"@type":"Organization","@id":"https:\/\/shop.kremlin.ch\/fr\/#organization","name":"Shop Kremlin","url":"https:\/\/shop.kremlin.ch\/fr\/","logo":{"@type":"ImageObject","inLanguage":"fr-FR","@id":"https:\/\/shop.kremlin.ch\/fr\/#\/schema\/logo\/image\/","url":"https:\/\/www.shop.kremlin.ch\/wp-content\/uploads\/2022\/04\/logo.png","contentUrl":"https:\/\/www.shop.kremlin.ch\/wp-content\/uploads\/2022\/04\/logo.png","width":506,"height":506,"caption":"Shop Kremlin"},"image":{"@id":"https:\/\/shop.kremlin.ch\/fr\/#\/schema\/logo\/image\/"},"sameAs":["https:\/\/www.facebook.com\/klipsag","https:\/\/www.instagram.com\/k.lipsag\/","https:\/\/www.youtube.com\/c\/KLipsAG","https:\/\/www.tiktok.com\/@klipsag","https:\/\/www.linkedin.com\/company\/k-lips-ag\/"]}]}},"_links":{"self":[{"href":"https:\/\/shop.kremlin.ch\/fr\/wp-json\/wp\/v2\/product\/5122","targetHints":{"allow":["GET"]}}],"collection":[{"href":"https:\/\/shop.kremlin.ch\/fr\/wp-json\/wp\/v2\/product"}],"about":[{"href":"https:\/\/shop.kremlin.ch\/fr\/wp-json\/wp\/v2\/types\/product"}],"replies":[{"embeddable":true,"href":"https:\/\/shop.kremlin.ch\/fr\/wp-json\/wp\/v2\/comments?post=5122"}],"wp:featuredmedia":[{"embeddable":true,"href":"https:\/\/shop.kremlin.ch\/fr\/wp-json\/wp\/v2\/media\/5123"}],"wp:attachment":[{"href":"https:\/\/shop.kremlin.ch\/fr\/wp-json\/wp\/v2\/media?parent=5122"}],"wp:term":[{"taxonomy":"product_brand","embeddable":true,"href":"https:\/\/shop.kremlin.ch\/fr\/wp-json\/wp\/v2\/product_brand?post=5122"},{"taxonomy":"product_cat","embeddable":true,"href":"https:\/\/shop.kremlin.ch\/fr\/wp-json\/wp\/v2\/product_cat?post=5122"},{"taxonomy":"product_tag","embeddable":true,"href":"https:\/\/shop.kremlin.ch\/fr\/wp-json\/wp\/v2\/product_tag?post=5122"}],"curies":[{"name":"wp","href":"https:\/\/api.w.org\/{rel}","templated":true}]}}