{"id":6169,"date":"2024-01-19T10:59:59","date_gmt":"2024-01-19T10:59:59","guid":{"rendered":"https:\/\/shop.kremlin.ch\/?post_type=product&#038;p=6169"},"modified":"2026-02-03T17:02:08","modified_gmt":"2026-02-03T17:02:08","slug":"pack-sableuse-a-sec-rosetta","status":"publish","type":"product","link":"https:\/\/shop.kremlin.ch\/fr\/shop\/pack-sableuse-a-sec-rosetta\/","title":{"rendered":"Pack Sableuse \u00e0 sec Rosetta"},"content":{"rendered":"","protected":false},"excerpt":{"rendered":"","protected":false},"featured_media":6126,"comment_status":"closed","ping_status":"closed","template":"","meta":[],"product_brand":[],"product_cat":[906],"product_tag":[],"class_list":{"0":"post-6169","1":"product","2":"type-product","3":"status-publish","4":"has-post-thumbnail","6":"product_cat-feinstrahlgerate","8":"first","9":"instock","10":"sale","11":"sold-individually","12":"taxable","13":"shipping-taxable","14":"purchasable","15":"product-type-simple"},"acf":[],"yoast_head":"<!-- This site is optimized with the Yoast SEO plugin v22.4 - https:\/\/yoast.com\/wordpress\/plugins\/seo\/ -->\n<title>Pack Sableuse \u00e0 sec Rosetta - Shop Kremlin Staubfreies Sandstrahlen<\/title>\n<meta name=\"description\" content=\"Rosetta H2O Premium Paket f\u00fcr Sandstrahlarbeiten. Die Wasserversorgung und die Nassstrahld\u00fcse reduzieren 90 % des Staubs.\" \/>\n<meta name=\"robots\" content=\"index, follow, max-snippet:-1, max-image-preview:large, max-video-preview:-1\" \/>\n<link rel=\"canonical\" href=\"https:\/\/shop.kremlin.ch\/fr\/shop\/pack-sableuse-a-sec-rosetta\/\" \/>\n<meta property=\"og:locale\" content=\"fr_FR\" \/>\n<meta property=\"og:type\" content=\"article\" \/>\n<meta property=\"og:title\" content=\"Pack Sableuse \u00e0 sec Rosetta - Shop Kremlin Staubfreies Sandstrahlen\" \/>\n<meta property=\"og:description\" content=\"Rosetta H2O Premium Paket f\u00fcr Sandstrahlarbeiten. Die Wasserversorgung und die Nassstrahld\u00fcse reduzieren 90 % des Staubs.\" \/>\n<meta property=\"og:url\" content=\"https:\/\/shop.kremlin.ch\/fr\/shop\/pack-sableuse-a-sec-rosetta\/\" \/>\n<meta property=\"og:site_name\" content=\"Shop Kremlin\" \/>\n<meta property=\"article:publisher\" content=\"https:\/\/www.facebook.com\/klipsag\" \/>\n<meta property=\"article:modified_time\" content=\"2026-02-03T17:02:08+00:00\" \/>\n<meta property=\"og:image\" content=\"https:\/\/shop.kremlin.ch\/wp-content\/uploads\/2023\/12\/rosetta-paket-2.png\" \/>\n\t<meta property=\"og:image:width\" content=\"1078\" \/>\n\t<meta property=\"og:image:height\" content=\"1256\" \/>\n\t<meta property=\"og:image:type\" content=\"image\/png\" \/>\n<meta name=\"twitter:card\" content=\"summary_large_image\" \/>\n<meta name=\"twitter:label1\" content=\"Dur\u00e9e de lecture estim\u00e9e\" \/>\n\t<meta name=\"twitter:data1\" content=\"1 minute\" \/>\n<script type=\"application\/ld+json\" class=\"yoast-schema-graph\">{\"@context\":\"https:\/\/schema.org\",\"@graph\":[{\"@type\":\"WebPage\",\"@id\":\"https:\/\/shop.kremlin.ch\/fr\/shop\/pack-sableuse-a-sec-rosetta\/\",\"url\":\"https:\/\/shop.kremlin.ch\/fr\/shop\/pack-sableuse-a-sec-rosetta\/\",\"name\":\"Pack Sableuse \u00e0 sec Rosetta - Shop Kremlin Staubfreies Sandstrahlen\",\"isPartOf\":{\"@id\":\"https:\/\/shop.kremlin.ch\/fr\/#website\"},\"primaryImageOfPage\":{\"@id\":\"https:\/\/shop.kremlin.ch\/fr\/shop\/pack-sableuse-a-sec-rosetta\/#primaryimage\"},\"image\":{\"@id\":\"https:\/\/shop.kremlin.ch\/fr\/shop\/pack-sableuse-a-sec-rosetta\/#primaryimage\"},\"thumbnailUrl\":\"https:\/\/shop.kremlin.ch\/wp-content\/uploads\/2023\/12\/rosetta-paket-2.png\",\"datePublished\":\"2024-01-19T10:59:59+00:00\",\"dateModified\":\"2026-02-03T17:02:08+00:00\",\"description\":\"Rosetta H2O Premium Paket f\u00fcr Sandstrahlarbeiten. Die Wasserversorgung und die Nassstrahld\u00fcse reduzieren 90 % des Staubs.\",\"breadcrumb\":{\"@id\":\"https:\/\/shop.kremlin.ch\/fr\/shop\/pack-sableuse-a-sec-rosetta\/#breadcrumb\"},\"inLanguage\":\"fr-FR\",\"potentialAction\":[{\"@type\":\"ReadAction\",\"target\":[\"https:\/\/shop.kremlin.ch\/fr\/shop\/pack-sableuse-a-sec-rosetta\/\"]}]},{\"@type\":\"ImageObject\",\"inLanguage\":\"fr-FR\",\"@id\":\"https:\/\/shop.kremlin.ch\/fr\/shop\/pack-sableuse-a-sec-rosetta\/#primaryimage\",\"url\":\"https:\/\/shop.kremlin.ch\/wp-content\/uploads\/2023\/12\/rosetta-paket-2.png\",\"contentUrl\":\"https:\/\/shop.kremlin.ch\/wp-content\/uploads\/2023\/12\/rosetta-paket-2.png\",\"width\":1078,\"height\":1256},{\"@type\":\"BreadcrumbList\",\"@id\":\"https:\/\/shop.kremlin.ch\/fr\/shop\/pack-sableuse-a-sec-rosetta\/#breadcrumb\",\"itemListElement\":[{\"@type\":\"ListItem\",\"position\":1,\"name\":\"Startseite\",\"item\":\"https:\/\/shop.kremlin.ch\/fr\/boutique\/\"},{\"@type\":\"ListItem\",\"position\":2,\"name\":\"Boutique\",\"item\":\"https:\/\/shop.kremlin.ch\/fr\/boutique\/\"},{\"@type\":\"ListItem\",\"position\":3,\"name\":\"Pack Sableuse \u00e0 sec Rosetta\"}]},{\"@type\":\"WebSite\",\"@id\":\"https:\/\/shop.kremlin.ch\/fr\/#website\",\"url\":\"https:\/\/shop.kremlin.ch\/fr\/\",\"name\":\"Shop Kremlin\",\"description\":\"Spritzger\u00e4te und Strahlger\u00e4te mit Zubeh\u00f6r\",\"publisher\":{\"@id\":\"https:\/\/shop.kremlin.ch\/fr\/#organization\"},\"potentialAction\":[{\"@type\":\"SearchAction\",\"target\":{\"@type\":\"EntryPoint\",\"urlTemplate\":\"https:\/\/shop.kremlin.ch\/fr\/?s={search_term_string}\"},\"query-input\":\"required name=search_term_string\"}],\"inLanguage\":\"fr-FR\"},{\"@type\":\"Organization\",\"@id\":\"https:\/\/shop.kremlin.ch\/fr\/#organization\",\"name\":\"Shop Kremlin\",\"url\":\"https:\/\/shop.kremlin.ch\/fr\/\",\"logo\":{\"@type\":\"ImageObject\",\"inLanguage\":\"fr-FR\",\"@id\":\"https:\/\/shop.kremlin.ch\/fr\/#\/schema\/logo\/image\/\",\"url\":\"https:\/\/www.shop.kremlin.ch\/wp-content\/uploads\/2022\/04\/logo.png\",\"contentUrl\":\"https:\/\/www.shop.kremlin.ch\/wp-content\/uploads\/2022\/04\/logo.png\",\"width\":506,\"height\":506,\"caption\":\"Shop Kremlin\"},\"image\":{\"@id\":\"https:\/\/shop.kremlin.ch\/fr\/#\/schema\/logo\/image\/\"},\"sameAs\":[\"https:\/\/www.facebook.com\/klipsag\",\"https:\/\/www.instagram.com\/k.lipsag\/\",\"https:\/\/www.youtube.com\/c\/KLipsAG\",\"https:\/\/www.tiktok.com\/@klipsag\",\"https:\/\/www.linkedin.com\/company\/k-lips-ag\/\"]}]}<\/script>\n<!-- \/ Yoast SEO plugin. -->","yoast_head_json":{"title":"Pack Sableuse \u00e0 sec Rosetta - Shop Kremlin Staubfreies Sandstrahlen","description":"Rosetta H2O Premium Paket f\u00fcr Sandstrahlarbeiten. Die Wasserversorgung und die Nassstrahld\u00fcse reduzieren 90 % des Staubs.","robots":{"index":"index","follow":"follow","max-snippet":"max-snippet:-1","max-image-preview":"max-image-preview:large","max-video-preview":"max-video-preview:-1"},"canonical":"https:\/\/shop.kremlin.ch\/fr\/shop\/pack-sableuse-a-sec-rosetta\/","og_locale":"fr_FR","og_type":"article","og_title":"Pack Sableuse \u00e0 sec Rosetta - Shop Kremlin Staubfreies Sandstrahlen","og_description":"Rosetta H2O Premium Paket f\u00fcr Sandstrahlarbeiten. Die Wasserversorgung und die Nassstrahld\u00fcse reduzieren 90 % des Staubs.","og_url":"https:\/\/shop.kremlin.ch\/fr\/shop\/pack-sableuse-a-sec-rosetta\/","og_site_name":"Shop Kremlin","article_publisher":"https:\/\/www.facebook.com\/klipsag","article_modified_time":"2026-02-03T17:02:08+00:00","og_image":[{"width":1078,"height":1256,"url":"https:\/\/shop.kremlin.ch\/wp-content\/uploads\/2023\/12\/rosetta-paket-2.png","type":"image\/png"}],"twitter_card":"summary_large_image","twitter_misc":{"Dur\u00e9e de lecture estim\u00e9e":"1 minute"},"schema":{"@context":"https:\/\/schema.org","@graph":[{"@type":"WebPage","@id":"https:\/\/shop.kremlin.ch\/fr\/shop\/pack-sableuse-a-sec-rosetta\/","url":"https:\/\/shop.kremlin.ch\/fr\/shop\/pack-sableuse-a-sec-rosetta\/","name":"Pack Sableuse \u00e0 sec Rosetta - Shop Kremlin Staubfreies Sandstrahlen","isPartOf":{"@id":"https:\/\/shop.kremlin.ch\/fr\/#website"},"primaryImageOfPage":{"@id":"https:\/\/shop.kremlin.ch\/fr\/shop\/pack-sableuse-a-sec-rosetta\/#primaryimage"},"image":{"@id":"https:\/\/shop.kremlin.ch\/fr\/shop\/pack-sableuse-a-sec-rosetta\/#primaryimage"},"thumbnailUrl":"https:\/\/shop.kremlin.ch\/wp-content\/uploads\/2023\/12\/rosetta-paket-2.png","datePublished":"2024-01-19T10:59:59+00:00","dateModified":"2026-02-03T17:02:08+00:00","description":"Rosetta H2O Premium Paket f\u00fcr Sandstrahlarbeiten. Die Wasserversorgung und die Nassstrahld\u00fcse reduzieren 90 % des Staubs.","breadcrumb":{"@id":"https:\/\/shop.kremlin.ch\/fr\/shop\/pack-sableuse-a-sec-rosetta\/#breadcrumb"},"inLanguage":"fr-FR","potentialAction":[{"@type":"ReadAction","target":["https:\/\/shop.kremlin.ch\/fr\/shop\/pack-sableuse-a-sec-rosetta\/"]}]},{"@type":"ImageObject","inLanguage":"fr-FR","@id":"https:\/\/shop.kremlin.ch\/fr\/shop\/pack-sableuse-a-sec-rosetta\/#primaryimage","url":"https:\/\/shop.kremlin.ch\/wp-content\/uploads\/2023\/12\/rosetta-paket-2.png","contentUrl":"https:\/\/shop.kremlin.ch\/wp-content\/uploads\/2023\/12\/rosetta-paket-2.png","width":1078,"height":1256},{"@type":"BreadcrumbList","@id":"https:\/\/shop.kremlin.ch\/fr\/shop\/pack-sableuse-a-sec-rosetta\/#breadcrumb","itemListElement":[{"@type":"ListItem","position":1,"name":"Startseite","item":"https:\/\/shop.kremlin.ch\/fr\/boutique\/"},{"@type":"ListItem","position":2,"name":"Boutique","item":"https:\/\/shop.kremlin.ch\/fr\/boutique\/"},{"@type":"ListItem","position":3,"name":"Pack Sableuse \u00e0 sec Rosetta"}]},{"@type":"WebSite","@id":"https:\/\/shop.kremlin.ch\/fr\/#website","url":"https:\/\/shop.kremlin.ch\/fr\/","name":"Shop Kremlin","description":"Spritzger\u00e4te und Strahlger\u00e4te mit Zubeh\u00f6r","publisher":{"@id":"https:\/\/shop.kremlin.ch\/fr\/#organization"},"potentialAction":[{"@type":"SearchAction","target":{"@type":"EntryPoint","urlTemplate":"https:\/\/shop.kremlin.ch\/fr\/?s={search_term_string}"},"query-input":"required name=search_term_string"}],"inLanguage":"fr-FR"},{"@type":"Organization","@id":"https:\/\/shop.kremlin.ch\/fr\/#organization","name":"Shop Kremlin","url":"https:\/\/shop.kremlin.ch\/fr\/","logo":{"@type":"ImageObject","inLanguage":"fr-FR","@id":"https:\/\/shop.kremlin.ch\/fr\/#\/schema\/logo\/image\/","url":"https:\/\/www.shop.kremlin.ch\/wp-content\/uploads\/2022\/04\/logo.png","contentUrl":"https:\/\/www.shop.kremlin.ch\/wp-content\/uploads\/2022\/04\/logo.png","width":506,"height":506,"caption":"Shop Kremlin"},"image":{"@id":"https:\/\/shop.kremlin.ch\/fr\/#\/schema\/logo\/image\/"},"sameAs":["https:\/\/www.facebook.com\/klipsag","https:\/\/www.instagram.com\/k.lipsag\/","https:\/\/www.youtube.com\/c\/KLipsAG","https:\/\/www.tiktok.com\/@klipsag","https:\/\/www.linkedin.com\/company\/k-lips-ag\/"]}]}},"_links":{"self":[{"href":"https:\/\/shop.kremlin.ch\/fr\/wp-json\/wp\/v2\/product\/6169","targetHints":{"allow":["GET"]}}],"collection":[{"href":"https:\/\/shop.kremlin.ch\/fr\/wp-json\/wp\/v2\/product"}],"about":[{"href":"https:\/\/shop.kremlin.ch\/fr\/wp-json\/wp\/v2\/types\/product"}],"replies":[{"embeddable":true,"href":"https:\/\/shop.kremlin.ch\/fr\/wp-json\/wp\/v2\/comments?post=6169"}],"wp:featuredmedia":[{"embeddable":true,"href":"https:\/\/shop.kremlin.ch\/fr\/wp-json\/wp\/v2\/media\/6126"}],"wp:attachment":[{"href":"https:\/\/shop.kremlin.ch\/fr\/wp-json\/wp\/v2\/media?parent=6169"}],"wp:term":[{"taxonomy":"product_brand","embeddable":true,"href":"https:\/\/shop.kremlin.ch\/fr\/wp-json\/wp\/v2\/product_brand?post=6169"},{"taxonomy":"product_cat","embeddable":true,"href":"https:\/\/shop.kremlin.ch\/fr\/wp-json\/wp\/v2\/product_cat?post=6169"},{"taxonomy":"product_tag","embeddable":true,"href":"https:\/\/shop.kremlin.ch\/fr\/wp-json\/wp\/v2\/product_tag?post=6169"}],"curies":[{"name":"wp","href":"https:\/\/api.w.org\/{rel}","templated":true}]}}