{"id":6683,"date":"2025-03-04T13:13:29","date_gmt":"2025-03-04T13:13:29","guid":{"rendered":"https:\/\/shop.kremlin.ch\/?post_type=product&#038;p=6683"},"modified":"2025-03-04T13:13:29","modified_gmt":"2025-03-04T13:13:29","slug":"cejn-multiflow","status":"publish","type":"product","link":"https:\/\/shop.kremlin.ch\/fr\/shop\/cejn-multiflow\/","title":{"rendered":"CEJN MultiFLOW"},"content":{"rendered":"<p data-start=\"97\" data-end=\"173\"><strong data-start=\"97\" data-end=\"171\">CEJN MultiFLOW \u2013 Hochleistungs-Blaspistole mit einstellbarem Luftstrom<\/strong><\/p>\n<p data-start=\"175\" data-end=\"429\">Die\u00a0<strong data-start=\"179\" data-end=\"197\">CEJN MultiFLOW<\/strong>\u00a0ist eine vielseitige Blaspistole, die sowohl mit Luft als auch mit Wasser kraftvoll reinigt. Dank des einstellbaren Luftstroms, der \u00fcber einen praktischen Regler am Griff gesteuert wird, l\u00e4sst sich die Blaskraft pr\u00e4zise anpassen.<\/p>\n<p data-start=\"431\" data-end=\"585\">Ausgestattet mit einer Sicherheitsd\u00fcse erf\u00fcllt und \u00fcbertrifft die MultiFLOW die OSHA-Sicherheitsstandards in Bezug auf statischen Druck bei Blockierung.<\/p>\n<p data-start=\"587\" data-end=\"771\">Ideal geeignet f\u00fcr:<br data-start=\"606\" data-end=\"609\" \/>\u2714 Entfernen von Staub, Sp\u00e4nen oder R\u00fcckst\u00e4nden<br data-start=\"655\" data-end=\"658\" \/>\u2714 Trocknen von Oberfl\u00e4chen<br data-start=\"684\" data-end=\"687\" \/>\u2714 Reinigen von Maschinen mit Wasser<br data-start=\"722\" data-end=\"725\" \/>\u2714 K\u00fchlen von Bauteilen, z. B. beim Schweissen<\/p>\n<p data-start=\"773\" data-end=\"880\">Die\u00a0<strong data-start=\"777\" data-end=\"795\">CEJN MultiFLOW<\/strong> bietet maximale Leistung und Sicherheit \u2013 perfekt f\u00fcr den professionellen Einsatz!<\/p>\n<h2><\/h2>\n<p><iframe title=\"YouTube video player\" src=\"https:\/\/www.youtube.com\/embed\/YFltqO6Dk_k?si=04KbAiGMclizIfrd\" width=\"560\" height=\"315\" frameborder=\"0\" allowfullscreen=\"allowfullscreen\"><\/iframe><\/p>\n","protected":false},"excerpt":{"rendered":"<p>CEJN MultiFLOW \u2013 Hochleistungs-Blaspistole mit einstellbarem Luftstrom Die\u00a0CEJN MultiFLOW\u00a0ist eine vielseitige Blaspistole, die sowohl mit Luft als auch mit Wasser\u2026<\/p>\n","protected":false},"featured_media":6684,"comment_status":"open","ping_status":"closed","template":"","meta":[],"product_brand":[],"product_cat":[349,340],"product_tag":[],"class_list":{"0":"post-6683","1":"product","2":"type-product","3":"status-publish","4":"has-post-thumbnail","6":"product_cat-strahlzubehoer","7":"product_cat-zubehoer","9":"first","10":"instock","11":"taxable","12":"shipping-taxable","13":"purchasable","14":"product-type-simple"},"acf":[],"yoast_head":"<!-- This site is optimized with the Yoast SEO plugin v22.4 - https:\/\/yoast.com\/wordpress\/plugins\/seo\/ -->\n<title>CEJN MultiFLOW - Shop Kremlin<\/title>\n<meta name=\"robots\" content=\"index, follow, max-snippet:-1, max-image-preview:large, max-video-preview:-1\" \/>\n<link rel=\"canonical\" href=\"https:\/\/shop.kremlin.ch\/fr\/shop\/cejn-multiflow\/\" \/>\n<meta property=\"og:locale\" content=\"fr_FR\" \/>\n<meta property=\"og:type\" content=\"article\" \/>\n<meta property=\"og:title\" content=\"CEJN MultiFLOW - Shop Kremlin\" \/>\n<meta property=\"og:description\" content=\"CEJN MultiFLOW \u2013 Hochleistungs-Blaspistole mit einstellbarem Luftstrom Die\u00a0CEJN MultiFLOW\u00a0ist eine vielseitige Blaspistole, die sowohl mit Luft als auch mit Wasser\u2026\" \/>\n<meta property=\"og:url\" content=\"https:\/\/shop.kremlin.ch\/fr\/shop\/cejn-multiflow\/\" \/>\n<meta property=\"og:site_name\" content=\"Shop Kremlin\" \/>\n<meta property=\"article:publisher\" content=\"https:\/\/www.facebook.com\/klipsag\" \/>\n<meta property=\"og:image\" content=\"https:\/\/shop.kremlin.ch\/wp-content\/uploads\/2025\/03\/cejn_multiflow.png\" \/>\n\t<meta property=\"og:image:width\" content=\"742\" \/>\n\t<meta property=\"og:image:height\" content=\"742\" \/>\n\t<meta property=\"og:image:type\" content=\"image\/png\" \/>\n<meta name=\"twitter:card\" content=\"summary_large_image\" \/>\n<meta name=\"twitter:label1\" content=\"Dur\u00e9e de lecture estim\u00e9e\" \/>\n\t<meta name=\"twitter:data1\" content=\"1 minute\" \/>\n<script type=\"application\/ld+json\" class=\"yoast-schema-graph\">{\"@context\":\"https:\/\/schema.org\",\"@graph\":[{\"@type\":\"WebPage\",\"@id\":\"https:\/\/shop.kremlin.ch\/fr\/shop\/cejn-multiflow\/\",\"url\":\"https:\/\/shop.kremlin.ch\/fr\/shop\/cejn-multiflow\/\",\"name\":\"CEJN MultiFLOW - Shop Kremlin\",\"isPartOf\":{\"@id\":\"https:\/\/shop.kremlin.ch\/fr\/#website\"},\"primaryImageOfPage\":{\"@id\":\"https:\/\/shop.kremlin.ch\/fr\/shop\/cejn-multiflow\/#primaryimage\"},\"image\":{\"@id\":\"https:\/\/shop.kremlin.ch\/fr\/shop\/cejn-multiflow\/#primaryimage\"},\"thumbnailUrl\":\"https:\/\/shop.kremlin.ch\/wp-content\/uploads\/2025\/03\/cejn_multiflow.png\",\"datePublished\":\"2025-03-04T13:13:29+00:00\",\"dateModified\":\"2025-03-04T13:13:29+00:00\",\"breadcrumb\":{\"@id\":\"https:\/\/shop.kremlin.ch\/fr\/shop\/cejn-multiflow\/#breadcrumb\"},\"inLanguage\":\"fr-FR\",\"potentialAction\":[{\"@type\":\"ReadAction\",\"target\":[\"https:\/\/shop.kremlin.ch\/fr\/shop\/cejn-multiflow\/\"]}]},{\"@type\":\"ImageObject\",\"inLanguage\":\"fr-FR\",\"@id\":\"https:\/\/shop.kremlin.ch\/fr\/shop\/cejn-multiflow\/#primaryimage\",\"url\":\"https:\/\/shop.kremlin.ch\/wp-content\/uploads\/2025\/03\/cejn_multiflow.png\",\"contentUrl\":\"https:\/\/shop.kremlin.ch\/wp-content\/uploads\/2025\/03\/cejn_multiflow.png\",\"width\":742,\"height\":742,\"caption\":\"CEJN MultiFLOW\"},{\"@type\":\"BreadcrumbList\",\"@id\":\"https:\/\/shop.kremlin.ch\/fr\/shop\/cejn-multiflow\/#breadcrumb\",\"itemListElement\":[{\"@type\":\"ListItem\",\"position\":1,\"name\":\"Startseite\",\"item\":\"https:\/\/shop.kremlin.ch\/fr\/boutique\/\"},{\"@type\":\"ListItem\",\"position\":2,\"name\":\"Boutique\",\"item\":\"https:\/\/shop.kremlin.ch\/fr\/boutique\/\"},{\"@type\":\"ListItem\",\"position\":3,\"name\":\"CEJN MultiFLOW\"}]},{\"@type\":\"WebSite\",\"@id\":\"https:\/\/shop.kremlin.ch\/fr\/#website\",\"url\":\"https:\/\/shop.kremlin.ch\/fr\/\",\"name\":\"Shop Kremlin\",\"description\":\"Spritzger\u00e4te und Strahlger\u00e4te mit Zubeh\u00f6r\",\"publisher\":{\"@id\":\"https:\/\/shop.kremlin.ch\/fr\/#organization\"},\"potentialAction\":[{\"@type\":\"SearchAction\",\"target\":{\"@type\":\"EntryPoint\",\"urlTemplate\":\"https:\/\/shop.kremlin.ch\/fr\/?s={search_term_string}\"},\"query-input\":\"required name=search_term_string\"}],\"inLanguage\":\"fr-FR\"},{\"@type\":\"Organization\",\"@id\":\"https:\/\/shop.kremlin.ch\/fr\/#organization\",\"name\":\"Shop Kremlin\",\"url\":\"https:\/\/shop.kremlin.ch\/fr\/\",\"logo\":{\"@type\":\"ImageObject\",\"inLanguage\":\"fr-FR\",\"@id\":\"https:\/\/shop.kremlin.ch\/fr\/#\/schema\/logo\/image\/\",\"url\":\"https:\/\/www.shop.kremlin.ch\/wp-content\/uploads\/2022\/04\/logo.png\",\"contentUrl\":\"https:\/\/www.shop.kremlin.ch\/wp-content\/uploads\/2022\/04\/logo.png\",\"width\":506,\"height\":506,\"caption\":\"Shop Kremlin\"},\"image\":{\"@id\":\"https:\/\/shop.kremlin.ch\/fr\/#\/schema\/logo\/image\/\"},\"sameAs\":[\"https:\/\/www.facebook.com\/klipsag\",\"https:\/\/www.instagram.com\/k.lipsag\/\",\"https:\/\/www.youtube.com\/c\/KLipsAG\",\"https:\/\/www.tiktok.com\/@klipsag\",\"https:\/\/www.linkedin.com\/company\/k-lips-ag\/\"]}]}<\/script>\n<!-- \/ Yoast SEO plugin. -->","yoast_head_json":{"title":"CEJN MultiFLOW - Shop Kremlin","robots":{"index":"index","follow":"follow","max-snippet":"max-snippet:-1","max-image-preview":"max-image-preview:large","max-video-preview":"max-video-preview:-1"},"canonical":"https:\/\/shop.kremlin.ch\/fr\/shop\/cejn-multiflow\/","og_locale":"fr_FR","og_type":"article","og_title":"CEJN MultiFLOW - Shop Kremlin","og_description":"CEJN MultiFLOW \u2013 Hochleistungs-Blaspistole mit einstellbarem Luftstrom Die\u00a0CEJN MultiFLOW\u00a0ist eine vielseitige Blaspistole, die sowohl mit Luft als auch mit Wasser\u2026","og_url":"https:\/\/shop.kremlin.ch\/fr\/shop\/cejn-multiflow\/","og_site_name":"Shop Kremlin","article_publisher":"https:\/\/www.facebook.com\/klipsag","og_image":[{"width":742,"height":742,"url":"https:\/\/shop.kremlin.ch\/wp-content\/uploads\/2025\/03\/cejn_multiflow.png","type":"image\/png"}],"twitter_card":"summary_large_image","twitter_misc":{"Dur\u00e9e de lecture estim\u00e9e":"1 minute"},"schema":{"@context":"https:\/\/schema.org","@graph":[{"@type":"WebPage","@id":"https:\/\/shop.kremlin.ch\/fr\/shop\/cejn-multiflow\/","url":"https:\/\/shop.kremlin.ch\/fr\/shop\/cejn-multiflow\/","name":"CEJN MultiFLOW - Shop Kremlin","isPartOf":{"@id":"https:\/\/shop.kremlin.ch\/fr\/#website"},"primaryImageOfPage":{"@id":"https:\/\/shop.kremlin.ch\/fr\/shop\/cejn-multiflow\/#primaryimage"},"image":{"@id":"https:\/\/shop.kremlin.ch\/fr\/shop\/cejn-multiflow\/#primaryimage"},"thumbnailUrl":"https:\/\/shop.kremlin.ch\/wp-content\/uploads\/2025\/03\/cejn_multiflow.png","datePublished":"2025-03-04T13:13:29+00:00","dateModified":"2025-03-04T13:13:29+00:00","breadcrumb":{"@id":"https:\/\/shop.kremlin.ch\/fr\/shop\/cejn-multiflow\/#breadcrumb"},"inLanguage":"fr-FR","potentialAction":[{"@type":"ReadAction","target":["https:\/\/shop.kremlin.ch\/fr\/shop\/cejn-multiflow\/"]}]},{"@type":"ImageObject","inLanguage":"fr-FR","@id":"https:\/\/shop.kremlin.ch\/fr\/shop\/cejn-multiflow\/#primaryimage","url":"https:\/\/shop.kremlin.ch\/wp-content\/uploads\/2025\/03\/cejn_multiflow.png","contentUrl":"https:\/\/shop.kremlin.ch\/wp-content\/uploads\/2025\/03\/cejn_multiflow.png","width":742,"height":742,"caption":"CEJN MultiFLOW"},{"@type":"BreadcrumbList","@id":"https:\/\/shop.kremlin.ch\/fr\/shop\/cejn-multiflow\/#breadcrumb","itemListElement":[{"@type":"ListItem","position":1,"name":"Startseite","item":"https:\/\/shop.kremlin.ch\/fr\/boutique\/"},{"@type":"ListItem","position":2,"name":"Boutique","item":"https:\/\/shop.kremlin.ch\/fr\/boutique\/"},{"@type":"ListItem","position":3,"name":"CEJN MultiFLOW"}]},{"@type":"WebSite","@id":"https:\/\/shop.kremlin.ch\/fr\/#website","url":"https:\/\/shop.kremlin.ch\/fr\/","name":"Shop Kremlin","description":"Spritzger\u00e4te und Strahlger\u00e4te mit Zubeh\u00f6r","publisher":{"@id":"https:\/\/shop.kremlin.ch\/fr\/#organization"},"potentialAction":[{"@type":"SearchAction","target":{"@type":"EntryPoint","urlTemplate":"https:\/\/shop.kremlin.ch\/fr\/?s={search_term_string}"},"query-input":"required name=search_term_string"}],"inLanguage":"fr-FR"},{"@type":"Organization","@id":"https:\/\/shop.kremlin.ch\/fr\/#organization","name":"Shop Kremlin","url":"https:\/\/shop.kremlin.ch\/fr\/","logo":{"@type":"ImageObject","inLanguage":"fr-FR","@id":"https:\/\/shop.kremlin.ch\/fr\/#\/schema\/logo\/image\/","url":"https:\/\/www.shop.kremlin.ch\/wp-content\/uploads\/2022\/04\/logo.png","contentUrl":"https:\/\/www.shop.kremlin.ch\/wp-content\/uploads\/2022\/04\/logo.png","width":506,"height":506,"caption":"Shop Kremlin"},"image":{"@id":"https:\/\/shop.kremlin.ch\/fr\/#\/schema\/logo\/image\/"},"sameAs":["https:\/\/www.facebook.com\/klipsag","https:\/\/www.instagram.com\/k.lipsag\/","https:\/\/www.youtube.com\/c\/KLipsAG","https:\/\/www.tiktok.com\/@klipsag","https:\/\/www.linkedin.com\/company\/k-lips-ag\/"]}]}},"_links":{"self":[{"href":"https:\/\/shop.kremlin.ch\/fr\/wp-json\/wp\/v2\/product\/6683","targetHints":{"allow":["GET"]}}],"collection":[{"href":"https:\/\/shop.kremlin.ch\/fr\/wp-json\/wp\/v2\/product"}],"about":[{"href":"https:\/\/shop.kremlin.ch\/fr\/wp-json\/wp\/v2\/types\/product"}],"replies":[{"embeddable":true,"href":"https:\/\/shop.kremlin.ch\/fr\/wp-json\/wp\/v2\/comments?post=6683"}],"wp:featuredmedia":[{"embeddable":true,"href":"https:\/\/shop.kremlin.ch\/fr\/wp-json\/wp\/v2\/media\/6684"}],"wp:attachment":[{"href":"https:\/\/shop.kremlin.ch\/fr\/wp-json\/wp\/v2\/media?parent=6683"}],"wp:term":[{"taxonomy":"product_brand","embeddable":true,"href":"https:\/\/shop.kremlin.ch\/fr\/wp-json\/wp\/v2\/product_brand?post=6683"},{"taxonomy":"product_cat","embeddable":true,"href":"https:\/\/shop.kremlin.ch\/fr\/wp-json\/wp\/v2\/product_cat?post=6683"},{"taxonomy":"product_tag","embeddable":true,"href":"https:\/\/shop.kremlin.ch\/fr\/wp-json\/wp\/v2\/product_tag?post=6683"}],"curies":[{"name":"wp","href":"https:\/\/api.w.org\/{rel}","templated":true}]}}