{"id":6737,"date":"2025-05-07T15:07:18","date_gmt":"2025-05-07T15:07:18","guid":{"rendered":"https:\/\/shop.kremlin.ch\/?post_type=product&#038;p=6737"},"modified":"2025-05-22T11:42:40","modified_gmt":"2025-05-22T11:42:40","slug":"strahlgeraet-rosetta-mit-ruecksaugung","status":"publish","type":"product","link":"https:\/\/shop.kremlin.ch\/fr\/shop\/strahlgeraet-rosetta-mit-ruecksaugung\/","title":{"rendered":"R\u00fccksaugung f\u00fcr Rosetta"},"content":{"rendered":"<h2><strong>Staubfreies Trockensandstrahlen mit dem Rosetta-System<\/strong><\/h2>\n<p>Erlebe effizientes Sandstrahlen \u2013 ohne Staubwolken.<\/p>\n<p>Mit dem optionalen Saugkopf-Zusatz f\u00fcr das Rosetta Sandstrahlger\u00e4t kannst Du trocken sandstrahlen, ohne Deine Umgebung in Staub zu h\u00fcllen. Spezielle B\u00fcrstenaufs\u00e4tze in verschiedenen Formen erm\u00f6glichen pr\u00e4zises Arbeiten \u2013 auch an Rundungen, Ecken und Kanten.<\/p>\n<div class=\"video-container responsive-embed widescreen\"><iframe title=\"Saugkopfstrahlger\u00e4t Rosetta mit R\u00fccksaugung\" width=\"1778\" height=\"1000\" src=\"https:\/\/www.youtube.com\/embed\/-W1gvcY6Ua4?feature=oembed&#038;enablejsapi=1&#038;rel=0&#038;showinfo=0&#038;color=white\" frameborder=\"0\" allow=\"accelerometer; autoplay; clipboard-write; encrypted-media; gyroscope; picture-in-picture; web-share\" referrerpolicy=\"strict-origin-when-cross-origin\" allowfullscreen><\/iframe><\/div>\n<h2><strong>Wie funktioniert\u2019s? \u2013 Staubabsaugung direkt am Strahlkopf<\/strong><\/h2>\n<p>Das Strahlmittel wird w\u00e4hrend der Arbeit direkt abgesaugt und im Auffangbeutel gesammelt.<br \/>\nSelbst bei kleinen Undichtigkeiten oder Unebenheiten bleibt die Umgebung sauber: Die R\u00fccksaugung verlangsamt das herabfallende Strahlmittel und verhindert effektiv die Staubbildung \u2013 selbst bei minimalem Verlust.<\/p>\n<h2><strong>Montage? In unter 60 Sekunden erledigt.<\/strong><\/h2>\n<p>Die Saugkopf-Funktion l\u00e4sst sich werkzeuglos montieren \u2013 ganz einfach per Plug &amp; Play.<br \/>\nDu brauchst keine Vorkenntnisse und kein Spezialwerkzeug. Einmal angebracht, bist Du sofort einsatzbereit.<\/p>\n<h2><strong>Nach dem Strahlen: Einfach sauber.<\/strong><\/h2>\n<p>Nach der Arbeit saugst Du mit dem Saugkopf einfach den restlichen Staub vom Boden auf. Schnell, gr\u00fcndlich, m\u00fchelos.<\/p>\n<h2><strong>Rosetta \u2013 das Multitalent unter den Sandstrahlger\u00e4ten<\/strong><\/h2>\n<p>Das Rosetta ist das einzige Ger\u00e4t auf dem Markt, das Trocken-, Nass- und Saugkopf-Sandstrahlen in einem einzigen System kombiniert \u2013 und das zu einem Bruchteil der Kosten anderer Ger\u00e4te, die nur eine dieser Funktionen bieten.<\/p>\n<p>Mach mehr aus deinen Auftr\u00e4gen. Mit Rosetta.<\/p>\n<p>&nbsp;<\/p>\n<div id='gallery-1' class='gallery galleryid-6737 gallery-columns-3 gallery-size-medium'><figure class='gallery-item'>\n\t\t\t<div class='gallery-icon portrait'>\n\t\t\t\t<a data-open=\"modal-69eb5d846b751\"><img fetchpriority=\"high\" decoding=\"async\" width=\"251\" height=\"300\" src=\"https:\/\/shop.kremlin.ch\/wp-content\/uploads\/2025\/05\/Rosetta-Sandstrahlgeraet-251x300.png\" class=\"attachment-medium size-medium\" alt=\"\" aria-describedby=\"gallery-1-6739\" srcset=\"https:\/\/shop.kremlin.ch\/wp-content\/uploads\/2025\/05\/Rosetta-Sandstrahlgeraet-251x300.png 251w, https:\/\/shop.kremlin.ch\/wp-content\/uploads\/2025\/05\/Rosetta-Sandstrahlgeraet-858x1024.png 858w, https:\/\/shop.kremlin.ch\/wp-content\/uploads\/2025\/05\/Rosetta-Sandstrahlgeraet-768x916.png 768w, https:\/\/shop.kremlin.ch\/wp-content\/uploads\/2025\/05\/Rosetta-Sandstrahlgeraet-671x800.png 671w, https:\/\/shop.kremlin.ch\/wp-content\/uploads\/2025\/05\/Rosetta-Sandstrahlgeraet-838x1000.png 838w, https:\/\/shop.kremlin.ch\/wp-content\/uploads\/2025\/05\/Rosetta-Sandstrahlgeraet-400x480.png 400w, https:\/\/shop.kremlin.ch\/wp-content\/uploads\/2025\/05\/Rosetta-Sandstrahlgeraet-1000x1193.png 1000w, https:\/\/shop.kremlin.ch\/wp-content\/uploads\/2025\/05\/Rosetta-Sandstrahlgeraet.png 1244w\" sizes=\"(max-width: 251px) 100vw, 251px\" \/><\/a><div class=\"full reveal blog-gallery\" id=\"modal-69eb5d846b751\" data-reveal>\n                    <img decoding=\"async\" src=\"https:\/\/shop.kremlin.ch\/wp-content\/uploads\/2025\/05\/Rosetta-Sandstrahlgeraet.png\" \/>\n                      <button class=\"blog-gallery-btn close-button\" data-close type=\"button\">\n                      <\/button>\n                      <button class=\"blog-gallery-btn next\"><\/button>\n                      <button class=\"blog-gallery-btn prev\"><\/button>\n                    <\/div>\n\t\t\t<\/div>\n\t\t\t\t<figcaption class='wp-caption-text gallery-caption' id='gallery-1-6739'>\n\t\t\t\tRosetta Trockenversion\n\t\t\t\t<\/figcaption><\/figure><figure class='gallery-item'>\n\t\t\t<div class='gallery-icon landscape'>\n\t\t\t\t<a data-open=\"modal-69eb5d846b882\"><img decoding=\"async\" width=\"300\" height=\"300\" src=\"https:\/\/shop.kremlin.ch\/wp-content\/uploads\/2025\/05\/husqvarna-300x300.png\" class=\"attachment-medium size-medium\" alt=\"\" aria-describedby=\"gallery-1-6741\" srcset=\"https:\/\/shop.kremlin.ch\/wp-content\/uploads\/2025\/05\/husqvarna-300x300.png 300w, https:\/\/shop.kremlin.ch\/wp-content\/uploads\/2025\/05\/husqvarna-1024x1024.png 1024w, https:\/\/shop.kremlin.ch\/wp-content\/uploads\/2025\/05\/husqvarna-150x150.png 150w, https:\/\/shop.kremlin.ch\/wp-content\/uploads\/2025\/05\/husqvarna-768x768.png 768w, https:\/\/shop.kremlin.ch\/wp-content\/uploads\/2025\/05\/husqvarna-800x800.png 800w, https:\/\/shop.kremlin.ch\/wp-content\/uploads\/2025\/05\/husqvarna-1000x1000.png 1000w, https:\/\/shop.kremlin.ch\/wp-content\/uploads\/2025\/05\/husqvarna-200x200.png 200w, https:\/\/shop.kremlin.ch\/wp-content\/uploads\/2025\/05\/husqvarna.png 1230w\" sizes=\"(max-width: 300px) 100vw, 300px\" \/><\/a><div class=\"full reveal blog-gallery\" id=\"modal-69eb5d846b882\" data-reveal>\n                    <img decoding=\"async\" src=\"https:\/\/shop.kremlin.ch\/wp-content\/uploads\/2025\/05\/husqvarna.png\" \/>\n                      <button class=\"blog-gallery-btn close-button\" data-close type=\"button\">\n                      <\/button>\n                      <button class=\"blog-gallery-btn next\"><\/button>\n                      <button class=\"blog-gallery-btn prev\"><\/button>\n                    <\/div>\n\t\t\t<\/div>\n\t\t\t\t<figcaption class='wp-caption-text gallery-caption' id='gallery-1-6741'>\n\t\t\t\tHusqvarna Sauger\n\t\t\t\t<\/figcaption><\/figure><figure class='gallery-item'>\n\t\t\t<div class='gallery-icon landscape'>\n\t\t\t\t<a data-open=\"modal-69eb5d846b98f\"><img decoding=\"async\" width=\"300\" height=\"300\" src=\"https:\/\/shop.kremlin.ch\/wp-content\/uploads\/2025\/05\/Buerstenaufsaetze-300x300.png\" class=\"attachment-medium size-medium\" alt=\"B\u00fcrstenaufs\u00e4tze 1 x flach, 1 x zugespitzt\" aria-describedby=\"gallery-1-6745\" srcset=\"https:\/\/shop.kremlin.ch\/wp-content\/uploads\/2025\/05\/Buerstenaufsaetze-300x300.png 300w, https:\/\/shop.kremlin.ch\/wp-content\/uploads\/2025\/05\/Buerstenaufsaetze-1024x1024.png 1024w, https:\/\/shop.kremlin.ch\/wp-content\/uploads\/2025\/05\/Buerstenaufsaetze-150x150.png 150w, https:\/\/shop.kremlin.ch\/wp-content\/uploads\/2025\/05\/Buerstenaufsaetze-768x768.png 768w, https:\/\/shop.kremlin.ch\/wp-content\/uploads\/2025\/05\/Buerstenaufsaetze-800x800.png 800w, https:\/\/shop.kremlin.ch\/wp-content\/uploads\/2025\/05\/Buerstenaufsaetze-1000x1000.png 1000w, https:\/\/shop.kremlin.ch\/wp-content\/uploads\/2025\/05\/Buerstenaufsaetze-200x200.png 200w, https:\/\/shop.kremlin.ch\/wp-content\/uploads\/2025\/05\/Buerstenaufsaetze.png 1230w\" sizes=\"(max-width: 300px) 100vw, 300px\" \/><\/a><div class=\"full reveal blog-gallery\" id=\"modal-69eb5d846b98f\" data-reveal>\n                    <img decoding=\"async\" src=\"https:\/\/shop.kremlin.ch\/wp-content\/uploads\/2025\/05\/Buerstenaufsaetze.png\" \/>\n                      <button class=\"blog-gallery-btn close-button\" data-close type=\"button\">\n                      <\/button>\n                      <button class=\"blog-gallery-btn next\"><\/button>\n                      <button class=\"blog-gallery-btn prev\"><\/button>\n                    <\/div>\n\t\t\t<\/div>\n\t\t\t\t<figcaption class='wp-caption-text gallery-caption' id='gallery-1-6745'>\n\t\t\t\tB\u00fcrstenaufs\u00e4tze 1 x flach, 1 x zugespitzt\n\t\t\t\t<\/figcaption><\/figure>\n\t\t<\/div>\n\n<p>&nbsp;<\/p>\n<p>&lt;a href=\u00a0\u00bbhttps:\/\/kremlin.ch\/kontakt\/\u00a0\u00bb&gt;Kontaktiere uns, wenn Du mehr wissen m\u00f6chtest.&lt;\/a&gt;.<\/p>\n","protected":false},"excerpt":{"rendered":"<p>Staubfreies Trockensandstrahlen mit dem Rosetta-System Erlebe effizientes Sandstrahlen \u2013 ohne Staubwolken. Mit dem optionalen Saugkopf-Zusatz f\u00fcr das Rosetta Sandstrahlger\u00e4t kannst\u2026<\/p>\n","protected":false},"featured_media":6747,"comment_status":"open","ping_status":"closed","template":"","meta":[],"product_brand":[],"product_cat":[330,332],"product_tag":[],"class_list":{"0":"post-6737","1":"product","2":"type-product","3":"status-publish","4":"has-post-thumbnail","6":"product_cat-strahltechnik","7":"product_cat-saugkopfstrahlgeraete","9":"first","10":"instock","11":"taxable","12":"shipping-taxable","13":"purchasable","14":"product-type-simple"},"acf":[],"yoast_head":"<!-- This site is optimized with the Yoast SEO plugin v22.4 - https:\/\/yoast.com\/wordpress\/plugins\/seo\/ -->\n<title>R\u00fccksaugung f\u00fcr Rosetta - Shop Kremlin<\/title>\n<meta name=\"description\" content=\"Staubfreies Strahlen mit R\u00fccksaugung, f\u00fcr Renovationen, Maler, Schreiner, Steinmetze, usw. F\u00fcr Handwerk und Gewerbe geeignet.\" \/>\n<meta name=\"robots\" content=\"index, follow, max-snippet:-1, max-image-preview:large, max-video-preview:-1\" \/>\n<link rel=\"canonical\" href=\"https:\/\/shop.kremlin.ch\/fr\/shop\/strahlgeraet-rosetta-mit-ruecksaugung\/\" \/>\n<meta property=\"og:locale\" content=\"fr_FR\" \/>\n<meta property=\"og:type\" content=\"article\" \/>\n<meta property=\"og:title\" content=\"R\u00fccksaugung f\u00fcr Rosetta - Shop Kremlin\" \/>\n<meta property=\"og:description\" content=\"Staubfreies Strahlen mit R\u00fccksaugung, f\u00fcr Renovationen, Maler, Schreiner, Steinmetze, usw. F\u00fcr Handwerk und Gewerbe geeignet.\" \/>\n<meta property=\"og:url\" content=\"https:\/\/shop.kremlin.ch\/fr\/shop\/strahlgeraet-rosetta-mit-ruecksaugung\/\" \/>\n<meta property=\"og:site_name\" content=\"Shop Kremlin\" \/>\n<meta property=\"article:publisher\" content=\"https:\/\/www.facebook.com\/klipsag\" \/>\n<meta property=\"article:modified_time\" content=\"2025-05-22T11:42:40+00:00\" \/>\n<meta property=\"og:image\" content=\"https:\/\/shop.kremlin.ch\/wp-content\/uploads\/2025\/05\/Rosetta-und-Hasqvarna-Sauger.png\" \/>\n\t<meta property=\"og:image:width\" content=\"1230\" \/>\n\t<meta property=\"og:image:height\" content=\"1230\" \/>\n\t<meta property=\"og:image:type\" content=\"image\/png\" \/>\n<meta name=\"twitter:card\" content=\"summary_large_image\" \/>\n<meta name=\"twitter:label1\" content=\"Dur\u00e9e de lecture estim\u00e9e\" \/>\n\t<meta name=\"twitter:data1\" content=\"2 minutes\" \/>\n<script type=\"application\/ld+json\" class=\"yoast-schema-graph\">{\"@context\":\"https:\/\/schema.org\",\"@graph\":[{\"@type\":\"WebPage\",\"@id\":\"https:\/\/shop.kremlin.ch\/fr\/shop\/strahlgeraet-rosetta-mit-ruecksaugung\/\",\"url\":\"https:\/\/shop.kremlin.ch\/fr\/shop\/strahlgeraet-rosetta-mit-ruecksaugung\/\",\"name\":\"R\u00fccksaugung f\u00fcr Rosetta - Shop Kremlin\",\"isPartOf\":{\"@id\":\"https:\/\/shop.kremlin.ch\/fr\/#website\"},\"primaryImageOfPage\":{\"@id\":\"https:\/\/shop.kremlin.ch\/fr\/shop\/strahlgeraet-rosetta-mit-ruecksaugung\/#primaryimage\"},\"image\":{\"@id\":\"https:\/\/shop.kremlin.ch\/fr\/shop\/strahlgeraet-rosetta-mit-ruecksaugung\/#primaryimage\"},\"thumbnailUrl\":\"https:\/\/shop.kremlin.ch\/wp-content\/uploads\/2025\/05\/Rosetta-und-Hasqvarna-Sauger.png\",\"datePublished\":\"2025-05-07T15:07:18+00:00\",\"dateModified\":\"2025-05-22T11:42:40+00:00\",\"description\":\"Staubfreies Strahlen mit R\u00fccksaugung, f\u00fcr Renovationen, Maler, Schreiner, Steinmetze, usw. F\u00fcr Handwerk und Gewerbe geeignet.\",\"breadcrumb\":{\"@id\":\"https:\/\/shop.kremlin.ch\/fr\/shop\/strahlgeraet-rosetta-mit-ruecksaugung\/#breadcrumb\"},\"inLanguage\":\"fr-FR\",\"potentialAction\":[{\"@type\":\"ReadAction\",\"target\":[\"https:\/\/shop.kremlin.ch\/fr\/shop\/strahlgeraet-rosetta-mit-ruecksaugung\/\"]}]},{\"@type\":\"ImageObject\",\"inLanguage\":\"fr-FR\",\"@id\":\"https:\/\/shop.kremlin.ch\/fr\/shop\/strahlgeraet-rosetta-mit-ruecksaugung\/#primaryimage\",\"url\":\"https:\/\/shop.kremlin.ch\/wp-content\/uploads\/2025\/05\/Rosetta-und-Hasqvarna-Sauger.png\",\"contentUrl\":\"https:\/\/shop.kremlin.ch\/wp-content\/uploads\/2025\/05\/Rosetta-und-Hasqvarna-Sauger.png\",\"width\":1230,\"height\":1230,\"caption\":\"Rosetta und Hasqvarna Sauger\"},{\"@type\":\"BreadcrumbList\",\"@id\":\"https:\/\/shop.kremlin.ch\/fr\/shop\/strahlgeraet-rosetta-mit-ruecksaugung\/#breadcrumb\",\"itemListElement\":[{\"@type\":\"ListItem\",\"position\":1,\"name\":\"Startseite\",\"item\":\"https:\/\/shop.kremlin.ch\/fr\/boutique\/\"},{\"@type\":\"ListItem\",\"position\":2,\"name\":\"Boutique\",\"item\":\"https:\/\/shop.kremlin.ch\/fr\/boutique\/\"},{\"@type\":\"ListItem\",\"position\":3,\"name\":\"R\u00fccksaugung f\u00fcr Rosetta\"}]},{\"@type\":\"WebSite\",\"@id\":\"https:\/\/shop.kremlin.ch\/fr\/#website\",\"url\":\"https:\/\/shop.kremlin.ch\/fr\/\",\"name\":\"Shop Kremlin\",\"description\":\"Spritzger\u00e4te und Strahlger\u00e4te mit Zubeh\u00f6r\",\"publisher\":{\"@id\":\"https:\/\/shop.kremlin.ch\/fr\/#organization\"},\"potentialAction\":[{\"@type\":\"SearchAction\",\"target\":{\"@type\":\"EntryPoint\",\"urlTemplate\":\"https:\/\/shop.kremlin.ch\/fr\/?s={search_term_string}\"},\"query-input\":\"required name=search_term_string\"}],\"inLanguage\":\"fr-FR\"},{\"@type\":\"Organization\",\"@id\":\"https:\/\/shop.kremlin.ch\/fr\/#organization\",\"name\":\"Shop Kremlin\",\"url\":\"https:\/\/shop.kremlin.ch\/fr\/\",\"logo\":{\"@type\":\"ImageObject\",\"inLanguage\":\"fr-FR\",\"@id\":\"https:\/\/shop.kremlin.ch\/fr\/#\/schema\/logo\/image\/\",\"url\":\"https:\/\/www.shop.kremlin.ch\/wp-content\/uploads\/2022\/04\/logo.png\",\"contentUrl\":\"https:\/\/www.shop.kremlin.ch\/wp-content\/uploads\/2022\/04\/logo.png\",\"width\":506,\"height\":506,\"caption\":\"Shop Kremlin\"},\"image\":{\"@id\":\"https:\/\/shop.kremlin.ch\/fr\/#\/schema\/logo\/image\/\"},\"sameAs\":[\"https:\/\/www.facebook.com\/klipsag\",\"https:\/\/www.instagram.com\/k.lipsag\/\",\"https:\/\/www.youtube.com\/c\/KLipsAG\",\"https:\/\/www.tiktok.com\/@klipsag\",\"https:\/\/www.linkedin.com\/company\/k-lips-ag\/\"]}]}<\/script>\n<!-- \/ Yoast SEO plugin. -->","yoast_head_json":{"title":"R\u00fccksaugung f\u00fcr Rosetta - Shop Kremlin","description":"Staubfreies Strahlen mit R\u00fccksaugung, f\u00fcr Renovationen, Maler, Schreiner, Steinmetze, usw. F\u00fcr Handwerk und Gewerbe geeignet.","robots":{"index":"index","follow":"follow","max-snippet":"max-snippet:-1","max-image-preview":"max-image-preview:large","max-video-preview":"max-video-preview:-1"},"canonical":"https:\/\/shop.kremlin.ch\/fr\/shop\/strahlgeraet-rosetta-mit-ruecksaugung\/","og_locale":"fr_FR","og_type":"article","og_title":"R\u00fccksaugung f\u00fcr Rosetta - Shop Kremlin","og_description":"Staubfreies Strahlen mit R\u00fccksaugung, f\u00fcr Renovationen, Maler, Schreiner, Steinmetze, usw. F\u00fcr Handwerk und Gewerbe geeignet.","og_url":"https:\/\/shop.kremlin.ch\/fr\/shop\/strahlgeraet-rosetta-mit-ruecksaugung\/","og_site_name":"Shop Kremlin","article_publisher":"https:\/\/www.facebook.com\/klipsag","article_modified_time":"2025-05-22T11:42:40+00:00","og_image":[{"width":1230,"height":1230,"url":"https:\/\/shop.kremlin.ch\/wp-content\/uploads\/2025\/05\/Rosetta-und-Hasqvarna-Sauger.png","type":"image\/png"}],"twitter_card":"summary_large_image","twitter_misc":{"Dur\u00e9e de lecture estim\u00e9e":"2 minutes"},"schema":{"@context":"https:\/\/schema.org","@graph":[{"@type":"WebPage","@id":"https:\/\/shop.kremlin.ch\/fr\/shop\/strahlgeraet-rosetta-mit-ruecksaugung\/","url":"https:\/\/shop.kremlin.ch\/fr\/shop\/strahlgeraet-rosetta-mit-ruecksaugung\/","name":"R\u00fccksaugung f\u00fcr Rosetta - Shop Kremlin","isPartOf":{"@id":"https:\/\/shop.kremlin.ch\/fr\/#website"},"primaryImageOfPage":{"@id":"https:\/\/shop.kremlin.ch\/fr\/shop\/strahlgeraet-rosetta-mit-ruecksaugung\/#primaryimage"},"image":{"@id":"https:\/\/shop.kremlin.ch\/fr\/shop\/strahlgeraet-rosetta-mit-ruecksaugung\/#primaryimage"},"thumbnailUrl":"https:\/\/shop.kremlin.ch\/wp-content\/uploads\/2025\/05\/Rosetta-und-Hasqvarna-Sauger.png","datePublished":"2025-05-07T15:07:18+00:00","dateModified":"2025-05-22T11:42:40+00:00","description":"Staubfreies Strahlen mit R\u00fccksaugung, f\u00fcr Renovationen, Maler, Schreiner, Steinmetze, usw. F\u00fcr Handwerk und Gewerbe geeignet.","breadcrumb":{"@id":"https:\/\/shop.kremlin.ch\/fr\/shop\/strahlgeraet-rosetta-mit-ruecksaugung\/#breadcrumb"},"inLanguage":"fr-FR","potentialAction":[{"@type":"ReadAction","target":["https:\/\/shop.kremlin.ch\/fr\/shop\/strahlgeraet-rosetta-mit-ruecksaugung\/"]}]},{"@type":"ImageObject","inLanguage":"fr-FR","@id":"https:\/\/shop.kremlin.ch\/fr\/shop\/strahlgeraet-rosetta-mit-ruecksaugung\/#primaryimage","url":"https:\/\/shop.kremlin.ch\/wp-content\/uploads\/2025\/05\/Rosetta-und-Hasqvarna-Sauger.png","contentUrl":"https:\/\/shop.kremlin.ch\/wp-content\/uploads\/2025\/05\/Rosetta-und-Hasqvarna-Sauger.png","width":1230,"height":1230,"caption":"Rosetta und Hasqvarna Sauger"},{"@type":"BreadcrumbList","@id":"https:\/\/shop.kremlin.ch\/fr\/shop\/strahlgeraet-rosetta-mit-ruecksaugung\/#breadcrumb","itemListElement":[{"@type":"ListItem","position":1,"name":"Startseite","item":"https:\/\/shop.kremlin.ch\/fr\/boutique\/"},{"@type":"ListItem","position":2,"name":"Boutique","item":"https:\/\/shop.kremlin.ch\/fr\/boutique\/"},{"@type":"ListItem","position":3,"name":"R\u00fccksaugung f\u00fcr Rosetta"}]},{"@type":"WebSite","@id":"https:\/\/shop.kremlin.ch\/fr\/#website","url":"https:\/\/shop.kremlin.ch\/fr\/","name":"Shop Kremlin","description":"Spritzger\u00e4te und Strahlger\u00e4te mit Zubeh\u00f6r","publisher":{"@id":"https:\/\/shop.kremlin.ch\/fr\/#organization"},"potentialAction":[{"@type":"SearchAction","target":{"@type":"EntryPoint","urlTemplate":"https:\/\/shop.kremlin.ch\/fr\/?s={search_term_string}"},"query-input":"required name=search_term_string"}],"inLanguage":"fr-FR"},{"@type":"Organization","@id":"https:\/\/shop.kremlin.ch\/fr\/#organization","name":"Shop Kremlin","url":"https:\/\/shop.kremlin.ch\/fr\/","logo":{"@type":"ImageObject","inLanguage":"fr-FR","@id":"https:\/\/shop.kremlin.ch\/fr\/#\/schema\/logo\/image\/","url":"https:\/\/www.shop.kremlin.ch\/wp-content\/uploads\/2022\/04\/logo.png","contentUrl":"https:\/\/www.shop.kremlin.ch\/wp-content\/uploads\/2022\/04\/logo.png","width":506,"height":506,"caption":"Shop Kremlin"},"image":{"@id":"https:\/\/shop.kremlin.ch\/fr\/#\/schema\/logo\/image\/"},"sameAs":["https:\/\/www.facebook.com\/klipsag","https:\/\/www.instagram.com\/k.lipsag\/","https:\/\/www.youtube.com\/c\/KLipsAG","https:\/\/www.tiktok.com\/@klipsag","https:\/\/www.linkedin.com\/company\/k-lips-ag\/"]}]}},"_links":{"self":[{"href":"https:\/\/shop.kremlin.ch\/fr\/wp-json\/wp\/v2\/product\/6737","targetHints":{"allow":["GET"]}}],"collection":[{"href":"https:\/\/shop.kremlin.ch\/fr\/wp-json\/wp\/v2\/product"}],"about":[{"href":"https:\/\/shop.kremlin.ch\/fr\/wp-json\/wp\/v2\/types\/product"}],"replies":[{"embeddable":true,"href":"https:\/\/shop.kremlin.ch\/fr\/wp-json\/wp\/v2\/comments?post=6737"}],"wp:featuredmedia":[{"embeddable":true,"href":"https:\/\/shop.kremlin.ch\/fr\/wp-json\/wp\/v2\/media\/6747"}],"wp:attachment":[{"href":"https:\/\/shop.kremlin.ch\/fr\/wp-json\/wp\/v2\/media?parent=6737"}],"wp:term":[{"taxonomy":"product_brand","embeddable":true,"href":"https:\/\/shop.kremlin.ch\/fr\/wp-json\/wp\/v2\/product_brand?post=6737"},{"taxonomy":"product_cat","embeddable":true,"href":"https:\/\/shop.kremlin.ch\/fr\/wp-json\/wp\/v2\/product_cat?post=6737"},{"taxonomy":"product_tag","embeddable":true,"href":"https:\/\/shop.kremlin.ch\/fr\/wp-json\/wp\/v2\/product_tag?post=6737"}],"curies":[{"name":"wp","href":"https:\/\/api.w.org\/{rel}","templated":true}]}}