{"id":6765,"date":"2025-05-13T14:43:30","date_gmt":"2025-05-13T14:43:30","guid":{"rendered":"https:\/\/shop.kremlin.ch\/?post_type=product&#038;p=6765"},"modified":"2025-05-13T14:43:30","modified_gmt":"2025-05-13T14:43:30","slug":"sames-cyclomix-evo-misch-und-dosiersystem-2k-oder-3k","status":"publish","type":"product","link":"https:\/\/shop.kremlin.ch\/fr\/shop\/sames-cyclomix-evo-misch-und-dosiersystem-2k-oder-3k\/","title":{"rendered":"Sames Cyclomix EVO Misch- und Dosiersystem 2K oder 3k"},"content":{"rendered":"<div class=\"shortdesc\">Dank des patentierten Dosierprinzips, des optimierten Abfallmanagements sowie der Konnektivit\u00e4t erf\u00fcllt die modulare Dosiermaschine Cyclomix\u00ae Evo all Ihre Erwartungen.<\/div>\n<div><\/div>\n<h2><strong>Die beste Wahl f\u00fcr eine leistungsstarke und sorgenfreie Produktion!<\/strong><\/h2>\n<ul>\n<li>Perfektes Dosieren und Mischen<\/li>\n<li>Optimiertes Abfallmanagement<\/li>\n<li>Volle Konnektivit\u00e4t<\/li>\n<\/ul>\n<h2>Performance<\/h2>\n<ul>\n<li>Patentiertes Dosiersystem: Einspritzen des Katalysators in den Basisstrom<\/li>\n<li>Ultra schnelle Einspritzfrequenz dank unseres neuen Einspritzventils<\/li>\n<li>Mischgenauigkeit von +\/- 1%.<\/li>\n<\/ul>\n<h2>Produktivit\u00e4t<\/h2>\n<ul>\n<li>Steuerung von 2 unabh\u00e4ngigen Kreisl\u00e4ufen: Sp\u00fclung und Ansaugung sind unabh\u00e4ngig voneinander m\u00f6glich<\/li>\n<li>Erstellen Sie Ihre eigene Konfiguration einer 2K-Basisversion bis zu einer 3K-Version mit allen verf\u00fcgbaren Optionen<\/li>\n<li>Nur 2 Minuten Einarbeitungszeit f\u00fcr eine schnelle Inbetriebnahme erforderlich<\/li>\n<li>Kaufen Sie nur die Konfiguration, die Sie ben\u00f6tigen. Zahlen Sie nicht f\u00fcr Funktionen, die Sie selbst nicht brauchen.<\/li>\n<li>F\u00fcgen Sie Ihrer Cyclomix\u00ae EVO-Konfiguration jederzeit neue Funktionen hinzu, um Ihre Produktionskapazit\u00e4t zu erh\u00f6hen<\/li>\n<li>Ferndiagnose und Wartungsnachverfolgung zur Vermeidung von Produktionsausf\u00e4llen<\/li>\n<\/ul>\n<h2>Nachhaltigkeit<\/h2>\n<ul>\n<li>Reduzierung der Kosten und des Mischabfalls dank der Funktion \u00ab\u00a0Lackoptimierung\u00a0\u00bb.<\/li>\n<li>\u00dcberwachung von Produktions- und Wartungsdaten \u00fcber ein Smartphone m\u00f6glich<\/li>\n<li>Abruf von Produktions- und Wartungsdaten zur Optimierung Ihrer Produktionsanlagen<\/li>\n<li>Perfekt geeignet f\u00fcr Katalysatoren auf S\u00e4urebasis: eine breite Auswahl and Dichtungen und Gewinden f\u00fcr saure und basische Produkte.<\/li>\n<\/ul>\n<p><!--mep-nl--><\/p>\n<p>&nbsp;<\/p>\n<p>Die\u00a0<strong>modulare Dosiereinheit Cyclomix\u00ae Evo<\/strong>\u00a0ist kompatibel mit L\u00f6semittel- und Wasserlacken, S\u00e4urekatalysatoren sowie mit PU- oder Epoxy-Systemen. Sie bietet Ihnen:<br \/>\n<strong>Die perfekte Dosierung und Mischung<\/strong>: Die neue patentierte Einspritztechnologie\u00a0<strong>Spraymix<\/strong>\u00a0erm\u00f6glicht eine Vormischung am Einspritzpunkt. Das Einspritzen des Katalysators in einen Wirbel aus Grundmaterial gew\u00e4hrleistet eine perfekte Mischung und einen auftragsfertigen Lack. Ein intelligenter Dosieralgorithmus garantiert die Genauigkeit und Wiederholbarkeit des Mischungsverh\u00e4ltnisses, unabh\u00e4ngig von der erforderlichen Durchflussmenge und deren Schwankungen.<br \/>\n<strong>Hohe Produktivit\u00e4t<\/strong>: Neben der Basisversion, die 1 Basislack und 1 Katalysator steuert, erm\u00f6glicht unser modulares Angebot eine individuelle Aufstockung des Systems mit den gew\u00fcnschten Features, auch nachtr\u00e4glich. So k\u00f6nnen Sie z.B. ein Modul f\u00fcr zwei Spritzpistolen, diverse Materialregler sowie verschiedene Durchflussmesser ausw\u00e4hlen. Die Handhabung des Bedienfelds (HMI) ist intuitiv und erlaubt eine schnelle Einarbeitung.<br \/>\n<strong>Optimiertes Abfallmanagement<\/strong>: Die Funktion \u00ab\u00a0Lackoptimierung\u00a0\u00bb erm\u00f6glicht es Ihnen, bis zu 70 % der in den Schl\u00e4uchen verbliebenen Lackmenge zu verwenden. Das Design ist dahingehend konstruiert, dass Totzonen reduziert und die Sp\u00fclung erleichtert wird. Neben der Materialeinsparung profitieren Sie ebenfalls von einer Reduzierung des L\u00f6semittelverbrauchs. Eine autonome Ansaugung verhindert einen \u00fcberm\u00e4\u00dfigen Gebrauch an gemischtem Material.<br \/>\n<strong>Konnektivit\u00e4t<\/strong>: Mithilfe unserer\u00a0<strong>Sames<\/strong>App k\u00f6nnen Sie die Cyclomix\u00ae Evo steuern und \u00fcber Wartungsarbeiten alarmiert werden. S\u00e4mtliche Daten werden aufgezeichnet und k\u00f6nnen \u00fcber verschiedene Medien abgerufen werden (Excel-Datei, OPCua, Smartphone).<\/p>\n<p>&nbsp;<\/p>\n<p>Hier geht es zu der <a href=\"https:\/\/www.sames.com\/germany\/de\/product-cyclomix-evo-plural-component-electronic-mixing-dosing-system.html\">offiziellen Sames-Webseite.<\/a><\/p>\n<p><!--mep-nl--> <!--mep-nl--> <!--mep-nl--><\/p>\n","protected":false},"excerpt":{"rendered":"<div class=\"shortdesc\">Dank des patentierten Dosierprinzips, des optimierten Abfallmanagements sowie der Konnektivit\u00e4t erf\u00fcllt die modulare Dosiermaschine Cyclomix\u00ae Evo all Ihre Erwartungen.<\/div>\n<div><\/div>\n<h2><strong>Die beste Wahl f\u00fcr eine leistungsstarke und sorgenfreie Produktion!<\/strong><\/h2>\n<ul>\n<li>Perfektes Dosieren und Mischen<\/li>\n<li>Optimiertes Abfallmanagement<\/li>\n<li>Volle Konnektivit\u00e4t<\/li>\n<\/ul>\n<h2>Performance<\/h2>\n<ul>\n<li>Patentiertes Dosiersystem: Einspritzen des Katalysators in den Basisstrom<\/li>\n<li>Ultra schnelle Einspritzfrequenz dank unseres neuen Einspritzventils<\/li>\n<li>Mischgenauigkeit von +\/- 1%.<\/li>\n<\/ul>\n<h2>Produktivit\u00e4t<\/h2>\n<ul>\n<li>Steuerung von 2 unabh\u00e4ngigen Kreisl\u00e4ufen: Sp\u00fclung und Ansaugung sind unabh\u00e4ngig voneinander m\u00f6glich<\/li>\n<li>Erstellen Sie Ihre eigene Konfiguration einer 2K-Basisversion bis zu einer 3K-Version mit allen verf\u00fcgbaren Optionen<\/li>\n<li>Nur 2 Minuten Einarbeitungszeit f\u00fcr eine schnelle Inbetriebnahme erforderlich<\/li>\n<li>Kaufen Sie nur die Konfiguration, die Sie ben\u00f6tigen. Zahlen Sie nicht f\u00fcr Funktionen, die Sie selbst nicht brauchen.<\/li>\n<li>F\u00fcgen Sie Ihrer Cyclomix\u00ae EVO-Konfiguration jederzeit neue Funktionen hinzu, um Ihre Produktionskapazit\u00e4t zu erh\u00f6hen<\/li>\n<li>Ferndiagnose und Wartungsnachverfolgung zur Vermeidung von Produktionsausf\u00e4llen<\/li>\n<\/ul>\n<h2>Nachhaltigkeit<\/h2>\n<ul>\n<li>Reduzierung der Kosten und des Mischabfalls dank der Funktion \u00ab\u00a0Lackoptimierung\u00a0\u00bb.<\/li>\n<li>\u00dcberwachung von Produktions- und Wartungsdaten \u00fcber ein Smartphone m\u00f6glich<\/li>\n<li>Abruf von Produktions- und Wartungsdaten zur Optimierung Ihrer Produktionsanlagen<\/li>\n<li>Perfekt geeignet f\u00fcr Katalysatoren auf S\u00e4urebasis: eine breite Auswahl and Dichtungen und Gewinden f\u00fcr saure und basische Produkte.<\/li>\n<\/ul>\n<p><!--mep-nl--><\/p>\n<p>&nbsp;<\/p>\n<p>Die\u00a0<strong>modulare Dosiereinheit Cyclomix\u00ae Evo<\/strong>\u00a0ist kompatibel mit L\u00f6semittel- und Wasserlacken, S\u00e4urekatalysatoren sowie mit PU- oder Epoxy-Systemen. Sie bietet Ihnen:<br \/>\n<strong>Die perfekte Dosierung und Mischung<\/strong>: Die neue patentierte Einspritztechnologie\u00a0<strong>Spraymix<\/strong>\u00a0erm\u00f6glicht eine Vormischung am Einspritzpunkt. Das Einspritzen des Katalysators in einen Wirbel aus Grundmaterial gew\u00e4hrleistet eine perfekte Mischung und einen auftragsfertigen Lack. Ein intelligenter Dosieralgorithmus garantiert die Genauigkeit und Wiederholbarkeit des Mischungsverh\u00e4ltnisses, unabh\u00e4ngig von der erforderlichen Durchflussmenge und deren Schwankungen.<br \/>\n<strong>Hohe Produktivit\u00e4t<\/strong>: Neben der Basisversion, die 1 Basislack und 1 Katalysator steuert, erm\u00f6glicht unser modulares Angebot eine individuelle Aufstockung des Systems mit den gew\u00fcnschten Features, auch nachtr\u00e4glich. So k\u00f6nnen Sie z.B. ein Modul f\u00fcr zwei Spritzpistolen, diverse Materialregler sowie verschiedene Durchflussmesser ausw\u00e4hlen. Die Handhabung des Bedienfelds (HMI) ist intuitiv und erlaubt eine schnelle Einarbeitung.<br \/>\n<strong>Optimiertes Abfallmanagement<\/strong>: Die Funktion \u00ab\u00a0Lackoptimierung\u00a0\u00bb erm\u00f6glicht es Ihnen, bis zu 70 % der in den Schl\u00e4uchen verbliebenen Lackmenge zu verwenden. Das Design ist dahingehend konstruiert, dass Totzonen reduziert und die Sp\u00fclung erleichtert wird. Neben der Materialeinsparung profitieren Sie ebenfalls von einer Reduzierung des L\u00f6semittelverbrauchs. Eine autonome Ansaugung verhindert einen \u00fcberm\u00e4\u00dfigen Gebrauch an gemischtem Material.<br \/>\n<strong>Konnektivit\u00e4t<\/strong>: Mithilfe unserer\u00a0<strong>Sames<\/strong>App k\u00f6nnen Sie die Cyclomix\u00ae Evo steuern und \u00fcber Wartungsarbeiten alarmiert werden. S\u00e4mtliche Daten werden aufgezeichnet und k\u00f6nnen \u00fcber verschiedene Medien abgerufen werden (Excel-Datei, OPCua, Smartphone).<\/p>\n<p>&nbsp;<\/p>\n<p>Hier geht es zu der <a href=\"https:\/\/www.sames.com\/germany\/de\/product-cyclomix-evo-plural-component-electronic-mixing-dosing-system.html\">offiziellen Sames-Webseite.<\/a><\/p>\n<p>&nbsp;<\/p>\n<p>&nbsp;<\/p>\n<p>&nbsp;<\/p>\n<p><!--mep-nl--> <!--mep-nl--> <!--mep-nl--><\/p>\n","protected":false},"featured_media":6766,"comment_status":"open","ping_status":"closed","template":"","meta":[],"product_brand":[],"product_cat":[314,321],"product_tag":[],"class_list":{"0":"post-6765","1":"product","2":"type-product","3":"status-publish","4":"has-post-thumbnail","6":"product_cat-lackiertechnik","7":"product_cat-2k-mehrfach-anlagen","9":"first","10":"instock","11":"taxable","12":"shipping-taxable","13":"product-type-simple"},"acf":[],"yoast_head":"<!-- This site is optimized with the Yoast SEO plugin v22.4 - https:\/\/yoast.com\/wordpress\/plugins\/seo\/ -->\n<title>Sames Cyclomix EVO Misch- und Dosiersystem 2K oder 3k - Shop Kremlin<\/title>\n<meta name=\"description\" content=\"Dank des patentierten Dosierprinzips, des optimierten Abfallmanagements sowie der Konnektivit\u00e4t erf\u00fcllt die modulare Dosiermaschine all Ihre Erwartungen.\" \/>\n<meta name=\"robots\" content=\"index, follow, max-snippet:-1, max-image-preview:large, max-video-preview:-1\" \/>\n<link rel=\"canonical\" href=\"https:\/\/shop.kremlin.ch\/fr\/shop\/sames-cyclomix-evo-misch-und-dosiersystem-2k-oder-3k\/\" \/>\n<meta property=\"og:locale\" content=\"fr_FR\" \/>\n<meta property=\"og:type\" content=\"article\" \/>\n<meta property=\"og:title\" content=\"Sames Cyclomix EVO Misch- und Dosiersystem 2K oder 3k - Shop Kremlin\" \/>\n<meta property=\"og:description\" content=\"Dank des patentierten Dosierprinzips, des optimierten Abfallmanagements sowie der Konnektivit\u00e4t erf\u00fcllt die modulare Dosiermaschine all Ihre Erwartungen.\" \/>\n<meta property=\"og:url\" content=\"https:\/\/shop.kremlin.ch\/fr\/shop\/sames-cyclomix-evo-misch-und-dosiersystem-2k-oder-3k\/\" \/>\n<meta property=\"og:site_name\" content=\"Shop Kremlin\" \/>\n<meta property=\"article:publisher\" content=\"https:\/\/www.facebook.com\/klipsag\" \/>\n<meta property=\"og:image\" content=\"https:\/\/shop.kremlin.ch\/wp-content\/uploads\/2025\/05\/ece389a35acb21f342359d246f7656d21ad96a2fb1dd85971e44c1e7ae0aef095e3e5429a53ce63f8b9460605ea9bf69d652a92cc33b9e60f59f76160a42e59a.jpeg\" \/>\n\t<meta property=\"og:image:width\" content=\"535\" \/>\n\t<meta property=\"og:image:height\" content=\"535\" \/>\n\t<meta property=\"og:image:type\" content=\"image\/jpeg\" \/>\n<meta name=\"twitter:card\" content=\"summary_large_image\" \/>\n<meta name=\"twitter:label1\" content=\"Dur\u00e9e de lecture estim\u00e9e\" \/>\n\t<meta name=\"twitter:data1\" content=\"3 minutes\" \/>\n<script type=\"application\/ld+json\" class=\"yoast-schema-graph\">{\"@context\":\"https:\/\/schema.org\",\"@graph\":[{\"@type\":\"WebPage\",\"@id\":\"https:\/\/shop.kremlin.ch\/fr\/shop\/sames-cyclomix-evo-misch-und-dosiersystem-2k-oder-3k\/\",\"url\":\"https:\/\/shop.kremlin.ch\/fr\/shop\/sames-cyclomix-evo-misch-und-dosiersystem-2k-oder-3k\/\",\"name\":\"Sames Cyclomix EVO Misch- und Dosiersystem 2K oder 3k - Shop Kremlin\",\"isPartOf\":{\"@id\":\"https:\/\/shop.kremlin.ch\/fr\/#website\"},\"primaryImageOfPage\":{\"@id\":\"https:\/\/shop.kremlin.ch\/fr\/shop\/sames-cyclomix-evo-misch-und-dosiersystem-2k-oder-3k\/#primaryimage\"},\"image\":{\"@id\":\"https:\/\/shop.kremlin.ch\/fr\/shop\/sames-cyclomix-evo-misch-und-dosiersystem-2k-oder-3k\/#primaryimage\"},\"thumbnailUrl\":\"https:\/\/shop.kremlin.ch\/wp-content\/uploads\/2025\/05\/ece389a35acb21f342359d246f7656d21ad96a2fb1dd85971e44c1e7ae0aef095e3e5429a53ce63f8b9460605ea9bf69d652a92cc33b9e60f59f76160a42e59a.jpeg\",\"datePublished\":\"2025-05-13T14:43:30+00:00\",\"dateModified\":\"2025-05-13T14:43:30+00:00\",\"description\":\"Dank des patentierten Dosierprinzips, des optimierten Abfallmanagements sowie der Konnektivit\u00e4t erf\u00fcllt die modulare Dosiermaschine all Ihre Erwartungen.\",\"breadcrumb\":{\"@id\":\"https:\/\/shop.kremlin.ch\/fr\/shop\/sames-cyclomix-evo-misch-und-dosiersystem-2k-oder-3k\/#breadcrumb\"},\"inLanguage\":\"fr-FR\",\"potentialAction\":[{\"@type\":\"ReadAction\",\"target\":[\"https:\/\/shop.kremlin.ch\/fr\/shop\/sames-cyclomix-evo-misch-und-dosiersystem-2k-oder-3k\/\"]}]},{\"@type\":\"ImageObject\",\"inLanguage\":\"fr-FR\",\"@id\":\"https:\/\/shop.kremlin.ch\/fr\/shop\/sames-cyclomix-evo-misch-und-dosiersystem-2k-oder-3k\/#primaryimage\",\"url\":\"https:\/\/shop.kremlin.ch\/wp-content\/uploads\/2025\/05\/ece389a35acb21f342359d246f7656d21ad96a2fb1dd85971e44c1e7ae0aef095e3e5429a53ce63f8b9460605ea9bf69d652a92cc33b9e60f59f76160a42e59a.jpeg\",\"contentUrl\":\"https:\/\/shop.kremlin.ch\/wp-content\/uploads\/2025\/05\/ece389a35acb21f342359d246f7656d21ad96a2fb1dd85971e44c1e7ae0aef095e3e5429a53ce63f8b9460605ea9bf69d652a92cc33b9e60f59f76160a42e59a.jpeg\",\"width\":535,\"height\":535},{\"@type\":\"BreadcrumbList\",\"@id\":\"https:\/\/shop.kremlin.ch\/fr\/shop\/sames-cyclomix-evo-misch-und-dosiersystem-2k-oder-3k\/#breadcrumb\",\"itemListElement\":[{\"@type\":\"ListItem\",\"position\":1,\"name\":\"Startseite\",\"item\":\"https:\/\/shop.kremlin.ch\/fr\/boutique\/\"},{\"@type\":\"ListItem\",\"position\":2,\"name\":\"Boutique\",\"item\":\"https:\/\/shop.kremlin.ch\/fr\/boutique\/\"},{\"@type\":\"ListItem\",\"position\":3,\"name\":\"Sames Cyclomix EVO Misch- und Dosiersystem 2K oder 3k\"}]},{\"@type\":\"WebSite\",\"@id\":\"https:\/\/shop.kremlin.ch\/fr\/#website\",\"url\":\"https:\/\/shop.kremlin.ch\/fr\/\",\"name\":\"Shop Kremlin\",\"description\":\"Spritzger\u00e4te und Strahlger\u00e4te mit Zubeh\u00f6r\",\"publisher\":{\"@id\":\"https:\/\/shop.kremlin.ch\/fr\/#organization\"},\"potentialAction\":[{\"@type\":\"SearchAction\",\"target\":{\"@type\":\"EntryPoint\",\"urlTemplate\":\"https:\/\/shop.kremlin.ch\/fr\/?s={search_term_string}\"},\"query-input\":\"required name=search_term_string\"}],\"inLanguage\":\"fr-FR\"},{\"@type\":\"Organization\",\"@id\":\"https:\/\/shop.kremlin.ch\/fr\/#organization\",\"name\":\"Shop Kremlin\",\"url\":\"https:\/\/shop.kremlin.ch\/fr\/\",\"logo\":{\"@type\":\"ImageObject\",\"inLanguage\":\"fr-FR\",\"@id\":\"https:\/\/shop.kremlin.ch\/fr\/#\/schema\/logo\/image\/\",\"url\":\"https:\/\/www.shop.kremlin.ch\/wp-content\/uploads\/2022\/04\/logo.png\",\"contentUrl\":\"https:\/\/www.shop.kremlin.ch\/wp-content\/uploads\/2022\/04\/logo.png\",\"width\":506,\"height\":506,\"caption\":\"Shop Kremlin\"},\"image\":{\"@id\":\"https:\/\/shop.kremlin.ch\/fr\/#\/schema\/logo\/image\/\"},\"sameAs\":[\"https:\/\/www.facebook.com\/klipsag\",\"https:\/\/www.instagram.com\/k.lipsag\/\",\"https:\/\/www.youtube.com\/c\/KLipsAG\",\"https:\/\/www.tiktok.com\/@klipsag\",\"https:\/\/www.linkedin.com\/company\/k-lips-ag\/\"]}]}<\/script>\n<!-- \/ Yoast SEO plugin. -->","yoast_head_json":{"title":"Sames Cyclomix EVO Misch- und Dosiersystem 2K oder 3k - Shop Kremlin","description":"Dank des patentierten Dosierprinzips, des optimierten Abfallmanagements sowie der Konnektivit\u00e4t erf\u00fcllt die modulare Dosiermaschine all Ihre Erwartungen.","robots":{"index":"index","follow":"follow","max-snippet":"max-snippet:-1","max-image-preview":"max-image-preview:large","max-video-preview":"max-video-preview:-1"},"canonical":"https:\/\/shop.kremlin.ch\/fr\/shop\/sames-cyclomix-evo-misch-und-dosiersystem-2k-oder-3k\/","og_locale":"fr_FR","og_type":"article","og_title":"Sames Cyclomix EVO Misch- und Dosiersystem 2K oder 3k - Shop Kremlin","og_description":"Dank des patentierten Dosierprinzips, des optimierten Abfallmanagements sowie der Konnektivit\u00e4t erf\u00fcllt die modulare Dosiermaschine all Ihre Erwartungen.","og_url":"https:\/\/shop.kremlin.ch\/fr\/shop\/sames-cyclomix-evo-misch-und-dosiersystem-2k-oder-3k\/","og_site_name":"Shop Kremlin","article_publisher":"https:\/\/www.facebook.com\/klipsag","og_image":[{"width":535,"height":535,"url":"https:\/\/shop.kremlin.ch\/wp-content\/uploads\/2025\/05\/ece389a35acb21f342359d246f7656d21ad96a2fb1dd85971e44c1e7ae0aef095e3e5429a53ce63f8b9460605ea9bf69d652a92cc33b9e60f59f76160a42e59a.jpeg","type":"image\/jpeg"}],"twitter_card":"summary_large_image","twitter_misc":{"Dur\u00e9e de lecture estim\u00e9e":"3 minutes"},"schema":{"@context":"https:\/\/schema.org","@graph":[{"@type":"WebPage","@id":"https:\/\/shop.kremlin.ch\/fr\/shop\/sames-cyclomix-evo-misch-und-dosiersystem-2k-oder-3k\/","url":"https:\/\/shop.kremlin.ch\/fr\/shop\/sames-cyclomix-evo-misch-und-dosiersystem-2k-oder-3k\/","name":"Sames Cyclomix EVO Misch- und Dosiersystem 2K oder 3k - Shop Kremlin","isPartOf":{"@id":"https:\/\/shop.kremlin.ch\/fr\/#website"},"primaryImageOfPage":{"@id":"https:\/\/shop.kremlin.ch\/fr\/shop\/sames-cyclomix-evo-misch-und-dosiersystem-2k-oder-3k\/#primaryimage"},"image":{"@id":"https:\/\/shop.kremlin.ch\/fr\/shop\/sames-cyclomix-evo-misch-und-dosiersystem-2k-oder-3k\/#primaryimage"},"thumbnailUrl":"https:\/\/shop.kremlin.ch\/wp-content\/uploads\/2025\/05\/ece389a35acb21f342359d246f7656d21ad96a2fb1dd85971e44c1e7ae0aef095e3e5429a53ce63f8b9460605ea9bf69d652a92cc33b9e60f59f76160a42e59a.jpeg","datePublished":"2025-05-13T14:43:30+00:00","dateModified":"2025-05-13T14:43:30+00:00","description":"Dank des patentierten Dosierprinzips, des optimierten Abfallmanagements sowie der Konnektivit\u00e4t erf\u00fcllt die modulare Dosiermaschine all Ihre Erwartungen.","breadcrumb":{"@id":"https:\/\/shop.kremlin.ch\/fr\/shop\/sames-cyclomix-evo-misch-und-dosiersystem-2k-oder-3k\/#breadcrumb"},"inLanguage":"fr-FR","potentialAction":[{"@type":"ReadAction","target":["https:\/\/shop.kremlin.ch\/fr\/shop\/sames-cyclomix-evo-misch-und-dosiersystem-2k-oder-3k\/"]}]},{"@type":"ImageObject","inLanguage":"fr-FR","@id":"https:\/\/shop.kremlin.ch\/fr\/shop\/sames-cyclomix-evo-misch-und-dosiersystem-2k-oder-3k\/#primaryimage","url":"https:\/\/shop.kremlin.ch\/wp-content\/uploads\/2025\/05\/ece389a35acb21f342359d246f7656d21ad96a2fb1dd85971e44c1e7ae0aef095e3e5429a53ce63f8b9460605ea9bf69d652a92cc33b9e60f59f76160a42e59a.jpeg","contentUrl":"https:\/\/shop.kremlin.ch\/wp-content\/uploads\/2025\/05\/ece389a35acb21f342359d246f7656d21ad96a2fb1dd85971e44c1e7ae0aef095e3e5429a53ce63f8b9460605ea9bf69d652a92cc33b9e60f59f76160a42e59a.jpeg","width":535,"height":535},{"@type":"BreadcrumbList","@id":"https:\/\/shop.kremlin.ch\/fr\/shop\/sames-cyclomix-evo-misch-und-dosiersystem-2k-oder-3k\/#breadcrumb","itemListElement":[{"@type":"ListItem","position":1,"name":"Startseite","item":"https:\/\/shop.kremlin.ch\/fr\/boutique\/"},{"@type":"ListItem","position":2,"name":"Boutique","item":"https:\/\/shop.kremlin.ch\/fr\/boutique\/"},{"@type":"ListItem","position":3,"name":"Sames Cyclomix EVO Misch- und Dosiersystem 2K oder 3k"}]},{"@type":"WebSite","@id":"https:\/\/shop.kremlin.ch\/fr\/#website","url":"https:\/\/shop.kremlin.ch\/fr\/","name":"Shop Kremlin","description":"Spritzger\u00e4te und Strahlger\u00e4te mit Zubeh\u00f6r","publisher":{"@id":"https:\/\/shop.kremlin.ch\/fr\/#organization"},"potentialAction":[{"@type":"SearchAction","target":{"@type":"EntryPoint","urlTemplate":"https:\/\/shop.kremlin.ch\/fr\/?s={search_term_string}"},"query-input":"required name=search_term_string"}],"inLanguage":"fr-FR"},{"@type":"Organization","@id":"https:\/\/shop.kremlin.ch\/fr\/#organization","name":"Shop Kremlin","url":"https:\/\/shop.kremlin.ch\/fr\/","logo":{"@type":"ImageObject","inLanguage":"fr-FR","@id":"https:\/\/shop.kremlin.ch\/fr\/#\/schema\/logo\/image\/","url":"https:\/\/www.shop.kremlin.ch\/wp-content\/uploads\/2022\/04\/logo.png","contentUrl":"https:\/\/www.shop.kremlin.ch\/wp-content\/uploads\/2022\/04\/logo.png","width":506,"height":506,"caption":"Shop Kremlin"},"image":{"@id":"https:\/\/shop.kremlin.ch\/fr\/#\/schema\/logo\/image\/"},"sameAs":["https:\/\/www.facebook.com\/klipsag","https:\/\/www.instagram.com\/k.lipsag\/","https:\/\/www.youtube.com\/c\/KLipsAG","https:\/\/www.tiktok.com\/@klipsag","https:\/\/www.linkedin.com\/company\/k-lips-ag\/"]}]}},"_links":{"self":[{"href":"https:\/\/shop.kremlin.ch\/fr\/wp-json\/wp\/v2\/product\/6765","targetHints":{"allow":["GET"]}}],"collection":[{"href":"https:\/\/shop.kremlin.ch\/fr\/wp-json\/wp\/v2\/product"}],"about":[{"href":"https:\/\/shop.kremlin.ch\/fr\/wp-json\/wp\/v2\/types\/product"}],"replies":[{"embeddable":true,"href":"https:\/\/shop.kremlin.ch\/fr\/wp-json\/wp\/v2\/comments?post=6765"}],"wp:featuredmedia":[{"embeddable":true,"href":"https:\/\/shop.kremlin.ch\/fr\/wp-json\/wp\/v2\/media\/6766"}],"wp:attachment":[{"href":"https:\/\/shop.kremlin.ch\/fr\/wp-json\/wp\/v2\/media?parent=6765"}],"wp:term":[{"taxonomy":"product_brand","embeddable":true,"href":"https:\/\/shop.kremlin.ch\/fr\/wp-json\/wp\/v2\/product_brand?post=6765"},{"taxonomy":"product_cat","embeddable":true,"href":"https:\/\/shop.kremlin.ch\/fr\/wp-json\/wp\/v2\/product_cat?post=6765"},{"taxonomy":"product_tag","embeddable":true,"href":"https:\/\/shop.kremlin.ch\/fr\/wp-json\/wp\/v2\/product_tag?post=6765"}],"curies":[{"name":"wp","href":"https:\/\/api.w.org\/{rel}","templated":true}]}}